{"id":3293,"date":"2025-04-24T17:22:54","date_gmt":"2025-04-24T13:22:54","guid":{"rendered":"https:\/\/nutriagro.az\/?post_type=product&#038;p=3293"},"modified":"2025-11-19T13:10:00","modified_gmt":"2025-11-19T09:10:00","slug":"migma-ultra-16-8-24te-25-kq","status":"publish","type":"product","link":"https:\/\/nutriagro.az\/en\/mehsullar\/migma-ultra-16-8-24te-25-kq\/","title":{"rendered":"Migma ULTRA 16-8-24+TE 25 Kq"},"content":{"rendered":"<table>\n<tbody>\n<tr>\n<td><strong>QAR\u015eDIRILML\u015e NPK G\u00dcBR\u018fS\u0130<\/strong><\/td>\n<td><strong>%W\/W<\/strong><\/td>\n<\/tr>\n<tr>\n<td>\u00dcmumi Azot (N)<\/td>\n<td>16<\/td>\n<\/tr>\n<tr>\n<td>Ammonium Azot (NH4-N)<\/td>\n<td>7<\/td>\n<\/tr>\n<tr>\n<td>Nitrat Azot (NO3-N)<\/td>\n<td>9<\/td>\n<\/tr>\n<tr>\n<td>Suda h\u0259ll olunan fosfor pentoksidi (P2O5)<\/td>\n<td>8<\/td>\n<\/tr>\n<tr>\n<td>Suda h\u0259ll olunan kalium oksidi (K2O)<\/td>\n<td>24<\/td>\n<\/tr>\n<tr>\n<td>Suda h\u0259ll olunan bor (B)<\/td>\n<td>0.01<\/td>\n<\/tr>\n<tr>\n<td>Suda h\u0259ll olunan mis (Cu)*<\/td>\n<td>0.02<\/td>\n<\/tr>\n<tr>\n<td>Suda h\u0259ll olunan d\u0259mir (Fe)*<\/td>\n<td>0.02<\/td>\n<\/tr>\n<tr>\n<td>Suda h\u0259ll olunan manqan (Mn)*<\/td>\n<td>0.02<\/td>\n<\/tr>\n<tr>\n<td>Suda h\u0259ll olunan sink (Zn)*<\/td>\n<td>0.02<\/td>\n<\/tr>\n<tr>\n<td>Suda h\u0259ll olunan molibden (Mo)<\/td>\n<td>0.003<\/td>\n<\/tr>\n<\/tbody>\n<\/table>","protected":false},"excerpt":{"rendered":"<p>QAR\u015eDIRILML\u015e NPK G\u00dcBR\u018fS\u0130 %W\/W \u00dcmumi Azot (N) 16 Ammonium Azot (NH4-N) 7 Nitrat Azot (NO3-N) 9 Suda h\u0259ll olunan fosfor pentoksidi (P2O5) 8 Suda h\u0259ll olunan kalium oksidi (K2O) 24 Suda h\u0259ll olunan bor (B) 0.01 Suda h\u0259ll olunan mis (Cu)* 0.02 Suda h\u0259ll olunan d\u0259mir (Fe)* 0.02 Suda h\u0259ll olunan manqan (Mn)* 0.02 Suda&#8230;<\/p>","protected":false},"featured_media":3294,"template":"","meta":[],"product_brand":[],"product_cat":[69],"product_tag":[],"class_list":{"0":"post-3293","1":"product","2":"type-product","3":"status-publish","4":"has-post-thumbnail","6":"product_cat-npk-suda-hll-olunan-gubrlr","8":"first","9":"instock","10":"shipping-taxable","11":"product-type-simple"},"yoast_head":"<!-- This site is optimized with the Yoast SEO plugin v27.6 - https:\/\/yoast.com\/product\/yoast-seo-wordpress\/ -->\n<title>Migma ULTRA 16-8-24+TE 25 Kq - Nutri Agro<\/title>\n<meta name=\"robots\" content=\"index, follow, max-snippet:-1, max-image-preview:large, max-video-preview:-1\" \/>\n<link rel=\"canonical\" href=\"https:\/\/nutriagro.az\/en\/mehsullar\/migma-ultra-16-8-24te-25-kq\/\" \/>\n<meta property=\"og:locale\" content=\"en_US\" \/>\n<meta property=\"og:type\" content=\"article\" \/>\n<meta property=\"og:title\" content=\"Migma ULTRA 16-8-24+TE 25 Kq - Nutri Agro\" \/>\n<meta property=\"og:description\" content=\"QAR\u015eDIRILML\u015e NPK G\u00dcBR\u018fS\u0130 %W\/W \u00dcmumi Azot (N) 16 Ammonium Azot (NH4-N) 7 Nitrat Azot (NO3-N) 9 Suda h\u0259ll olunan fosfor pentoksidi (P2O5) 8 Suda h\u0259ll olunan kalium oksidi (K2O) 24 Suda h\u0259ll olunan bor (B) 0.01 Suda h\u0259ll olunan mis (Cu)* 0.02 Suda h\u0259ll olunan d\u0259mir (Fe)* 0.02 Suda h\u0259ll olunan manqan (Mn)* 0.02 Suda...\" \/>\n<meta property=\"og:url\" content=\"https:\/\/nutriagro.az\/en\/mehsullar\/migma-ultra-16-8-24te-25-kq\/\" \/>\n<meta property=\"og:site_name\" content=\"Nutri Agro\" \/>\n<meta property=\"article:modified_time\" content=\"2025-11-19T09:10:00+00:00\" \/>\n<meta property=\"og:image\" content=\"https:\/\/nutriagro.az\/wp-content\/uploads\/2025\/04\/migma_ultra_16-8-24te_25_kg-scaled.webp\" \/>\n\t<meta property=\"og:image:width\" content=\"1920\" \/>\n\t<meta property=\"og:image:height\" content=\"2560\" \/>\n\t<meta property=\"og:image:type\" content=\"image\/webp\" \/>\n<meta name=\"twitter:card\" content=\"summary_large_image\" \/>\n<meta name=\"twitter:label1\" content=\"Est. reading time\" \/>\n\t<meta name=\"twitter:data1\" content=\"1 minute\" \/>\n<script type=\"application\/ld+json\" class=\"yoast-schema-graph\">{\"@context\":\"https:\\\/\\\/schema.org\",\"@graph\":[{\"@type\":\"WebPage\",\"@id\":\"https:\\\/\\\/nutriagro.az\\\/mehsullar\\\/migma-ultra-16-8-24te-25-kq\\\/\",\"url\":\"https:\\\/\\\/nutriagro.az\\\/mehsullar\\\/migma-ultra-16-8-24te-25-kq\\\/\",\"name\":\"Migma ULTRA 16-8-24+TE 25 Kq - Nutri Agro\",\"isPartOf\":{\"@id\":\"https:\\\/\\\/nutriagro.az\\\/#website\"},\"primaryImageOfPage\":{\"@id\":\"https:\\\/\\\/nutriagro.az\\\/mehsullar\\\/migma-ultra-16-8-24te-25-kq\\\/#primaryimage\"},\"image\":{\"@id\":\"https:\\\/\\\/nutriagro.az\\\/mehsullar\\\/migma-ultra-16-8-24te-25-kq\\\/#primaryimage\"},\"thumbnailUrl\":\"https:\\\/\\\/nutriagro.az\\\/wp-content\\\/uploads\\\/2025\\\/04\\\/migma_ultra_16-8-24te_25_kg-scaled.webp\",\"datePublished\":\"2025-04-24T13:22:54+00:00\",\"dateModified\":\"2025-11-19T09:10:00+00:00\",\"breadcrumb\":{\"@id\":\"https:\\\/\\\/nutriagro.az\\\/mehsullar\\\/migma-ultra-16-8-24te-25-kq\\\/#breadcrumb\"},\"inLanguage\":\"en-US\",\"potentialAction\":[{\"@type\":\"ReadAction\",\"target\":[\"https:\\\/\\\/nutriagro.az\\\/mehsullar\\\/migma-ultra-16-8-24te-25-kq\\\/\"]}]},{\"@type\":\"ImageObject\",\"inLanguage\":\"en-US\",\"@id\":\"https:\\\/\\\/nutriagro.az\\\/mehsullar\\\/migma-ultra-16-8-24te-25-kq\\\/#primaryimage\",\"url\":\"https:\\\/\\\/nutriagro.az\\\/wp-content\\\/uploads\\\/2025\\\/04\\\/migma_ultra_16-8-24te_25_kg-scaled.webp\",\"contentUrl\":\"https:\\\/\\\/nutriagro.az\\\/wp-content\\\/uploads\\\/2025\\\/04\\\/migma_ultra_16-8-24te_25_kg-scaled.webp\",\"width\":1920,\"height\":2560,\"caption\":\"G\u00fcbr\u0259 Migma ULTRA 16-8-24+TE 25 Kq\"},{\"@type\":\"BreadcrumbList\",\"@id\":\"https:\\\/\\\/nutriagro.az\\\/mehsullar\\\/migma-ultra-16-8-24te-25-kq\\\/#breadcrumb\",\"itemListElement\":[{\"@type\":\"ListItem\",\"position\":1,\"name\":\"Home\",\"item\":\"https:\\\/\\\/nutriagro.az\\\/\"},{\"@type\":\"ListItem\",\"position\":2,\"name\":\"Products\",\"item\":\"https:\\\/\\\/nutriagro.az\\\/shop\\\/\"},{\"@type\":\"ListItem\",\"position\":3,\"name\":\"Migma ULTRA 16-8-24+TE 25 Kq\"}]},{\"@type\":\"WebSite\",\"@id\":\"https:\\\/\\\/nutriagro.az\\\/#website\",\"url\":\"https:\\\/\\\/nutriagro.az\\\/\",\"name\":\"Nutri Agro\",\"description\":\"\",\"potentialAction\":[{\"@type\":\"SearchAction\",\"target\":{\"@type\":\"EntryPoint\",\"urlTemplate\":\"https:\\\/\\\/nutriagro.az\\\/?s={search_term_string}\"},\"query-input\":{\"@type\":\"PropertyValueSpecification\",\"valueRequired\":true,\"valueName\":\"search_term_string\"}}],\"inLanguage\":\"en-US\"}]}<\/script>\n<!-- \/ Yoast SEO plugin. -->","yoast_head_json":{"title":"Migma ULTRA 16-8-24+TE 25 Kq - Nutri Agro","robots":{"index":"index","follow":"follow","max-snippet":"max-snippet:-1","max-image-preview":"max-image-preview:large","max-video-preview":"max-video-preview:-1"},"canonical":"https:\/\/nutriagro.az\/en\/mehsullar\/migma-ultra-16-8-24te-25-kq\/","og_locale":"en_US","og_type":"article","og_title":"Migma ULTRA 16-8-24+TE 25 Kq - Nutri Agro","og_description":"QAR\u015eDIRILML\u015e NPK G\u00dcBR\u018fS\u0130 %W\/W \u00dcmumi Azot (N) 16 Ammonium Azot (NH4-N) 7 Nitrat Azot (NO3-N) 9 Suda h\u0259ll olunan fosfor pentoksidi (P2O5) 8 Suda h\u0259ll olunan kalium oksidi (K2O) 24 Suda h\u0259ll olunan bor (B) 0.01 Suda h\u0259ll olunan mis (Cu)* 0.02 Suda h\u0259ll olunan d\u0259mir (Fe)* 0.02 Suda h\u0259ll olunan manqan (Mn)* 0.02 Suda...","og_url":"https:\/\/nutriagro.az\/en\/mehsullar\/migma-ultra-16-8-24te-25-kq\/","og_site_name":"Nutri Agro","article_modified_time":"2025-11-19T09:10:00+00:00","og_image":[{"width":1920,"height":2560,"url":"https:\/\/nutriagro.az\/wp-content\/uploads\/2025\/04\/migma_ultra_16-8-24te_25_kg-scaled.webp","type":"image\/webp"}],"twitter_card":"summary_large_image","twitter_misc":{"Est. reading time":"1 minute"},"schema":{"@context":"https:\/\/schema.org","@graph":[{"@type":"WebPage","@id":"https:\/\/nutriagro.az\/mehsullar\/migma-ultra-16-8-24te-25-kq\/","url":"https:\/\/nutriagro.az\/mehsullar\/migma-ultra-16-8-24te-25-kq\/","name":"Migma ULTRA 16-8-24+TE 25 Kq - Nutri Agro","isPartOf":{"@id":"https:\/\/nutriagro.az\/#website"},"primaryImageOfPage":{"@id":"https:\/\/nutriagro.az\/mehsullar\/migma-ultra-16-8-24te-25-kq\/#primaryimage"},"image":{"@id":"https:\/\/nutriagro.az\/mehsullar\/migma-ultra-16-8-24te-25-kq\/#primaryimage"},"thumbnailUrl":"https:\/\/nutriagro.az\/wp-content\/uploads\/2025\/04\/migma_ultra_16-8-24te_25_kg-scaled.webp","datePublished":"2025-04-24T13:22:54+00:00","dateModified":"2025-11-19T09:10:00+00:00","breadcrumb":{"@id":"https:\/\/nutriagro.az\/mehsullar\/migma-ultra-16-8-24te-25-kq\/#breadcrumb"},"inLanguage":"en-US","potentialAction":[{"@type":"ReadAction","target":["https:\/\/nutriagro.az\/mehsullar\/migma-ultra-16-8-24te-25-kq\/"]}]},{"@type":"ImageObject","inLanguage":"en-US","@id":"https:\/\/nutriagro.az\/mehsullar\/migma-ultra-16-8-24te-25-kq\/#primaryimage","url":"https:\/\/nutriagro.az\/wp-content\/uploads\/2025\/04\/migma_ultra_16-8-24te_25_kg-scaled.webp","contentUrl":"https:\/\/nutriagro.az\/wp-content\/uploads\/2025\/04\/migma_ultra_16-8-24te_25_kg-scaled.webp","width":1920,"height":2560,"caption":"G\u00fcbr\u0259 Migma ULTRA 16-8-24+TE 25 Kq"},{"@type":"BreadcrumbList","@id":"https:\/\/nutriagro.az\/mehsullar\/migma-ultra-16-8-24te-25-kq\/#breadcrumb","itemListElement":[{"@type":"ListItem","position":1,"name":"Home","item":"https:\/\/nutriagro.az\/"},{"@type":"ListItem","position":2,"name":"Products","item":"https:\/\/nutriagro.az\/shop\/"},{"@type":"ListItem","position":3,"name":"Migma ULTRA 16-8-24+TE 25 Kq"}]},{"@type":"WebSite","@id":"https:\/\/nutriagro.az\/#website","url":"https:\/\/nutriagro.az\/","name":"Nutri Agro","description":"","potentialAction":[{"@type":"SearchAction","target":{"@type":"EntryPoint","urlTemplate":"https:\/\/nutriagro.az\/?s={search_term_string}"},"query-input":{"@type":"PropertyValueSpecification","valueRequired":true,"valueName":"search_term_string"}}],"inLanguage":"en-US"}]}},"jetpack_sharing_enabled":true,"_links":{"self":[{"href":"https:\/\/nutriagro.az\/en\/wp-json\/wp\/v2\/product\/3293","targetHints":{"allow":["GET"]}}],"collection":[{"href":"https:\/\/nutriagro.az\/en\/wp-json\/wp\/v2\/product"}],"about":[{"href":"https:\/\/nutriagro.az\/en\/wp-json\/wp\/v2\/types\/product"}],"wp:featuredmedia":[{"embeddable":true,"href":"https:\/\/nutriagro.az\/en\/wp-json\/wp\/v2\/media\/3294"}],"wp:attachment":[{"href":"https:\/\/nutriagro.az\/en\/wp-json\/wp\/v2\/media?parent=3293"}],"wp:term":[{"taxonomy":"product_brand","embeddable":true,"href":"https:\/\/nutriagro.az\/en\/wp-json\/wp\/v2\/product_brand?post=3293"},{"taxonomy":"product_cat","embeddable":true,"href":"https:\/\/nutriagro.az\/en\/wp-json\/wp\/v2\/product_cat?post=3293"},{"taxonomy":"product_tag","embeddable":true,"href":"https:\/\/nutriagro.az\/en\/wp-json\/wp\/v2\/product_tag?post=3293"}],"curies":[{"name":"wp","href":"https:\/\/api.w.org\/{rel}","templated":true}]}}