{"id":3291,"date":"2025-04-24T16:58:37","date_gmt":"2025-04-24T12:58:37","guid":{"rendered":"https:\/\/nutriagro.az\/?post_type=product&#038;p=3291"},"modified":"2025-11-19T13:11:00","modified_gmt":"2025-11-19T09:11:00","slug":"migma-foliar-10-10-40te","status":"publish","type":"product","link":"https:\/\/nutriagro.az\/en\/mehsullar\/migma-foliar-10-10-40te\/","title":{"rendered":"Migma FOLIAR 10-10-40+TE"},"content":{"rendered":"<table>\n<tbody>\n<tr>\n<td><strong>QAR\u015eIQLANMI\u015e NPK G\u00dcBR\u018fS\u0130<\/strong><\/td>\n<td><strong>%W\/W<\/strong><\/td>\n<\/tr>\n<tr>\n<td>\u00dcmumi Azot (N)<\/td>\n<td>10<\/td>\n<\/tr>\n<tr>\n<td>Nitrat Azot (NO3-N)<\/td>\n<td>8<\/td>\n<\/tr>\n<tr>\n<td>Karbamid azotu (NH2-N)<\/td>\n<td>2<\/td>\n<\/tr>\n<tr>\n<td>Suda h\u0259ll olunan fosfor pentoksidi (P2O5)<\/td>\n<td>10<\/td>\n<\/tr>\n<tr>\n<td>Suda h\u0259ll olunan kalium oksidi (K2O)<\/td>\n<td>40<\/td>\n<\/tr>\n<tr>\n<td>Suda h\u0259ll olunan bor (B)<\/td>\n<td>0.01<\/td>\n<\/tr>\n<tr>\n<td>Suda h\u0259ll olunan mis (Cu) Tam EDTA xelatl\u0131<\/td>\n<td>0.01<\/td>\n<\/tr>\n<tr>\n<td>Suda h\u0259ll olunan d\u0259mir (Fe) Tamamil\u0259 EDTA xelatl\u0131<\/td>\n<td>0.04<\/td>\n<\/tr>\n<tr>\n<td>Suda h\u0259ll olunan manqan (Mn) Tamamil\u0259 EDTA xelatl\u0131<\/td>\n<td>0.02<\/td>\n<\/tr>\n<tr>\n<td>Suda h\u0259ll olunan sink (Zn) Tamamil\u0259 EDTA xelatl\u0131<\/td>\n<td>0.02<\/td>\n<\/tr>\n<tr>\n<td>Suda h\u0259ll olunan molibden (Mo)<\/td>\n<td>0.001<\/td>\n<\/tr>\n<\/tbody>\n<\/table>","protected":false},"excerpt":{"rendered":"<p>QAR\u015eIQLANMI\u015e NPK G\u00dcBR\u018fS\u0130 %W\/W \u00dcmumi Azot (N) 10 Nitrat Azot (NO3-N) 8 Karbamid azotu (NH2-N) 2 Suda h\u0259ll olunan fosfor pentoksidi (P2O5) 10 Suda h\u0259ll olunan kalium oksidi (K2O) 40 Suda h\u0259ll olunan bor (B) 0.01 Suda h\u0259ll olunan mis (Cu) Tam EDTA xelatl\u0131 0.01 Suda h\u0259ll olunan d\u0259mir (Fe) Tamamil\u0259 EDTA xelatl\u0131 0.04 Suda&#8230;<\/p>","protected":false},"featured_media":3292,"template":"","meta":[],"product_brand":[],"product_cat":[65],"product_tag":[],"class_list":{"0":"post-3291","1":"product","2":"type-product","3":"status-publish","4":"has-post-thumbnail","6":"product_cat-npk-yarpaq-gubrlri","8":"first","9":"instock","10":"shipping-taxable","11":"product-type-simple"},"yoast_head":"<!-- This site is optimized with the Yoast SEO plugin v27.4 - https:\/\/yoast.com\/product\/yoast-seo-wordpress\/ -->\n<title>Migma FOLIAR 10-10-40+TE - Nutri Agro<\/title>\n<meta name=\"robots\" content=\"index, follow, max-snippet:-1, max-image-preview:large, max-video-preview:-1\" \/>\n<link rel=\"canonical\" href=\"https:\/\/nutriagro.az\/en\/mehsullar\/migma-foliar-10-10-40te\/\" \/>\n<meta property=\"og:locale\" content=\"en_US\" \/>\n<meta property=\"og:type\" content=\"article\" \/>\n<meta property=\"og:title\" content=\"Migma FOLIAR 10-10-40+TE - Nutri Agro\" \/>\n<meta property=\"og:description\" content=\"QAR\u015eIQLANMI\u015e NPK G\u00dcBR\u018fS\u0130 %W\/W \u00dcmumi Azot (N) 10 Nitrat Azot (NO3-N) 8 Karbamid azotu (NH2-N) 2 Suda h\u0259ll olunan fosfor pentoksidi (P2O5) 10 Suda h\u0259ll olunan kalium oksidi (K2O) 40 Suda h\u0259ll olunan bor (B) 0.01 Suda h\u0259ll olunan mis (Cu) Tam EDTA xelatl\u0131 0.01 Suda h\u0259ll olunan d\u0259mir (Fe) Tamamil\u0259 EDTA xelatl\u0131 0.04 Suda...\" \/>\n<meta property=\"og:url\" content=\"https:\/\/nutriagro.az\/en\/mehsullar\/migma-foliar-10-10-40te\/\" \/>\n<meta property=\"og:site_name\" content=\"Nutri Agro\" \/>\n<meta property=\"article:modified_time\" content=\"2025-11-19T09:11:00+00:00\" \/>\n<meta property=\"og:image\" content=\"https:\/\/nutriagro.az\/wp-content\/uploads\/2025\/04\/migma_foliar_10-10-40te.webp\" \/>\n\t<meta property=\"og:image:width\" content=\"1950\" \/>\n\t<meta property=\"og:image:height\" content=\"1950\" \/>\n\t<meta property=\"og:image:type\" content=\"image\/webp\" \/>\n<meta name=\"twitter:card\" content=\"summary_large_image\" \/>\n<meta name=\"twitter:label1\" content=\"Est. reading time\" \/>\n\t<meta name=\"twitter:data1\" content=\"1 minute\" \/>\n<script type=\"application\/ld+json\" class=\"yoast-schema-graph\">{\"@context\":\"https:\\\/\\\/schema.org\",\"@graph\":[{\"@type\":\"WebPage\",\"@id\":\"https:\\\/\\\/nutriagro.az\\\/mehsullar\\\/migma-foliar-10-10-40te\\\/\",\"url\":\"https:\\\/\\\/nutriagro.az\\\/mehsullar\\\/migma-foliar-10-10-40te\\\/\",\"name\":\"Migma FOLIAR 10-10-40+TE - Nutri Agro\",\"isPartOf\":{\"@id\":\"https:\\\/\\\/nutriagro.az\\\/#website\"},\"primaryImageOfPage\":{\"@id\":\"https:\\\/\\\/nutriagro.az\\\/mehsullar\\\/migma-foliar-10-10-40te\\\/#primaryimage\"},\"image\":{\"@id\":\"https:\\\/\\\/nutriagro.az\\\/mehsullar\\\/migma-foliar-10-10-40te\\\/#primaryimage\"},\"thumbnailUrl\":\"https:\\\/\\\/nutriagro.az\\\/wp-content\\\/uploads\\\/2025\\\/04\\\/migma_foliar_10-10-40te.webp\",\"datePublished\":\"2025-04-24T12:58:37+00:00\",\"dateModified\":\"2025-11-19T09:11:00+00:00\",\"breadcrumb\":{\"@id\":\"https:\\\/\\\/nutriagro.az\\\/mehsullar\\\/migma-foliar-10-10-40te\\\/#breadcrumb\"},\"inLanguage\":\"en-US\",\"potentialAction\":[{\"@type\":\"ReadAction\",\"target\":[\"https:\\\/\\\/nutriagro.az\\\/mehsullar\\\/migma-foliar-10-10-40te\\\/\"]}]},{\"@type\":\"ImageObject\",\"inLanguage\":\"en-US\",\"@id\":\"https:\\\/\\\/nutriagro.az\\\/mehsullar\\\/migma-foliar-10-10-40te\\\/#primaryimage\",\"url\":\"https:\\\/\\\/nutriagro.az\\\/wp-content\\\/uploads\\\/2025\\\/04\\\/migma_foliar_10-10-40te.webp\",\"contentUrl\":\"https:\\\/\\\/nutriagro.az\\\/wp-content\\\/uploads\\\/2025\\\/04\\\/migma_foliar_10-10-40te.webp\",\"width\":1950,\"height\":1950,\"caption\":\"Migma FOLIAR G\u00fcbr\u0259si 10-10-40+TE\"},{\"@type\":\"BreadcrumbList\",\"@id\":\"https:\\\/\\\/nutriagro.az\\\/mehsullar\\\/migma-foliar-10-10-40te\\\/#breadcrumb\",\"itemListElement\":[{\"@type\":\"ListItem\",\"position\":1,\"name\":\"Home\",\"item\":\"https:\\\/\\\/nutriagro.az\\\/\"},{\"@type\":\"ListItem\",\"position\":2,\"name\":\"Products\",\"item\":\"https:\\\/\\\/nutriagro.az\\\/shop\\\/\"},{\"@type\":\"ListItem\",\"position\":3,\"name\":\"Migma FOLIAR 10-10-40+TE\"}]},{\"@type\":\"WebSite\",\"@id\":\"https:\\\/\\\/nutriagro.az\\\/#website\",\"url\":\"https:\\\/\\\/nutriagro.az\\\/\",\"name\":\"Nutri Agro\",\"description\":\"\",\"potentialAction\":[{\"@type\":\"SearchAction\",\"target\":{\"@type\":\"EntryPoint\",\"urlTemplate\":\"https:\\\/\\\/nutriagro.az\\\/?s={search_term_string}\"},\"query-input\":{\"@type\":\"PropertyValueSpecification\",\"valueRequired\":true,\"valueName\":\"search_term_string\"}}],\"inLanguage\":\"en-US\"}]}<\/script>\n<!-- \/ Yoast SEO plugin. -->","yoast_head_json":{"title":"Migma FOLIAR 10-10-40+TE - Nutri Agro","robots":{"index":"index","follow":"follow","max-snippet":"max-snippet:-1","max-image-preview":"max-image-preview:large","max-video-preview":"max-video-preview:-1"},"canonical":"https:\/\/nutriagro.az\/en\/mehsullar\/migma-foliar-10-10-40te\/","og_locale":"en_US","og_type":"article","og_title":"Migma FOLIAR 10-10-40+TE - Nutri Agro","og_description":"QAR\u015eIQLANMI\u015e NPK G\u00dcBR\u018fS\u0130 %W\/W \u00dcmumi Azot (N) 10 Nitrat Azot (NO3-N) 8 Karbamid azotu (NH2-N) 2 Suda h\u0259ll olunan fosfor pentoksidi (P2O5) 10 Suda h\u0259ll olunan kalium oksidi (K2O) 40 Suda h\u0259ll olunan bor (B) 0.01 Suda h\u0259ll olunan mis (Cu) Tam EDTA xelatl\u0131 0.01 Suda h\u0259ll olunan d\u0259mir (Fe) Tamamil\u0259 EDTA xelatl\u0131 0.04 Suda...","og_url":"https:\/\/nutriagro.az\/en\/mehsullar\/migma-foliar-10-10-40te\/","og_site_name":"Nutri Agro","article_modified_time":"2025-11-19T09:11:00+00:00","og_image":[{"width":1950,"height":1950,"url":"https:\/\/nutriagro.az\/wp-content\/uploads\/2025\/04\/migma_foliar_10-10-40te.webp","type":"image\/webp"}],"twitter_card":"summary_large_image","twitter_misc":{"Est. reading time":"1 minute"},"schema":{"@context":"https:\/\/schema.org","@graph":[{"@type":"WebPage","@id":"https:\/\/nutriagro.az\/mehsullar\/migma-foliar-10-10-40te\/","url":"https:\/\/nutriagro.az\/mehsullar\/migma-foliar-10-10-40te\/","name":"Migma FOLIAR 10-10-40+TE - Nutri Agro","isPartOf":{"@id":"https:\/\/nutriagro.az\/#website"},"primaryImageOfPage":{"@id":"https:\/\/nutriagro.az\/mehsullar\/migma-foliar-10-10-40te\/#primaryimage"},"image":{"@id":"https:\/\/nutriagro.az\/mehsullar\/migma-foliar-10-10-40te\/#primaryimage"},"thumbnailUrl":"https:\/\/nutriagro.az\/wp-content\/uploads\/2025\/04\/migma_foliar_10-10-40te.webp","datePublished":"2025-04-24T12:58:37+00:00","dateModified":"2025-11-19T09:11:00+00:00","breadcrumb":{"@id":"https:\/\/nutriagro.az\/mehsullar\/migma-foliar-10-10-40te\/#breadcrumb"},"inLanguage":"en-US","potentialAction":[{"@type":"ReadAction","target":["https:\/\/nutriagro.az\/mehsullar\/migma-foliar-10-10-40te\/"]}]},{"@type":"ImageObject","inLanguage":"en-US","@id":"https:\/\/nutriagro.az\/mehsullar\/migma-foliar-10-10-40te\/#primaryimage","url":"https:\/\/nutriagro.az\/wp-content\/uploads\/2025\/04\/migma_foliar_10-10-40te.webp","contentUrl":"https:\/\/nutriagro.az\/wp-content\/uploads\/2025\/04\/migma_foliar_10-10-40te.webp","width":1950,"height":1950,"caption":"Migma FOLIAR G\u00fcbr\u0259si 10-10-40+TE"},{"@type":"BreadcrumbList","@id":"https:\/\/nutriagro.az\/mehsullar\/migma-foliar-10-10-40te\/#breadcrumb","itemListElement":[{"@type":"ListItem","position":1,"name":"Home","item":"https:\/\/nutriagro.az\/"},{"@type":"ListItem","position":2,"name":"Products","item":"https:\/\/nutriagro.az\/shop\/"},{"@type":"ListItem","position":3,"name":"Migma FOLIAR 10-10-40+TE"}]},{"@type":"WebSite","@id":"https:\/\/nutriagro.az\/#website","url":"https:\/\/nutriagro.az\/","name":"Nutri Agro","description":"","potentialAction":[{"@type":"SearchAction","target":{"@type":"EntryPoint","urlTemplate":"https:\/\/nutriagro.az\/?s={search_term_string}"},"query-input":{"@type":"PropertyValueSpecification","valueRequired":true,"valueName":"search_term_string"}}],"inLanguage":"en-US"}]}},"jetpack_sharing_enabled":true,"_links":{"self":[{"href":"https:\/\/nutriagro.az\/en\/wp-json\/wp\/v2\/product\/3291","targetHints":{"allow":["GET"]}}],"collection":[{"href":"https:\/\/nutriagro.az\/en\/wp-json\/wp\/v2\/product"}],"about":[{"href":"https:\/\/nutriagro.az\/en\/wp-json\/wp\/v2\/types\/product"}],"wp:featuredmedia":[{"embeddable":true,"href":"https:\/\/nutriagro.az\/en\/wp-json\/wp\/v2\/media\/3292"}],"wp:attachment":[{"href":"https:\/\/nutriagro.az\/en\/wp-json\/wp\/v2\/media?parent=3291"}],"wp:term":[{"taxonomy":"product_brand","embeddable":true,"href":"https:\/\/nutriagro.az\/en\/wp-json\/wp\/v2\/product_brand?post=3291"},{"taxonomy":"product_cat","embeddable":true,"href":"https:\/\/nutriagro.az\/en\/wp-json\/wp\/v2\/product_cat?post=3291"},{"taxonomy":"product_tag","embeddable":true,"href":"https:\/\/nutriagro.az\/en\/wp-json\/wp\/v2\/product_tag?post=3291"}],"curies":[{"name":"wp","href":"https:\/\/api.w.org\/{rel}","templated":true}]}}