{"id":3274,"date":"2025-12-09T16:43:35","date_gmt":"2025-12-09T12:43:35","guid":{"rendered":"https:\/\/nutriagro.az\/?post_type=product&#038;p=3274"},"modified":"2025-12-11T16:33:01","modified_gmt":"2025-12-11T12:33:01","slug":"migma-nitro-potasio-3-0-30","status":"publish","type":"product","link":"https:\/\/nutriagro.az\/en\/mehsullar\/migma-nitro-potasio-3-0-30\/","title":{"rendered":"Migma Nitro Potasio 3-0-30"},"content":{"rendered":"<p><strong>\u0130ST\u0130FAD\u018f SAH\u018fS\u0130, \u00dcSULU, VAXT V\u018f M\u018fBL\u018f\u011e\u0130<\/strong><\/p>\n<p>&nbsp;<\/p>\n<p>EC FERTILIZER NK Fertilizer Solution<\/p>\n<p>&nbsp;<\/p>\n<table>\n<tbody>\n<tr>\n<td><strong>m\u0259hsul<\/strong><\/td>\n<td><strong>M\u00fcraci\u0259t m\u00fcdd\u0259ti<\/strong><\/td>\n<td><strong>Torpaq T\u0259tbiqi<\/strong><\/td>\n<td><strong>Yaprak t\u0259tbiqi<\/strong><\/td>\n<\/tr>\n<tr>\n<td>\u0130ST\u018fN\u0130\u015e V\u018f A\u00c7IQ T\u018fR\u018fZ\u018f T\u018fR\u018fV\u018fZ\u0130 (Pomidor, Bib\u0259r, Xiyar, Bad\u0131mcan, Lobya, \u00c7iy\u0259l\u0259k v\u0259 s.)<\/td>\n<td>Meyv\u0259nin formala\u015fmas\u0131ndan m\u0259hsul y\u0131\u011f\u0131m\u0131na q\u0259d\u0259r.<\/td>\n<td>2-4L \/ g\u00fcn<\/td>\n<td>200-300ml \/ 100L<\/td>\n<\/tr>\n<tr>\n<td>QI\u015e T\u018fR\u018fV\u018fZL\u018fR\u0130 (Kah\u0131, K\u0259l\u0259m, \u0130spanaq v\u0259 s.)<\/td>\n<td>Vegetativ b\u00f6y\u00fcm\u0259 zaman\u0131 1-2 t\u0259tbiq.<\/td>\n<td>2-4L \/ g\u00fcn<\/td>\n<td>200-300ml \/ 100L<\/td>\n<\/tr>\n<tr>\n<td>YUMURLU B\u0130TK\u0130L\u018fR (\u015e\u0259k\u0259r \u00c7u\u011funduru, Kartof, So\u011fan v\u0259 s.)<\/td>\n<td>K\u00f6k yumrular\u0131n\u0131n formala\u015fmas\u0131 d\u00f6vr\u00fcnd\u0259 2-3 t\u0259tbiq.<\/td>\n<td>2-4L \/ g\u00fcn<\/td>\n<td>200-300ml \/ 100L<\/td>\n<\/tr>\n<tr>\n<td>Cucurbits (Qovun, Qarp\u0131z, Balqabaq)<\/td>\n<td>Budaqlar\u0131n uzanmas\u0131, meyv\u0259 \u0259m\u0259l\u0259 g\u0259lm\u0259si v\u0259 vegetativ b\u00f6y\u00fcm\u0259 zaman\u0131 2-3 t\u0259tbiq.<\/td>\n<td>2-4L \/ g\u00fcn<\/td>\n<td>200-300ml \/ 100L<\/td>\n<\/tr>\n<tr>\n<td>MEYV\u018f A\u011eACLARI (\u015eaftal\u0131, \u018frik, Albal\u0131, Gaval\u0131, Alma, Armud, Heyva, Sitrus, Zeytun, \u00dcz\u00fcm, F\u0131nd\u0131q, P\u00fcst\u0259 v\u0259 s.)<\/td>\n<td>Meyv\u0259nin formala\u015fmas\u0131ndan m\u0259hsul y\u0131\u011f\u0131m\u0131na q\u0259d\u0259r 2-4 t\u0259tbiq.<\/td>\n<td>2-4L \/ g\u00fcn<\/td>\n<td>200-300ml \/ 100L<\/td>\n<\/tr>\n<tr>\n<td>Banan<\/td>\n<td>Meyv\u0259nin formala\u015fmas\u0131ndan m\u0259hsul y\u0131\u011f\u0131m\u0131na q\u0259d\u0259r 2-4 t\u0259tbiq<\/td>\n<td>2-4L \/ g\u00fcn<\/td>\n<td>200-300ml \/ 100L<\/td>\n<\/tr>\n<tr>\n<td>S\u018fNAYE MAB\u0130T\u018fL\u018fR\u0130 (Qar\u011f\u0131dal\u0131, Pamb\u0131q, G\u00fcn\u0259baxan v\u0259 s.)<\/td>\n<td>Meyv\u0259nin \u0259m\u0259l\u0259 g\u0259lm\u0259si d\u00f6vr\u00fcnd\u0259 1-2 t\u0259tbiq.<\/td>\n<td>2-4L \/ g\u00fcn<\/td>\n<td>200-300ml \/ 100L<\/td>\n<\/tr>\n<tr>\n<td>Paxlal\u0131lar (noxud, lobya, m\u0259rci, soya v\u0259 s.)<\/td>\n<td>B\u00f6y\u00fcm\u0259 d\u00f6vr\u00fcnd\u0259.<\/td>\n<td>2-4L \/ g\u00fcn<\/td>\n<td>200-300ml \/ 100L<\/td>\n<\/tr>\n<tr>\n<td>Tax\u0131l (bu\u011fda, arpa, d\u00fcy\u00fc v\u0259 s.)<\/td>\n<td>Meyv\u0259nin \u0259m\u0259l\u0259 g\u0259lm\u0259si d\u00f6vr\u00fcnd\u0259 1-2 t\u0259tbiq.<\/td>\n<td>2-4L \/ g\u00fcn<\/td>\n<td>200-300ml \/ 100L<\/td>\n<\/tr>\n<tr>\n<td>K\u0259silmi\u015f \u00c7i\u00e7\u0259k<\/td>\n<td>B\u00f6y\u00fcm\u0259 d\u00f6vr\u00fcnd\u0259 h\u0259r 15-20 g\u00fcnd\u0259.<\/td>\n<td>2-4L \/ g\u00fcn<\/td>\n<td>200-300ml \/ 100L<\/td>\n<\/tr>\n<tr>\n<td>\u00c7\u0259m\u0259n otlar<\/td>\n<td>B\u00f6y\u00fcm\u0259 d\u00f6vr\u00fcnd\u0259 1 t\u0259tbiq.<\/td>\n<td>2-4L \/ g\u00fcn<\/td>\n<td>200-300ml \/ 100L<\/td>\n<\/tr>\n<\/tbody>\n<\/table>","protected":false},"excerpt":{"rendered":"<table>\n<tbody>\n<tr>\n<td><strong>Z\u018fMAN\u018fTL\u0130 M\u018fZMUN<\/strong><\/td>\n<td><strong>%W\/W<\/strong><\/td>\n<\/tr>\n<tr>\n<td>\u00dcmumi Azot (N)<\/td>\n<td>3<\/td>\n<\/tr>\n<tr>\n<td>Karbamid azotu (NH2-N)<\/td>\n<td>3<\/td>\n<\/tr>\n<tr>\n<td>Suda h\u0259ll olunan kalium oksidi (K2O)<\/td>\n<td>30<\/td>\n<\/tr>\n<\/tbody>\n<\/table>","protected":false},"featured_media":3275,"template":"","meta":[],"product_brand":[],"product_cat":[67],"product_tag":[],"class_list":{"0":"post-3274","1":"product","2":"type-product","3":"status-publish","4":"has-post-thumbnail","6":"product_cat-npk-maye-gubrlr","8":"first","9":"instock","10":"shipping-taxable","11":"product-type-simple"},"yoast_head":"<!-- This site is optimized with the Yoast SEO plugin v27.4 - https:\/\/yoast.com\/product\/yoast-seo-wordpress\/ -->\n<title>Migma Nitro Potasio 3-0-30 - Nutri Agro<\/title>\n<meta name=\"robots\" content=\"index, follow, max-snippet:-1, max-image-preview:large, max-video-preview:-1\" \/>\n<link rel=\"canonical\" href=\"https:\/\/nutriagro.az\/en\/mehsullar\/migma-nitro-potasio-3-0-30\/\" \/>\n<meta property=\"og:locale\" content=\"en_US\" \/>\n<meta property=\"og:type\" content=\"article\" \/>\n<meta property=\"og:title\" content=\"Migma Nitro Potasio 3-0-30 - Nutri Agro\" \/>\n<meta property=\"og:description\" content=\"Z\u018fMAN\u018fTL\u0130 M\u018fZMUN %W\/W   \u00dcmumi Azot (N) 3   Karbamid azotu (NH2-N) 3   Suda h\u0259ll olunan kalium oksidi (K2O) 30\" \/>\n<meta property=\"og:url\" content=\"https:\/\/nutriagro.az\/en\/mehsullar\/migma-nitro-potasio-3-0-30\/\" \/>\n<meta property=\"og:site_name\" content=\"Nutri Agro\" \/>\n<meta property=\"article:modified_time\" content=\"2025-12-11T12:33:01+00:00\" \/>\n<meta property=\"og:image\" content=\"https:\/\/nutriagro.az\/wp-content\/uploads\/2025\/04\/migma_nitro_potasio_3-0-30-scaled.webp\" \/>\n\t<meta property=\"og:image:width\" content=\"1920\" \/>\n\t<meta property=\"og:image:height\" content=\"2560\" \/>\n\t<meta property=\"og:image:type\" content=\"image\/webp\" \/>\n<meta name=\"twitter:card\" content=\"summary_large_image\" \/>\n<meta name=\"twitter:label1\" content=\"Est. reading time\" \/>\n\t<meta name=\"twitter:data1\" content=\"2 minutes\" \/>\n<script type=\"application\/ld+json\" class=\"yoast-schema-graph\">{\"@context\":\"https:\\\/\\\/schema.org\",\"@graph\":[{\"@type\":\"WebPage\",\"@id\":\"https:\\\/\\\/nutriagro.az\\\/mehsullar\\\/migma-nitro-potasio-3-0-30\\\/\",\"url\":\"https:\\\/\\\/nutriagro.az\\\/mehsullar\\\/migma-nitro-potasio-3-0-30\\\/\",\"name\":\"Migma Nitro Potasio 3-0-30 - Nutri Agro\",\"isPartOf\":{\"@id\":\"https:\\\/\\\/nutriagro.az\\\/#website\"},\"primaryImageOfPage\":{\"@id\":\"https:\\\/\\\/nutriagro.az\\\/mehsullar\\\/migma-nitro-potasio-3-0-30\\\/#primaryimage\"},\"image\":{\"@id\":\"https:\\\/\\\/nutriagro.az\\\/mehsullar\\\/migma-nitro-potasio-3-0-30\\\/#primaryimage\"},\"thumbnailUrl\":\"https:\\\/\\\/nutriagro.az\\\/wp-content\\\/uploads\\\/2025\\\/04\\\/migma_nitro_potasio_3-0-30-scaled.webp\",\"datePublished\":\"2025-12-09T12:43:35+00:00\",\"dateModified\":\"2025-12-11T12:33:01+00:00\",\"breadcrumb\":{\"@id\":\"https:\\\/\\\/nutriagro.az\\\/mehsullar\\\/migma-nitro-potasio-3-0-30\\\/#breadcrumb\"},\"inLanguage\":\"en-US\",\"potentialAction\":[{\"@type\":\"ReadAction\",\"target\":[\"https:\\\/\\\/nutriagro.az\\\/mehsullar\\\/migma-nitro-potasio-3-0-30\\\/\"]}]},{\"@type\":\"ImageObject\",\"inLanguage\":\"en-US\",\"@id\":\"https:\\\/\\\/nutriagro.az\\\/mehsullar\\\/migma-nitro-potasio-3-0-30\\\/#primaryimage\",\"url\":\"https:\\\/\\\/nutriagro.az\\\/wp-content\\\/uploads\\\/2025\\\/04\\\/migma_nitro_potasio_3-0-30-scaled.webp\",\"contentUrl\":\"https:\\\/\\\/nutriagro.az\\\/wp-content\\\/uploads\\\/2025\\\/04\\\/migma_nitro_potasio_3-0-30-scaled.webp\",\"width\":1920,\"height\":2560,\"caption\":\"G\u00fcbr\u0259 Migma Nitro Potasio 3-0-30\"},{\"@type\":\"BreadcrumbList\",\"@id\":\"https:\\\/\\\/nutriagro.az\\\/mehsullar\\\/migma-nitro-potasio-3-0-30\\\/#breadcrumb\",\"itemListElement\":[{\"@type\":\"ListItem\",\"position\":1,\"name\":\"Home\",\"item\":\"https:\\\/\\\/nutriagro.az\\\/\"},{\"@type\":\"ListItem\",\"position\":2,\"name\":\"Products\",\"item\":\"https:\\\/\\\/nutriagro.az\\\/shop\\\/\"},{\"@type\":\"ListItem\",\"position\":3,\"name\":\"Migma Nitro Potasio 3-0-30\"}]},{\"@type\":\"WebSite\",\"@id\":\"https:\\\/\\\/nutriagro.az\\\/#website\",\"url\":\"https:\\\/\\\/nutriagro.az\\\/\",\"name\":\"Nutri Agro\",\"description\":\"\",\"potentialAction\":[{\"@type\":\"SearchAction\",\"target\":{\"@type\":\"EntryPoint\",\"urlTemplate\":\"https:\\\/\\\/nutriagro.az\\\/?s={search_term_string}\"},\"query-input\":{\"@type\":\"PropertyValueSpecification\",\"valueRequired\":true,\"valueName\":\"search_term_string\"}}],\"inLanguage\":\"en-US\"}]}<\/script>\n<!-- \/ Yoast SEO plugin. -->","yoast_head_json":{"title":"Migma Nitro Potasio 3-0-30 - Nutri Agro","robots":{"index":"index","follow":"follow","max-snippet":"max-snippet:-1","max-image-preview":"max-image-preview:large","max-video-preview":"max-video-preview:-1"},"canonical":"https:\/\/nutriagro.az\/en\/mehsullar\/migma-nitro-potasio-3-0-30\/","og_locale":"en_US","og_type":"article","og_title":"Migma Nitro Potasio 3-0-30 - Nutri Agro","og_description":"Z\u018fMAN\u018fTL\u0130 M\u018fZMUN %W\/W   \u00dcmumi Azot (N) 3   Karbamid azotu (NH2-N) 3   Suda h\u0259ll olunan kalium oksidi (K2O) 30","og_url":"https:\/\/nutriagro.az\/en\/mehsullar\/migma-nitro-potasio-3-0-30\/","og_site_name":"Nutri Agro","article_modified_time":"2025-12-11T12:33:01+00:00","og_image":[{"width":1920,"height":2560,"url":"https:\/\/nutriagro.az\/wp-content\/uploads\/2025\/04\/migma_nitro_potasio_3-0-30-scaled.webp","type":"image\/webp"}],"twitter_card":"summary_large_image","twitter_misc":{"Est. reading time":"2 minutes"},"schema":{"@context":"https:\/\/schema.org","@graph":[{"@type":"WebPage","@id":"https:\/\/nutriagro.az\/mehsullar\/migma-nitro-potasio-3-0-30\/","url":"https:\/\/nutriagro.az\/mehsullar\/migma-nitro-potasio-3-0-30\/","name":"Migma Nitro Potasio 3-0-30 - Nutri Agro","isPartOf":{"@id":"https:\/\/nutriagro.az\/#website"},"primaryImageOfPage":{"@id":"https:\/\/nutriagro.az\/mehsullar\/migma-nitro-potasio-3-0-30\/#primaryimage"},"image":{"@id":"https:\/\/nutriagro.az\/mehsullar\/migma-nitro-potasio-3-0-30\/#primaryimage"},"thumbnailUrl":"https:\/\/nutriagro.az\/wp-content\/uploads\/2025\/04\/migma_nitro_potasio_3-0-30-scaled.webp","datePublished":"2025-12-09T12:43:35+00:00","dateModified":"2025-12-11T12:33:01+00:00","breadcrumb":{"@id":"https:\/\/nutriagro.az\/mehsullar\/migma-nitro-potasio-3-0-30\/#breadcrumb"},"inLanguage":"en-US","potentialAction":[{"@type":"ReadAction","target":["https:\/\/nutriagro.az\/mehsullar\/migma-nitro-potasio-3-0-30\/"]}]},{"@type":"ImageObject","inLanguage":"en-US","@id":"https:\/\/nutriagro.az\/mehsullar\/migma-nitro-potasio-3-0-30\/#primaryimage","url":"https:\/\/nutriagro.az\/wp-content\/uploads\/2025\/04\/migma_nitro_potasio_3-0-30-scaled.webp","contentUrl":"https:\/\/nutriagro.az\/wp-content\/uploads\/2025\/04\/migma_nitro_potasio_3-0-30-scaled.webp","width":1920,"height":2560,"caption":"G\u00fcbr\u0259 Migma Nitro Potasio 3-0-30"},{"@type":"BreadcrumbList","@id":"https:\/\/nutriagro.az\/mehsullar\/migma-nitro-potasio-3-0-30\/#breadcrumb","itemListElement":[{"@type":"ListItem","position":1,"name":"Home","item":"https:\/\/nutriagro.az\/"},{"@type":"ListItem","position":2,"name":"Products","item":"https:\/\/nutriagro.az\/shop\/"},{"@type":"ListItem","position":3,"name":"Migma Nitro Potasio 3-0-30"}]},{"@type":"WebSite","@id":"https:\/\/nutriagro.az\/#website","url":"https:\/\/nutriagro.az\/","name":"Nutri Agro","description":"","potentialAction":[{"@type":"SearchAction","target":{"@type":"EntryPoint","urlTemplate":"https:\/\/nutriagro.az\/?s={search_term_string}"},"query-input":{"@type":"PropertyValueSpecification","valueRequired":true,"valueName":"search_term_string"}}],"inLanguage":"en-US"}]}},"jetpack_sharing_enabled":true,"_links":{"self":[{"href":"https:\/\/nutriagro.az\/en\/wp-json\/wp\/v2\/product\/3274","targetHints":{"allow":["GET"]}}],"collection":[{"href":"https:\/\/nutriagro.az\/en\/wp-json\/wp\/v2\/product"}],"about":[{"href":"https:\/\/nutriagro.az\/en\/wp-json\/wp\/v2\/types\/product"}],"wp:featuredmedia":[{"embeddable":true,"href":"https:\/\/nutriagro.az\/en\/wp-json\/wp\/v2\/media\/3275"}],"wp:attachment":[{"href":"https:\/\/nutriagro.az\/en\/wp-json\/wp\/v2\/media?parent=3274"}],"wp:term":[{"taxonomy":"product_brand","embeddable":true,"href":"https:\/\/nutriagro.az\/en\/wp-json\/wp\/v2\/product_brand?post=3274"},{"taxonomy":"product_cat","embeddable":true,"href":"https:\/\/nutriagro.az\/en\/wp-json\/wp\/v2\/product_cat?post=3274"},{"taxonomy":"product_tag","embeddable":true,"href":"https:\/\/nutriagro.az\/en\/wp-json\/wp\/v2\/product_tag?post=3274"}],"curies":[{"name":"wp","href":"https:\/\/api.w.org\/{rel}","templated":true}]}}