{"id":3270,"date":"2025-04-24T16:38:17","date_gmt":"2025-04-24T12:38:17","guid":{"rendered":"https:\/\/nutriagro.az\/?post_type=product&#038;p=3270"},"modified":"2025-11-19T13:21:55","modified_gmt":"2025-11-19T09:21:55","slug":"migma-rito-s80-sc","status":"publish","type":"product","link":"https:\/\/nutriagro.az\/en\/mehsullar\/migma-rito-s80-sc\/","title":{"rendered":"Migma Rito S80 SC"},"content":{"rendered":"<table>\n<tbody>\n<tr>\n<td><strong>Bitki ad\u0131<\/strong><\/td>\n<td><strong>T\u0259tbiq vaxt\u0131<\/strong><\/td>\n<td><strong>Yaprak t\u0259tbiqi<\/strong><\/td>\n<td><strong>Torpaq T\u0259tbiqi<\/strong><\/td>\n<\/tr>\n<tr>\n<td>\u0130ST\u018fN\u0130\u015e V\u018f T\u018fR\u018fV\u018fZL\u018fR\u0130 (Pomidor, Bib\u0259r, Xiyar, Bad\u0131mcan, Lobya, \u00c7iy\u0259l\u0259k v\u0259 s.)<\/td>\n<td>H\u0259r 15 g\u00fcnd\u0259n bir t\u0259tbiq olunur.<\/td>\n<td>150-200 ml \/ 100 l su<\/td>\n<td>\u00a01 &#8211; 1,5 L \/ Da<\/td>\n<\/tr>\n<tr>\n<td>MEYV\u018f A\u011eACLARI (\u015eaftal\u0131, \u018frik, Albal\u0131, Gaval\u0131, Alma, Armud, Heyva, Sitrus, Zeytun, \u00dcz\u00fcm, F\u0131nd\u0131q, P\u00fcst\u0259 v\u0259 s.)<\/td>\n<td>H\u0259r 15 g\u00fcnd\u0259n bir t\u0259tbiq olunur.<\/td>\n<td>150-200 ml \/ 100 l su<\/td>\n<td>\u00a01 &#8211; 1,5 L \/ Da<\/td>\n<\/tr>\n<tr>\n<td>\u00c7iy\u0259l\u0259k<\/td>\n<td>H\u0259r 15 g\u00fcnd\u0259n bir t\u0259tbiq olunur.<\/td>\n<td>150-200 ml \/ 100 l su<\/td>\n<td>\u00a01 &#8211; 1,5 L \/ Da<\/td>\n<\/tr>\n<tr>\n<td>Tax\u0131llar (qar\u011f\u0131dal\u0131, bu\u011fda, arpa, d\u00fcy\u00fc v\u0259 s.)<\/td>\n<td>H\u0259r 15 g\u00fcnd\u0259n bir t\u0259tbiq olunur.<\/td>\n<td>150-200 ml \/ 100 l su<\/td>\n<td>\u00a01 &#8211; 1,5 L \/ Da<\/td>\n<\/tr>\n<tr>\n<td>S\u0259naye zavodlar\u0131 (pamb\u0131q, g\u00fcn\u0259baxan v\u0259 s.)<\/td>\n<td>H\u0259r 15 g\u00fcnd\u0259n bir t\u0259tbiq olunur.<\/td>\n<td>150-200 ml \/ 100 l su<\/td>\n<td>\u00a01 &#8211; 1,5 L \/ Da<\/td>\n<\/tr>\n<tr>\n<td>K\u0259silmi\u015f \u00c7i\u00e7\u0259k<\/td>\n<td>H\u0259r 15 g\u00fcnd\u0259n bir t\u0259tbiq olunur.<\/td>\n<td>150-200 ml \/ 100 l su<\/td>\n<td>\u00a01 &#8211; 1,5 L \/ Da<\/td>\n<\/tr>\n<\/tbody>\n<\/table>","protected":false},"excerpt":{"rendered":"<p>Bitki ad\u0131 T\u0259tbiq vaxt\u0131 Yaprak t\u0259tbiqi Torpaq T\u0259tbiqi \u0130ST\u018fN\u0130\u015e V\u018f T\u018fR\u018fV\u018fZL\u018fR\u0130 (Pomidor, Bib\u0259r, Xiyar, Bad\u0131mcan, Lobya, \u00c7iy\u0259l\u0259k v\u0259 s.) H\u0259r 15 g\u00fcnd\u0259n bir t\u0259tbiq olunur. 150-200 ml \/ 100 l su \u00a01 &#8211; 1,5 L \/ Da MEYV\u018f A\u011eACLARI (\u015eaftal\u0131, \u018frik, Albal\u0131, Gaval\u0131, Alma, Armud, Heyva, Sitrus, Zeytun, \u00dcz\u00fcm, F\u0131nd\u0131q, P\u00fcst\u0259 v\u0259 s.) H\u0259r 15&#8230;<\/p>","protected":false},"featured_media":3271,"template":"","meta":[],"product_brand":[],"product_cat":[66],"product_tag":[],"class_list":{"0":"post-3270","1":"product","2":"type-product","3":"status-publish","4":"has-post-thumbnail","6":"product_cat-suspansiyon-sc-mhsullari","8":"first","9":"instock","10":"shipping-taxable","11":"product-type-simple"},"yoast_head":"<!-- This site is optimized with the Yoast SEO plugin v27.4 - https:\/\/yoast.com\/product\/yoast-seo-wordpress\/ -->\n<title>Migma Rito S80 SC - Nutri Agro<\/title>\n<meta name=\"robots\" content=\"index, follow, max-snippet:-1, max-image-preview:large, max-video-preview:-1\" \/>\n<link rel=\"canonical\" href=\"https:\/\/nutriagro.az\/en\/mehsullar\/migma-rito-s80-sc\/\" \/>\n<meta property=\"og:locale\" content=\"en_US\" \/>\n<meta property=\"og:type\" content=\"article\" \/>\n<meta property=\"og:title\" content=\"Migma Rito S80 SC - Nutri Agro\" \/>\n<meta property=\"og:description\" content=\"Bitki ad\u0131 T\u0259tbiq vaxt\u0131 Yaprak t\u0259tbiqi Torpaq T\u0259tbiqi \u0130ST\u018fN\u0130\u015e V\u018f T\u018fR\u018fV\u018fZL\u018fR\u0130 (Pomidor, Bib\u0259r, Xiyar, Bad\u0131mcan, Lobya, \u00c7iy\u0259l\u0259k v\u0259 s.) H\u0259r 15 g\u00fcnd\u0259n bir t\u0259tbiq olunur. 150-200 ml \/ 100 l su \u00a01 &#8211; 1,5 L \/ Da MEYV\u018f A\u011eACLARI (\u015eaftal\u0131, \u018frik, Albal\u0131, Gaval\u0131, Alma, Armud, Heyva, Sitrus, Zeytun, \u00dcz\u00fcm, F\u0131nd\u0131q, P\u00fcst\u0259 v\u0259 s.) H\u0259r 15...\" \/>\n<meta property=\"og:url\" content=\"https:\/\/nutriagro.az\/en\/mehsullar\/migma-rito-s80-sc\/\" \/>\n<meta property=\"og:site_name\" content=\"Nutri Agro\" \/>\n<meta property=\"article:modified_time\" content=\"2025-11-19T09:21:55+00:00\" \/>\n<meta property=\"og:image\" content=\"https:\/\/nutriagro.az\/wp-content\/uploads\/2025\/04\/migma_rito_s80_sc-scaled.webp\" \/>\n\t<meta property=\"og:image:width\" content=\"1920\" \/>\n\t<meta property=\"og:image:height\" content=\"2560\" \/>\n\t<meta property=\"og:image:type\" content=\"image\/webp\" \/>\n<meta name=\"twitter:card\" content=\"summary_large_image\" \/>\n<meta name=\"twitter:label1\" content=\"Est. reading time\" \/>\n\t<meta name=\"twitter:data1\" content=\"2 minutes\" \/>\n<script type=\"application\/ld+json\" class=\"yoast-schema-graph\">{\"@context\":\"https:\\\/\\\/schema.org\",\"@graph\":[{\"@type\":\"WebPage\",\"@id\":\"https:\\\/\\\/nutriagro.az\\\/mehsullar\\\/migma-rito-s80-sc\\\/\",\"url\":\"https:\\\/\\\/nutriagro.az\\\/mehsullar\\\/migma-rito-s80-sc\\\/\",\"name\":\"Migma Rito S80 SC - Nutri Agro\",\"isPartOf\":{\"@id\":\"https:\\\/\\\/nutriagro.az\\\/#website\"},\"primaryImageOfPage\":{\"@id\":\"https:\\\/\\\/nutriagro.az\\\/mehsullar\\\/migma-rito-s80-sc\\\/#primaryimage\"},\"image\":{\"@id\":\"https:\\\/\\\/nutriagro.az\\\/mehsullar\\\/migma-rito-s80-sc\\\/#primaryimage\"},\"thumbnailUrl\":\"https:\\\/\\\/nutriagro.az\\\/wp-content\\\/uploads\\\/2025\\\/04\\\/migma_rito_s80_sc-scaled.webp\",\"datePublished\":\"2025-04-24T12:38:17+00:00\",\"dateModified\":\"2025-11-19T09:21:55+00:00\",\"breadcrumb\":{\"@id\":\"https:\\\/\\\/nutriagro.az\\\/mehsullar\\\/migma-rito-s80-sc\\\/#breadcrumb\"},\"inLanguage\":\"en-US\",\"potentialAction\":[{\"@type\":\"ReadAction\",\"target\":[\"https:\\\/\\\/nutriagro.az\\\/mehsullar\\\/migma-rito-s80-sc\\\/\"]}]},{\"@type\":\"ImageObject\",\"inLanguage\":\"en-US\",\"@id\":\"https:\\\/\\\/nutriagro.az\\\/mehsullar\\\/migma-rito-s80-sc\\\/#primaryimage\",\"url\":\"https:\\\/\\\/nutriagro.az\\\/wp-content\\\/uploads\\\/2025\\\/04\\\/migma_rito_s80_sc-scaled.webp\",\"contentUrl\":\"https:\\\/\\\/nutriagro.az\\\/wp-content\\\/uploads\\\/2025\\\/04\\\/migma_rito_s80_sc-scaled.webp\",\"width\":1920,\"height\":2560,\"caption\":\"Migma Rito S80 SC G\u00fcbr\u0259si\"},{\"@type\":\"BreadcrumbList\",\"@id\":\"https:\\\/\\\/nutriagro.az\\\/mehsullar\\\/migma-rito-s80-sc\\\/#breadcrumb\",\"itemListElement\":[{\"@type\":\"ListItem\",\"position\":1,\"name\":\"Home\",\"item\":\"https:\\\/\\\/nutriagro.az\\\/\"},{\"@type\":\"ListItem\",\"position\":2,\"name\":\"Products\",\"item\":\"https:\\\/\\\/nutriagro.az\\\/shop\\\/\"},{\"@type\":\"ListItem\",\"position\":3,\"name\":\"Migma Rito S80 SC\"}]},{\"@type\":\"WebSite\",\"@id\":\"https:\\\/\\\/nutriagro.az\\\/#website\",\"url\":\"https:\\\/\\\/nutriagro.az\\\/\",\"name\":\"Nutri Agro\",\"description\":\"\",\"potentialAction\":[{\"@type\":\"SearchAction\",\"target\":{\"@type\":\"EntryPoint\",\"urlTemplate\":\"https:\\\/\\\/nutriagro.az\\\/?s={search_term_string}\"},\"query-input\":{\"@type\":\"PropertyValueSpecification\",\"valueRequired\":true,\"valueName\":\"search_term_string\"}}],\"inLanguage\":\"en-US\"}]}<\/script>\n<!-- \/ Yoast SEO plugin. -->","yoast_head_json":{"title":"Migma Rito S80 SC - Nutri Agro","robots":{"index":"index","follow":"follow","max-snippet":"max-snippet:-1","max-image-preview":"max-image-preview:large","max-video-preview":"max-video-preview:-1"},"canonical":"https:\/\/nutriagro.az\/en\/mehsullar\/migma-rito-s80-sc\/","og_locale":"en_US","og_type":"article","og_title":"Migma Rito S80 SC - Nutri Agro","og_description":"Bitki ad\u0131 T\u0259tbiq vaxt\u0131 Yaprak t\u0259tbiqi Torpaq T\u0259tbiqi \u0130ST\u018fN\u0130\u015e V\u018f T\u018fR\u018fV\u018fZL\u018fR\u0130 (Pomidor, Bib\u0259r, Xiyar, Bad\u0131mcan, Lobya, \u00c7iy\u0259l\u0259k v\u0259 s.) H\u0259r 15 g\u00fcnd\u0259n bir t\u0259tbiq olunur. 150-200 ml \/ 100 l su \u00a01 &#8211; 1,5 L \/ Da MEYV\u018f A\u011eACLARI (\u015eaftal\u0131, \u018frik, Albal\u0131, Gaval\u0131, Alma, Armud, Heyva, Sitrus, Zeytun, \u00dcz\u00fcm, F\u0131nd\u0131q, P\u00fcst\u0259 v\u0259 s.) H\u0259r 15...","og_url":"https:\/\/nutriagro.az\/en\/mehsullar\/migma-rito-s80-sc\/","og_site_name":"Nutri Agro","article_modified_time":"2025-11-19T09:21:55+00:00","og_image":[{"width":1920,"height":2560,"url":"https:\/\/nutriagro.az\/wp-content\/uploads\/2025\/04\/migma_rito_s80_sc-scaled.webp","type":"image\/webp"}],"twitter_card":"summary_large_image","twitter_misc":{"Est. reading time":"2 minutes"},"schema":{"@context":"https:\/\/schema.org","@graph":[{"@type":"WebPage","@id":"https:\/\/nutriagro.az\/mehsullar\/migma-rito-s80-sc\/","url":"https:\/\/nutriagro.az\/mehsullar\/migma-rito-s80-sc\/","name":"Migma Rito S80 SC - Nutri Agro","isPartOf":{"@id":"https:\/\/nutriagro.az\/#website"},"primaryImageOfPage":{"@id":"https:\/\/nutriagro.az\/mehsullar\/migma-rito-s80-sc\/#primaryimage"},"image":{"@id":"https:\/\/nutriagro.az\/mehsullar\/migma-rito-s80-sc\/#primaryimage"},"thumbnailUrl":"https:\/\/nutriagro.az\/wp-content\/uploads\/2025\/04\/migma_rito_s80_sc-scaled.webp","datePublished":"2025-04-24T12:38:17+00:00","dateModified":"2025-11-19T09:21:55+00:00","breadcrumb":{"@id":"https:\/\/nutriagro.az\/mehsullar\/migma-rito-s80-sc\/#breadcrumb"},"inLanguage":"en-US","potentialAction":[{"@type":"ReadAction","target":["https:\/\/nutriagro.az\/mehsullar\/migma-rito-s80-sc\/"]}]},{"@type":"ImageObject","inLanguage":"en-US","@id":"https:\/\/nutriagro.az\/mehsullar\/migma-rito-s80-sc\/#primaryimage","url":"https:\/\/nutriagro.az\/wp-content\/uploads\/2025\/04\/migma_rito_s80_sc-scaled.webp","contentUrl":"https:\/\/nutriagro.az\/wp-content\/uploads\/2025\/04\/migma_rito_s80_sc-scaled.webp","width":1920,"height":2560,"caption":"Migma Rito S80 SC G\u00fcbr\u0259si"},{"@type":"BreadcrumbList","@id":"https:\/\/nutriagro.az\/mehsullar\/migma-rito-s80-sc\/#breadcrumb","itemListElement":[{"@type":"ListItem","position":1,"name":"Home","item":"https:\/\/nutriagro.az\/"},{"@type":"ListItem","position":2,"name":"Products","item":"https:\/\/nutriagro.az\/shop\/"},{"@type":"ListItem","position":3,"name":"Migma Rito S80 SC"}]},{"@type":"WebSite","@id":"https:\/\/nutriagro.az\/#website","url":"https:\/\/nutriagro.az\/","name":"Nutri Agro","description":"","potentialAction":[{"@type":"SearchAction","target":{"@type":"EntryPoint","urlTemplate":"https:\/\/nutriagro.az\/?s={search_term_string}"},"query-input":{"@type":"PropertyValueSpecification","valueRequired":true,"valueName":"search_term_string"}}],"inLanguage":"en-US"}]}},"jetpack_sharing_enabled":true,"_links":{"self":[{"href":"https:\/\/nutriagro.az\/en\/wp-json\/wp\/v2\/product\/3270","targetHints":{"allow":["GET"]}}],"collection":[{"href":"https:\/\/nutriagro.az\/en\/wp-json\/wp\/v2\/product"}],"about":[{"href":"https:\/\/nutriagro.az\/en\/wp-json\/wp\/v2\/types\/product"}],"wp:featuredmedia":[{"embeddable":true,"href":"https:\/\/nutriagro.az\/en\/wp-json\/wp\/v2\/media\/3271"}],"wp:attachment":[{"href":"https:\/\/nutriagro.az\/en\/wp-json\/wp\/v2\/media?parent=3270"}],"wp:term":[{"taxonomy":"product_brand","embeddable":true,"href":"https:\/\/nutriagro.az\/en\/wp-json\/wp\/v2\/product_brand?post=3270"},{"taxonomy":"product_cat","embeddable":true,"href":"https:\/\/nutriagro.az\/en\/wp-json\/wp\/v2\/product_cat?post=3270"},{"taxonomy":"product_tag","embeddable":true,"href":"https:\/\/nutriagro.az\/en\/wp-json\/wp\/v2\/product_tag?post=3270"}],"curies":[{"name":"wp","href":"https:\/\/api.w.org\/{rel}","templated":true}]}}