{"id":3260,"date":"2025-12-06T16:19:35","date_gmt":"2025-12-06T12:19:35","guid":{"rendered":"https:\/\/nutriagro.az\/?post_type=product&#038;p=3260"},"modified":"2025-12-11T15:49:14","modified_gmt":"2025-12-11T11:49:14","slug":"migma-nitrofos-6-30-0-te","status":"publish","type":"product","link":"https:\/\/nutriagro.az\/en\/mehsullar\/migma-nitrofos-6-30-0-te\/","title":{"rendered":"Migma NitroFos 6-30-0 + TE"},"content":{"rendered":"<p><strong>T\u018fTB\u0130Q SAH\u018fL\u018fR\u0130, \u00dcSULLARI, VAXTINI V\u018f K\u018fM\u0130YY\u018fT\u0130<\/strong><\/p>\n<p>EC G\u00fcbr\u0259 NP Qar\u0131\u015f\u0131q<\/p>\n<p>&nbsp;<\/p>\n<table>\n<tbody>\n<tr>\n<td><strong>m\u0259hsul<\/strong><\/td>\n<td><strong>M\u00fcraci\u0259t m\u00fcdd\u0259ti<\/strong><\/td>\n<td><strong>Torpaq T\u0259tbiqi<\/strong><\/td>\n<td><strong>Yaprak t\u0259tbiqi<\/strong><\/td>\n<\/tr>\n<tr>\n<td>\u0130stixana v\u0259 a\u00e7\u0131q tarla t\u0259r\u0259v\u0259zl\u0259ri (pomidor, bib\u0259r, xiyar, bad\u0131mcan, lobya, \u00e7iy\u0259l\u0259k v\u0259 s.)<\/td>\n<td>H\u0259ft\u0259d\u0259 bir d\u0259f\u0259 endirm\u0259d\u0259n \u0259vv\u0259l v\u0259 endirm\u0259 m\u00fcdd\u0259ti \u0259rzind\u0259 t\u0259tbiq edin.<\/td>\n<td>4-6 kq\/daq<\/td>\n<td>200-300 ml\/100L<\/td>\n<\/tr>\n<tr>\n<td>Q\u0131\u015f t\u0259r\u0259v\u0259zl\u0259ri (kah\u0131, k\u0259l\u0259m, ispanaq v\u0259 s.)<\/td>\n<td>\u00a03-4 yarpaq oldu\u011fu d\u00f6vrd\u0259n ba\u015flayaraq 1-2 t\u0259tbiq.<\/td>\n<td>4-6 kq\/daq<\/td>\n<td>200-300 q\/100L<\/td>\n<\/tr>\n<tr>\n<td>Yumru bitkil\u0259r (\u015f\u0259k\u0259r \u00e7u\u011funduru, kartof, so\u011fan v\u0259 s.)<\/td>\n<td>Erk\u0259n b\u00f6y\u00fcm\u0259 v\u0259 \u00e7i\u00e7\u0259kl\u0259m\u0259 d\u00f6vr\u00fcnd\u0259 1-3 t\u0259tbiq.<\/td>\n<td>4-6 kq\/daq<\/td>\n<td>200-300 q\/100L<\/td>\n<\/tr>\n<tr>\n<td>Cucurbits (Qovun, Qarp\u0131z, Balqabaq)<\/td>\n<td>Erk\u0259n b\u00f6y\u00fcm\u0259 v\u0259 \u00e7i\u00e7\u0259kl\u0259m\u0259 d\u00f6vr\u00fcnd\u0259 1-3 t\u0259tbiq.<\/td>\n<td>4-6 kq\/daq<\/td>\n<td>200-300 q\/100L<\/td>\n<\/tr>\n<tr>\n<td>Meyv\u0259 a\u011faclar\u0131 (\u015faftal\u0131, \u0259rik, albal\u0131, gaval\u0131, alma, armud, heyva, sitrus, zeytun, \u00fcz\u00fcm ba\u011flar\u0131, f\u0131nd\u0131q, p\u00fcst\u0259 v\u0259 s.)<\/td>\n<td>\u0130nki\u015faf ba\u015flayan kimi 2-3 t\u0259tbiq.<\/td>\n<td>4-6 kq\/daq<\/td>\n<td>200-300 q\/100L<\/td>\n<\/tr>\n<tr>\n<td>S\u0259naye bitkil\u0259ri (pamb\u0131q, g\u00fcn\u0259baxan v\u0259 s.)<\/td>\n<td>\u0130lk suvarma il\u0259 1-3 t\u0259tbiq.<\/td>\n<td>4-6 kq\/daq<\/td>\n<td>200-300 q\/100L<\/td>\n<\/tr>\n<tr>\n<td>Paxlal\u0131lar (noxud, lobya, m\u0259rci, soya v\u0259 s.)<\/td>\n<td>\u0130lk suvarma il\u0259 1-3 t\u0259tbiq.<\/td>\n<td>4-6 kq\/daq<\/td>\n<td>200-300 q\/100L<\/td>\n<\/tr>\n<tr>\n<td>Tax\u0131llar (qar\u011f\u0131dal\u0131, bu\u011fda, arpa, d\u00fcy\u00fc v\u0259 s.)<\/td>\n<td>\u018fkin\u00e7ilik m\u0259rh\u0259l\u0259sind\u0259<\/td>\n<td>4-6 kq\/daq<\/td>\n<td>200-300 q\/100L<\/td>\n<\/tr>\n<tr>\n<td>K\u0259silmi\u015f \u00c7i\u00e7\u0259kl\u0259r<\/td>\n<td>\u0130nki\u015faf v\u0259 \u00e7i\u00e7\u0259kl\u0259m\u0259 d\u00f6vr\u00fcnd\u0259 h\u0259r 15-20 g\u00fcnd\u0259.<\/td>\n<td>4-6 kq\/daq<\/td>\n<td>200-300 q\/100L<\/td>\n<\/tr>\n<tr>\n<td>\u00c7\u0259m\u0259n otlar<\/td>\n<td>B\u00f6y\u00fcm\u0259 d\u00f6vr\u00fcnd\u0259<\/td>\n<td>4-6 kq\/daq<\/td>\n<td>200-300 q\/100L<\/td>\n<\/tr>\n<\/tbody>\n<\/table>","protected":false},"excerpt":{"rendered":"<table>\n<tbody>\n<tr>\n<td><strong>Z\u018fMAN\u018fTL\u0130 M\u018fZMUN<\/strong><\/td>\n<td><strong>%W\/W<\/strong><\/td>\n<\/tr>\n<tr>\n<td>\u00dcmumi Azot (N)<\/td>\n<td>6<\/td>\n<\/tr>\n<tr>\n<td>Ammonium Azot (NH4-N)<\/td>\n<td>6<\/td>\n<\/tr>\n<tr>\n<td>Suda h\u0259ll olunan fosfor pentoksidi (P2O5)<\/td>\n<td>30<\/td>\n<\/tr>\n<tr>\n<td>Suda h\u0259ll olunan sink (Zn)<\/td>\n<td>5<\/td>\n<\/tr>\n<\/tbody>\n<\/table>","protected":false},"featured_media":3261,"template":"","meta":[],"product_brand":[],"product_cat":[65],"product_tag":[],"class_list":{"0":"post-3260","1":"product","2":"type-product","3":"status-publish","4":"has-post-thumbnail","6":"product_cat-npk-yarpaq-gubrlri","8":"first","9":"instock","10":"shipping-taxable","11":"product-type-simple"},"yoast_head":"<!-- This site is optimized with the Yoast SEO plugin v27.4 - https:\/\/yoast.com\/product\/yoast-seo-wordpress\/ -->\n<title>Migma NitroFos 6-30-0 + TE - Nutri Agro<\/title>\n<meta name=\"robots\" content=\"index, follow, max-snippet:-1, max-image-preview:large, max-video-preview:-1\" \/>\n<link rel=\"canonical\" href=\"https:\/\/nutriagro.az\/en\/mehsullar\/migma-nitrofos-6-30-0-te\/\" \/>\n<meta property=\"og:locale\" content=\"en_US\" \/>\n<meta property=\"og:type\" content=\"article\" \/>\n<meta property=\"og:title\" content=\"Migma NitroFos 6-30-0 + TE - Nutri Agro\" \/>\n<meta property=\"og:description\" content=\"Z\u018fMAN\u018fTL\u0130 M\u018fZMUN %W\/W   \u00dcmumi Azot (N) 6   Ammonium Azot (NH4-N) 6   Suda h\u0259ll olunan fosfor pentoksidi (P2O5) 30   Suda h\u0259ll olunan sink (Zn) 5\" \/>\n<meta property=\"og:url\" content=\"https:\/\/nutriagro.az\/en\/mehsullar\/migma-nitrofos-6-30-0-te\/\" \/>\n<meta property=\"og:site_name\" content=\"Nutri Agro\" \/>\n<meta property=\"article:modified_time\" content=\"2025-12-11T11:49:14+00:00\" \/>\n<meta property=\"og:image\" content=\"https:\/\/nutriagro.az\/wp-content\/uploads\/2025\/04\/migma_nitrofos_6-30-0__te.webp\" \/>\n\t<meta property=\"og:image:width\" content=\"1950\" \/>\n\t<meta property=\"og:image:height\" content=\"1950\" \/>\n\t<meta property=\"og:image:type\" content=\"image\/webp\" \/>\n<meta name=\"twitter:card\" content=\"summary_large_image\" \/>\n<meta name=\"twitter:label1\" content=\"Est. reading time\" \/>\n\t<meta name=\"twitter:data1\" content=\"2 minutes\" \/>\n<script type=\"application\/ld+json\" class=\"yoast-schema-graph\">{\"@context\":\"https:\\\/\\\/schema.org\",\"@graph\":[{\"@type\":\"WebPage\",\"@id\":\"https:\\\/\\\/nutriagro.az\\\/mehsullar\\\/migma-nitrofos-6-30-0-te\\\/\",\"url\":\"https:\\\/\\\/nutriagro.az\\\/mehsullar\\\/migma-nitrofos-6-30-0-te\\\/\",\"name\":\"Migma NitroFos 6-30-0 + TE - Nutri Agro\",\"isPartOf\":{\"@id\":\"https:\\\/\\\/nutriagro.az\\\/#website\"},\"primaryImageOfPage\":{\"@id\":\"https:\\\/\\\/nutriagro.az\\\/mehsullar\\\/migma-nitrofos-6-30-0-te\\\/#primaryimage\"},\"image\":{\"@id\":\"https:\\\/\\\/nutriagro.az\\\/mehsullar\\\/migma-nitrofos-6-30-0-te\\\/#primaryimage\"},\"thumbnailUrl\":\"https:\\\/\\\/nutriagro.az\\\/wp-content\\\/uploads\\\/2025\\\/04\\\/migma_nitrofos_6-30-0__te.webp\",\"datePublished\":\"2025-12-06T12:19:35+00:00\",\"dateModified\":\"2025-12-11T11:49:14+00:00\",\"breadcrumb\":{\"@id\":\"https:\\\/\\\/nutriagro.az\\\/mehsullar\\\/migma-nitrofos-6-30-0-te\\\/#breadcrumb\"},\"inLanguage\":\"en-US\",\"potentialAction\":[{\"@type\":\"ReadAction\",\"target\":[\"https:\\\/\\\/nutriagro.az\\\/mehsullar\\\/migma-nitrofos-6-30-0-te\\\/\"]}]},{\"@type\":\"ImageObject\",\"inLanguage\":\"en-US\",\"@id\":\"https:\\\/\\\/nutriagro.az\\\/mehsullar\\\/migma-nitrofos-6-30-0-te\\\/#primaryimage\",\"url\":\"https:\\\/\\\/nutriagro.az\\\/wp-content\\\/uploads\\\/2025\\\/04\\\/migma_nitrofos_6-30-0__te.webp\",\"contentUrl\":\"https:\\\/\\\/nutriagro.az\\\/wp-content\\\/uploads\\\/2025\\\/04\\\/migma_nitrofos_6-30-0__te.webp\",\"width\":1950,\"height\":1950,\"caption\":\"Migma NitroFos G\u00fcbr\u0259si 6-30-0 + TE\"},{\"@type\":\"BreadcrumbList\",\"@id\":\"https:\\\/\\\/nutriagro.az\\\/mehsullar\\\/migma-nitrofos-6-30-0-te\\\/#breadcrumb\",\"itemListElement\":[{\"@type\":\"ListItem\",\"position\":1,\"name\":\"Home\",\"item\":\"https:\\\/\\\/nutriagro.az\\\/\"},{\"@type\":\"ListItem\",\"position\":2,\"name\":\"Products\",\"item\":\"https:\\\/\\\/nutriagro.az\\\/shop\\\/\"},{\"@type\":\"ListItem\",\"position\":3,\"name\":\"Migma NitroFos 6-30-0 + TE\"}]},{\"@type\":\"WebSite\",\"@id\":\"https:\\\/\\\/nutriagro.az\\\/#website\",\"url\":\"https:\\\/\\\/nutriagro.az\\\/\",\"name\":\"Nutri Agro\",\"description\":\"\",\"potentialAction\":[{\"@type\":\"SearchAction\",\"target\":{\"@type\":\"EntryPoint\",\"urlTemplate\":\"https:\\\/\\\/nutriagro.az\\\/?s={search_term_string}\"},\"query-input\":{\"@type\":\"PropertyValueSpecification\",\"valueRequired\":true,\"valueName\":\"search_term_string\"}}],\"inLanguage\":\"en-US\"}]}<\/script>\n<!-- \/ Yoast SEO plugin. -->","yoast_head_json":{"title":"Migma NitroFos 6-30-0 + TE - Nutri Agro","robots":{"index":"index","follow":"follow","max-snippet":"max-snippet:-1","max-image-preview":"max-image-preview:large","max-video-preview":"max-video-preview:-1"},"canonical":"https:\/\/nutriagro.az\/en\/mehsullar\/migma-nitrofos-6-30-0-te\/","og_locale":"en_US","og_type":"article","og_title":"Migma NitroFos 6-30-0 + TE - Nutri Agro","og_description":"Z\u018fMAN\u018fTL\u0130 M\u018fZMUN %W\/W   \u00dcmumi Azot (N) 6   Ammonium Azot (NH4-N) 6   Suda h\u0259ll olunan fosfor pentoksidi (P2O5) 30   Suda h\u0259ll olunan sink (Zn) 5","og_url":"https:\/\/nutriagro.az\/en\/mehsullar\/migma-nitrofos-6-30-0-te\/","og_site_name":"Nutri Agro","article_modified_time":"2025-12-11T11:49:14+00:00","og_image":[{"width":1950,"height":1950,"url":"https:\/\/nutriagro.az\/wp-content\/uploads\/2025\/04\/migma_nitrofos_6-30-0__te.webp","type":"image\/webp"}],"twitter_card":"summary_large_image","twitter_misc":{"Est. reading time":"2 minutes"},"schema":{"@context":"https:\/\/schema.org","@graph":[{"@type":"WebPage","@id":"https:\/\/nutriagro.az\/mehsullar\/migma-nitrofos-6-30-0-te\/","url":"https:\/\/nutriagro.az\/mehsullar\/migma-nitrofos-6-30-0-te\/","name":"Migma NitroFos 6-30-0 + TE - Nutri Agro","isPartOf":{"@id":"https:\/\/nutriagro.az\/#website"},"primaryImageOfPage":{"@id":"https:\/\/nutriagro.az\/mehsullar\/migma-nitrofos-6-30-0-te\/#primaryimage"},"image":{"@id":"https:\/\/nutriagro.az\/mehsullar\/migma-nitrofos-6-30-0-te\/#primaryimage"},"thumbnailUrl":"https:\/\/nutriagro.az\/wp-content\/uploads\/2025\/04\/migma_nitrofos_6-30-0__te.webp","datePublished":"2025-12-06T12:19:35+00:00","dateModified":"2025-12-11T11:49:14+00:00","breadcrumb":{"@id":"https:\/\/nutriagro.az\/mehsullar\/migma-nitrofos-6-30-0-te\/#breadcrumb"},"inLanguage":"en-US","potentialAction":[{"@type":"ReadAction","target":["https:\/\/nutriagro.az\/mehsullar\/migma-nitrofos-6-30-0-te\/"]}]},{"@type":"ImageObject","inLanguage":"en-US","@id":"https:\/\/nutriagro.az\/mehsullar\/migma-nitrofos-6-30-0-te\/#primaryimage","url":"https:\/\/nutriagro.az\/wp-content\/uploads\/2025\/04\/migma_nitrofos_6-30-0__te.webp","contentUrl":"https:\/\/nutriagro.az\/wp-content\/uploads\/2025\/04\/migma_nitrofos_6-30-0__te.webp","width":1950,"height":1950,"caption":"Migma NitroFos G\u00fcbr\u0259si 6-30-0 + TE"},{"@type":"BreadcrumbList","@id":"https:\/\/nutriagro.az\/mehsullar\/migma-nitrofos-6-30-0-te\/#breadcrumb","itemListElement":[{"@type":"ListItem","position":1,"name":"Home","item":"https:\/\/nutriagro.az\/"},{"@type":"ListItem","position":2,"name":"Products","item":"https:\/\/nutriagro.az\/shop\/"},{"@type":"ListItem","position":3,"name":"Migma NitroFos 6-30-0 + TE"}]},{"@type":"WebSite","@id":"https:\/\/nutriagro.az\/#website","url":"https:\/\/nutriagro.az\/","name":"Nutri Agro","description":"","potentialAction":[{"@type":"SearchAction","target":{"@type":"EntryPoint","urlTemplate":"https:\/\/nutriagro.az\/?s={search_term_string}"},"query-input":{"@type":"PropertyValueSpecification","valueRequired":true,"valueName":"search_term_string"}}],"inLanguage":"en-US"}]}},"jetpack_sharing_enabled":true,"_links":{"self":[{"href":"https:\/\/nutriagro.az\/en\/wp-json\/wp\/v2\/product\/3260","targetHints":{"allow":["GET"]}}],"collection":[{"href":"https:\/\/nutriagro.az\/en\/wp-json\/wp\/v2\/product"}],"about":[{"href":"https:\/\/nutriagro.az\/en\/wp-json\/wp\/v2\/types\/product"}],"wp:featuredmedia":[{"embeddable":true,"href":"https:\/\/nutriagro.az\/en\/wp-json\/wp\/v2\/media\/3261"}],"wp:attachment":[{"href":"https:\/\/nutriagro.az\/en\/wp-json\/wp\/v2\/media?parent=3260"}],"wp:term":[{"taxonomy":"product_brand","embeddable":true,"href":"https:\/\/nutriagro.az\/en\/wp-json\/wp\/v2\/product_brand?post=3260"},{"taxonomy":"product_cat","embeddable":true,"href":"https:\/\/nutriagro.az\/en\/wp-json\/wp\/v2\/product_cat?post=3260"},{"taxonomy":"product_tag","embeddable":true,"href":"https:\/\/nutriagro.az\/en\/wp-json\/wp\/v2\/product_tag?post=3260"}],"curies":[{"name":"wp","href":"https:\/\/api.w.org\/{rel}","templated":true}]}}