{"id":3258,"date":"2025-04-24T16:16:30","date_gmt":"2025-04-24T12:16:30","guid":{"rendered":"https:\/\/nutriagro.az\/?post_type=product&#038;p=3258"},"modified":"2025-11-19T13:30:21","modified_gmt":"2025-11-19T09:30:21","slug":"migma-kombi","status":"publish","type":"product","link":"https:\/\/nutriagro.az\/en\/mehsullar\/migma-kombi\/","title":{"rendered":"Migma Kombi"},"content":{"rendered":"<p><strong>T\u018fTB\u0130Q SAH\u018fL\u018fR\u0130, \u00dcSULLARI, VAXTINI V\u018f K\u018fM\u0130YY\u018fT\u0130<\/strong><\/p>\n<p>Bor (B), Mis (Cu), D\u0259mir (Fe), Manqan (Mn), Sink (Zn) B\u0259rk Mikro Bitki Qida Qar\u0131\u015f\u0131\u011f\u0131<\/p>\n<p>&nbsp;<\/p>\n<table>\n<tbody>\n<tr>\n<td><strong>m\u0259hsul<\/strong><\/td>\n<td><strong>M\u00fcraci\u0259t m\u00fcdd\u0259ti<\/strong><\/td>\n<td><strong>Yaprak t\u0259tbiqi<\/strong><\/td>\n<td><\/td>\n<\/tr>\n<tr>\n<td>\u0130stixana v\u0259 a\u00e7\u0131q tarla t\u0259r\u0259v\u0259zl\u0259ri (pomidor, bib\u0259r, xiyar, bad\u0131mcan, lobya v\u0259 s.)<\/td>\n<td>Fidan \u0259km\u0259kd\u0259n ba\u015flayaraq b\u00f6y\u00fcm\u0259k d\u00f6vr\u00fc\u00a0\u0259rzind\u0259\u00a0 .<\/td>\n<td>100-150q \/ 100L<\/td>\n<td><\/td>\n<\/tr>\n<tr>\n<td>Q\u0131\u015f t\u0259r\u0259v\u0259zl\u0259ri (kah\u0131, k\u0259l\u0259m, ispanaq v\u0259 s.)<\/td>\n<td>Laz\u0131m olduqda t\u0259tbiq olunur<\/td>\n<td>100-150q \/ 100L<\/td>\n<td><\/td>\n<\/tr>\n<tr>\n<td>Yumru bitkil\u0259r (\u015f\u0259k\u0259r \u00e7u\u011funduru, kartof, so\u011fan v\u0259 s.)<\/td>\n<td>Laz\u0131m olduqda t\u0259tbiq olunur<\/td>\n<td>100-150q \/ 100L<\/td>\n<td><\/td>\n<\/tr>\n<tr>\n<td>Meyv\u0259 a\u011faclar\u0131 (\u015faftal\u0131, \u0259rik, albal\u0131, gaval\u0131, alma, armud, heyva, sitrus, zeytun, \u00fcz\u00fcm ba\u011f\u0131, f\u0131nd\u0131q v\u0259 s.)<\/td>\n<td>\u00c7i\u00e7\u0259kl\u0259ndikd\u0259n d\u0259rhal sonra<\/td>\n<td>100-150q \/ 100L<\/td>\n<td><\/td>\n<\/tr>\n<tr>\n<td>S\u0259naye bitkil\u0259ri (pamb\u0131q, g\u00fcn\u0259baxan v\u0259 s.)<\/td>\n<td>Erk\u0259n m\u0259rh\u0259l\u0259l\u0259rd\u0259n ba\u015flayaraq.<\/td>\n<td>100-150q \/ 100L<\/td>\n<td><\/td>\n<\/tr>\n<tr>\n<td>Paxlal\u0131lar<\/td>\n<td>Erk\u0259n m\u0259rh\u0259l\u0259l\u0259rd\u0259n ba\u015flayaraq.<\/td>\n<td>100-150q \/ 100L<\/td>\n<td><\/td>\n<\/tr>\n<tr>\n<td>Tax\u0131llar (qar\u011f\u0131dal\u0131, bu\u011fda, arpa, d\u00fcy\u00fc v\u0259 s.)<\/td>\n<td>Bec\u0259rm\u0259 v\u0259 tax\u0131l doldurma m\u0259rh\u0259l\u0259l\u0259rind\u0259<\/td>\n<td>100-150q \/ 100L<\/td>\n<td><\/td>\n<\/tr>\n<tr>\n<td>K\u0259silmi\u015f \u00c7i\u00e7\u0259kl\u0259r<\/td>\n<td>Laz\u0131m olduqda t\u0259tbiq olunur<\/td>\n<td>100-150q \/ 100L<\/td>\n<\/tr>\n<\/tbody>\n<\/table>","protected":false},"excerpt":{"rendered":"<table>\n<tbody>\n<tr>\n<td><strong>Z\u018fMAN\u018fTL\u0130 M\u018fZMUN<\/strong><\/td>\n<td><strong>%W\/W<\/strong><\/td>\n<\/tr>\n<tr>\n<td>Suda h\u0259ll olunan bor (B)<\/td>\n<td>1.3<\/td>\n<\/tr>\n<tr>\n<td>Suda h\u0259ll olunan mis (Cu), tam EDTA xelatl\u0131<\/td>\n<td>0.5<\/td>\n<\/tr>\n<tr>\n<td>Suda h\u0259ll olunan d\u0259mir (Fe), tam EDTA xelatl\u0131<\/td>\n<td>4<\/td>\n<\/tr>\n<tr>\n<td>Suda h\u0259ll olunan manqan (Mn), tam EDTA xelatl\u0131<\/td>\n<td>3<\/td>\n<\/tr>\n<tr>\n<td>Suda h\u0259ll olunan sink (Zn), tam EDTA xelatl\u0131<\/td>\n<td>4<\/td>\n<\/tr>\n<tr>\n<td>Suda h\u0259ll olunan molibden (Mo)<\/td>\n<td>0.05<\/td>\n<\/tr>\n<tr>\n<td>EDTA Chelates \u00fc\u00e7\u00fcn pH Sabitlik Aral\u0131\u011f\u0131: Cu, Fe, Mn v\u0259 Zn<\/td>\n<td>2 &#8211; 11<\/td>\n<\/tr>\n<\/tbody>\n<\/table>","protected":false},"featured_media":3259,"template":"","meta":[],"product_brand":[],"product_cat":[65],"product_tag":[],"class_list":{"0":"post-3258","1":"product","2":"type-product","3":"status-publish","4":"has-post-thumbnail","6":"product_cat-npk-yarpaq-gubrlri","8":"first","9":"instock","10":"shipping-taxable","11":"product-type-simple"},"yoast_head":"<!-- This site is optimized with the Yoast SEO plugin v27.4 - https:\/\/yoast.com\/product\/yoast-seo-wordpress\/ -->\n<title>Migma Kombi - Nutri Agro<\/title>\n<meta name=\"robots\" content=\"index, follow, max-snippet:-1, max-image-preview:large, max-video-preview:-1\" \/>\n<link rel=\"canonical\" href=\"https:\/\/nutriagro.az\/en\/mehsullar\/migma-kombi\/\" \/>\n<meta property=\"og:locale\" content=\"en_US\" \/>\n<meta property=\"og:type\" content=\"article\" \/>\n<meta property=\"og:title\" content=\"Migma Kombi - Nutri Agro\" \/>\n<meta property=\"og:description\" content=\"Z\u018fMAN\u018fTL\u0130 M\u018fZMUN %W\/W   Suda h\u0259ll olunan bor (B) 1.3   Suda h\u0259ll olunan mis (Cu), tam EDTA xelatl\u0131 0.5   Suda h\u0259ll olunan d\u0259mir (Fe), tam EDTA xelatl\u0131 4   Suda h\u0259ll olunan manqan (Mn), tam EDTA xelatl\u0131 3   Suda h\u0259ll olunan sink (Zn), tam EDTA xelatl\u0131 4   Suda h\u0259ll olunan molibden (Mo) 0.05   EDTA Chelates \u00fc\u00e7\u00fcn pH Sabitlik Aral\u0131\u011f\u0131: Cu, Fe, Mn v\u0259 Zn 2 - 11\" \/>\n<meta property=\"og:url\" content=\"https:\/\/nutriagro.az\/en\/mehsullar\/migma-kombi\/\" \/>\n<meta property=\"og:site_name\" content=\"Nutri Agro\" \/>\n<meta property=\"article:modified_time\" content=\"2025-11-19T09:30:21+00:00\" \/>\n<meta property=\"og:image\" content=\"https:\/\/nutriagro.az\/wp-content\/uploads\/2025\/04\/migma_combi.webp\" \/>\n\t<meta property=\"og:image:width\" content=\"1950\" \/>\n\t<meta property=\"og:image:height\" content=\"1950\" \/>\n\t<meta property=\"og:image:type\" content=\"image\/webp\" \/>\n<meta name=\"twitter:card\" content=\"summary_large_image\" \/>\n<meta name=\"twitter:label1\" content=\"Est. reading time\" \/>\n\t<meta name=\"twitter:data1\" content=\"1 minute\" \/>\n<script type=\"application\/ld+json\" class=\"yoast-schema-graph\">{\"@context\":\"https:\\\/\\\/schema.org\",\"@graph\":[{\"@type\":\"WebPage\",\"@id\":\"https:\\\/\\\/nutriagro.az\\\/mehsullar\\\/migma-kombi\\\/\",\"url\":\"https:\\\/\\\/nutriagro.az\\\/mehsullar\\\/migma-kombi\\\/\",\"name\":\"Migma Kombi - Nutri Agro\",\"isPartOf\":{\"@id\":\"https:\\\/\\\/nutriagro.az\\\/#website\"},\"primaryImageOfPage\":{\"@id\":\"https:\\\/\\\/nutriagro.az\\\/mehsullar\\\/migma-kombi\\\/#primaryimage\"},\"image\":{\"@id\":\"https:\\\/\\\/nutriagro.az\\\/mehsullar\\\/migma-kombi\\\/#primaryimage\"},\"thumbnailUrl\":\"https:\\\/\\\/nutriagro.az\\\/wp-content\\\/uploads\\\/2025\\\/04\\\/migma_combi.webp\",\"datePublished\":\"2025-04-24T12:16:30+00:00\",\"dateModified\":\"2025-11-19T09:30:21+00:00\",\"breadcrumb\":{\"@id\":\"https:\\\/\\\/nutriagro.az\\\/mehsullar\\\/migma-kombi\\\/#breadcrumb\"},\"inLanguage\":\"en-US\",\"potentialAction\":[{\"@type\":\"ReadAction\",\"target\":[\"https:\\\/\\\/nutriagro.az\\\/mehsullar\\\/migma-kombi\\\/\"]}]},{\"@type\":\"ImageObject\",\"inLanguage\":\"en-US\",\"@id\":\"https:\\\/\\\/nutriagro.az\\\/mehsullar\\\/migma-kombi\\\/#primaryimage\",\"url\":\"https:\\\/\\\/nutriagro.az\\\/wp-content\\\/uploads\\\/2025\\\/04\\\/migma_combi.webp\",\"contentUrl\":\"https:\\\/\\\/nutriagro.az\\\/wp-content\\\/uploads\\\/2025\\\/04\\\/migma_combi.webp\",\"width\":1950,\"height\":1950,\"caption\":\"G\u00fcbr\u0259 Migma Kombi\"},{\"@type\":\"BreadcrumbList\",\"@id\":\"https:\\\/\\\/nutriagro.az\\\/mehsullar\\\/migma-kombi\\\/#breadcrumb\",\"itemListElement\":[{\"@type\":\"ListItem\",\"position\":1,\"name\":\"Home\",\"item\":\"https:\\\/\\\/nutriagro.az\\\/\"},{\"@type\":\"ListItem\",\"position\":2,\"name\":\"Products\",\"item\":\"https:\\\/\\\/nutriagro.az\\\/shop\\\/\"},{\"@type\":\"ListItem\",\"position\":3,\"name\":\"Migma Kombi\"}]},{\"@type\":\"WebSite\",\"@id\":\"https:\\\/\\\/nutriagro.az\\\/#website\",\"url\":\"https:\\\/\\\/nutriagro.az\\\/\",\"name\":\"Nutri Agro\",\"description\":\"\",\"potentialAction\":[{\"@type\":\"SearchAction\",\"target\":{\"@type\":\"EntryPoint\",\"urlTemplate\":\"https:\\\/\\\/nutriagro.az\\\/?s={search_term_string}\"},\"query-input\":{\"@type\":\"PropertyValueSpecification\",\"valueRequired\":true,\"valueName\":\"search_term_string\"}}],\"inLanguage\":\"en-US\"}]}<\/script>\n<!-- \/ Yoast SEO plugin. -->","yoast_head_json":{"title":"Migma Kombi - Nutri Agro","robots":{"index":"index","follow":"follow","max-snippet":"max-snippet:-1","max-image-preview":"max-image-preview:large","max-video-preview":"max-video-preview:-1"},"canonical":"https:\/\/nutriagro.az\/en\/mehsullar\/migma-kombi\/","og_locale":"en_US","og_type":"article","og_title":"Migma Kombi - Nutri Agro","og_description":"Z\u018fMAN\u018fTL\u0130 M\u018fZMUN %W\/W   Suda h\u0259ll olunan bor (B) 1.3   Suda h\u0259ll olunan mis (Cu), tam EDTA xelatl\u0131 0.5   Suda h\u0259ll olunan d\u0259mir (Fe), tam EDTA xelatl\u0131 4   Suda h\u0259ll olunan manqan (Mn), tam EDTA xelatl\u0131 3   Suda h\u0259ll olunan sink (Zn), tam EDTA xelatl\u0131 4   Suda h\u0259ll olunan molibden (Mo) 0.05   EDTA Chelates \u00fc\u00e7\u00fcn pH Sabitlik Aral\u0131\u011f\u0131: Cu, Fe, Mn v\u0259 Zn 2 - 11","og_url":"https:\/\/nutriagro.az\/en\/mehsullar\/migma-kombi\/","og_site_name":"Nutri Agro","article_modified_time":"2025-11-19T09:30:21+00:00","og_image":[{"width":1950,"height":1950,"url":"https:\/\/nutriagro.az\/wp-content\/uploads\/2025\/04\/migma_combi.webp","type":"image\/webp"}],"twitter_card":"summary_large_image","twitter_misc":{"Est. reading time":"1 minute"},"schema":{"@context":"https:\/\/schema.org","@graph":[{"@type":"WebPage","@id":"https:\/\/nutriagro.az\/mehsullar\/migma-kombi\/","url":"https:\/\/nutriagro.az\/mehsullar\/migma-kombi\/","name":"Migma Kombi - Nutri Agro","isPartOf":{"@id":"https:\/\/nutriagro.az\/#website"},"primaryImageOfPage":{"@id":"https:\/\/nutriagro.az\/mehsullar\/migma-kombi\/#primaryimage"},"image":{"@id":"https:\/\/nutriagro.az\/mehsullar\/migma-kombi\/#primaryimage"},"thumbnailUrl":"https:\/\/nutriagro.az\/wp-content\/uploads\/2025\/04\/migma_combi.webp","datePublished":"2025-04-24T12:16:30+00:00","dateModified":"2025-11-19T09:30:21+00:00","breadcrumb":{"@id":"https:\/\/nutriagro.az\/mehsullar\/migma-kombi\/#breadcrumb"},"inLanguage":"en-US","potentialAction":[{"@type":"ReadAction","target":["https:\/\/nutriagro.az\/mehsullar\/migma-kombi\/"]}]},{"@type":"ImageObject","inLanguage":"en-US","@id":"https:\/\/nutriagro.az\/mehsullar\/migma-kombi\/#primaryimage","url":"https:\/\/nutriagro.az\/wp-content\/uploads\/2025\/04\/migma_combi.webp","contentUrl":"https:\/\/nutriagro.az\/wp-content\/uploads\/2025\/04\/migma_combi.webp","width":1950,"height":1950,"caption":"G\u00fcbr\u0259 Migma Kombi"},{"@type":"BreadcrumbList","@id":"https:\/\/nutriagro.az\/mehsullar\/migma-kombi\/#breadcrumb","itemListElement":[{"@type":"ListItem","position":1,"name":"Home","item":"https:\/\/nutriagro.az\/"},{"@type":"ListItem","position":2,"name":"Products","item":"https:\/\/nutriagro.az\/shop\/"},{"@type":"ListItem","position":3,"name":"Migma Kombi"}]},{"@type":"WebSite","@id":"https:\/\/nutriagro.az\/#website","url":"https:\/\/nutriagro.az\/","name":"Nutri Agro","description":"","potentialAction":[{"@type":"SearchAction","target":{"@type":"EntryPoint","urlTemplate":"https:\/\/nutriagro.az\/?s={search_term_string}"},"query-input":{"@type":"PropertyValueSpecification","valueRequired":true,"valueName":"search_term_string"}}],"inLanguage":"en-US"}]}},"jetpack_sharing_enabled":true,"_links":{"self":[{"href":"https:\/\/nutriagro.az\/en\/wp-json\/wp\/v2\/product\/3258","targetHints":{"allow":["GET"]}}],"collection":[{"href":"https:\/\/nutriagro.az\/en\/wp-json\/wp\/v2\/product"}],"about":[{"href":"https:\/\/nutriagro.az\/en\/wp-json\/wp\/v2\/types\/product"}],"wp:featuredmedia":[{"embeddable":true,"href":"https:\/\/nutriagro.az\/en\/wp-json\/wp\/v2\/media\/3259"}],"wp:attachment":[{"href":"https:\/\/nutriagro.az\/en\/wp-json\/wp\/v2\/media?parent=3258"}],"wp:term":[{"taxonomy":"product_brand","embeddable":true,"href":"https:\/\/nutriagro.az\/en\/wp-json\/wp\/v2\/product_brand?post=3258"},{"taxonomy":"product_cat","embeddable":true,"href":"https:\/\/nutriagro.az\/en\/wp-json\/wp\/v2\/product_cat?post=3258"},{"taxonomy":"product_tag","embeddable":true,"href":"https:\/\/nutriagro.az\/en\/wp-json\/wp\/v2\/product_tag?post=3258"}],"curies":[{"name":"wp","href":"https:\/\/api.w.org\/{rel}","templated":true}]}}