{"id":3252,"date":"2025-12-06T16:03:11","date_gmt":"2025-12-06T12:03:11","guid":{"rendered":"https:\/\/nutriagro.az\/?post_type=product&#038;p=3252"},"modified":"2025-12-11T15:44:43","modified_gmt":"2025-12-11T11:44:43","slug":"migma-calnit","status":"publish","type":"product","link":"https:\/\/nutriagro.az\/en\/mehsullar\/migma-calnit\/","title":{"rendered":"Migma CalNit"},"content":{"rendered":"<p><strong>T\u018fTB\u0130Q SAH\u018fL\u018fR\u0130, \u00dcSULLARI, VAXTINI V\u018f K\u018fM\u0130YY\u018fT\u0130<\/strong><\/p>\n<p>&nbsp;<\/p>\n<table>\n<tbody>\n<tr>\n<td><strong>m\u0259hsul<\/strong><\/td>\n<td><strong>M\u00fcraci\u0259t m\u00fcdd\u0259ti<\/strong><\/td>\n<td><strong>Torpaq T\u0259tbiqi<\/strong><\/td>\n<td><strong>Yaprak t\u0259tbiqi<\/strong><\/td>\n<\/tr>\n<tr>\n<td>\u0130stixana v\u0259 a\u00e7\u0131q tarla t\u0259r\u0259v\u0259zl\u0259ri (pomidor, bib\u0259r, xiyar, bad\u0131mcan, lobya, \u00e7iy\u0259l\u0259k v\u0259 s.)<\/td>\n<td>Fidanlar\u0131n<br \/>\nk\u00f6\u00e7\u00fcr\u00fclm\u0259sind\u0259n bir h\u0259ft\u0259 sonra,<br \/>\nvegetativ b\u00f6y\u00fcm\u0259 boyunca.<\/td>\n<td>1.5-2L<\/td>\n<td>200-250ml \/ 100L<\/td>\n<\/tr>\n<tr>\n<td>Q\u0131\u015f t\u0259r\u0259v\u0259zl\u0259ri (kah\u0131, k\u0259l\u0259m, ispanaq v\u0259 s.)<\/td>\n<td>Vegetativ<br \/>\nb\u00f6y\u00fcm\u0259 zaman\u0131 3-4 t\u0259tbiq.<\/td>\n<td>1.5-2L<\/td>\n<td>200-250ml \/ 100L<\/td>\n<\/tr>\n<tr>\n<td>Yumru bitkil\u0259r (\u015f\u0259k\u0259r \u00e7u\u011funduru, kartof, so\u011fan v\u0259 s.)<\/td>\n<td>\u00c7apadan sonra bir t\u0259tbiq, 15-20 g\u00fcnd\u0259n sonra ikinci t\u0259tbiq<\/td>\n<td>1.5-2L<\/td>\n<td>200-250ml \/ 100L<\/td>\n<\/tr>\n<tr>\n<td>Cucurbits (Qovun, Qarp\u0131z, Balqabaq)<\/td>\n<td>Budaqlar\u0131n \u0259m\u0259l\u0259 g\u0259lm\u0259si, meyv\u0259 verm\u0259si v\u0259 vegetasiya d\u00f6vr\u00fcnd\u0259 (3-4 t\u0259tbiq)<\/td>\n<td>1.5-2L<\/td>\n<td>200-250ml \/ 100L<\/td>\n<\/tr>\n<tr>\n<td>Meyv\u0259 a\u011faclar\u0131 (\u015faftal\u0131, \u0259rik, albal\u0131, gaval\u0131, alma, armud, heyva, sitrus, zeytun, \u00fcz\u00fcm ba\u011f\u0131, f\u0131nd\u0131q, p\u00fcst\u0259 v\u0259 s.)<\/td>\n<td>Vegetasiya d\u00f6vr\u00fcnd\u0259 3-4 t\u0259tbiq<\/td>\n<td>1.5-2L<\/td>\n<td>200-250ml \/ 100L<\/td>\n<\/tr>\n<tr>\n<td>Banan<\/td>\n<td>\u018fkind\u0259n bir ay sonra, \u00e7i\u00e7\u0259kl\u0259nm\u0259d\u0259n \u0259vv\u0259l v\u0259 sonra v\u0259 vegetasiya d\u00f6vr\u00fcnd\u0259 ba\u015flay\u0131r<\/td>\n<td>1.5-2L<\/td>\n<td>200-250ml \/ 100L<\/td>\n<\/tr>\n<tr>\n<td>S\u0259naye zavodlar\u0131 (pamb\u0131q, g\u00fcn\u0259baxan v\u0259 s.)<\/td>\n<td>Bitkil\u0259r 15-20 sm h\u00fcnd\u00fcrl\u00fcy\u0259 \u00e7atd\u0131qda ba\u015flayaraq 2-3 t\u0259tbiq<\/td>\n<td>1.5-2L<\/td>\n<td>200-250ml \/ 100L<\/td>\n<\/tr>\n<tr>\n<td>Paxlal\u0131lar (noxud, lobya, m\u0259rci, soya v\u0259 s.)<\/td>\n<td>B\u00f6y\u00fcm\u0259 d\u00f6vr\u00fcnd\u0259<\/td>\n<td>1.5-2L<\/td>\n<td>200-250ml \/ 100L<\/td>\n<\/tr>\n<tr>\n<td>Tax\u0131llar (qar\u011f\u0131dal\u0131, bu\u011fda, arpa, d\u00fcy\u00fc v\u0259 s.)<\/td>\n<td>B\u00f6y\u00fcm\u0259 d\u00f6vr\u00fcnd\u0259<\/td>\n<td>1.5-2L<\/td>\n<td>200-250ml \/ 100L<\/td>\n<\/tr>\n<tr>\n<td>K\u0259silmi\u015f \u00c7i\u00e7\u0259kl\u0259r<\/td>\n<td>\u0130lkin yarpaq formala\u015fd\u0131qdan sonra, h\u0259r 15-20 g\u00fcnd\u0259<\/td>\n<td>1.5-2L<\/td>\n<td>200-250ml \/ 100L<\/td>\n<\/tr>\n<tr>\n<td>\u00c7\u0259m\u0259n otlar<\/td>\n<td>B\u00f6y\u00fcm\u0259 d\u00f6vr\u00fcnd\u0259<\/td>\n<td>1.5-2L<\/td>\n<td>100-150ml \/ 100L<\/td>\n<\/tr>\n<\/tbody>\n<\/table>","protected":false},"excerpt":{"rendered":"<table>\n<tbody>\n<tr>\n<td><strong>Z\u018fMAN\u018fTL\u0130 M\u018fZMUN<\/strong><\/td>\n<td><strong>%W\/W<\/strong><\/td>\n<\/tr>\n<tr>\n<td>\u00dcmumi Azot (N)<\/td>\n<td>8<\/td>\n<\/tr>\n<tr>\n<td>Nitrat Azot (NO3-N)<\/td>\n<td>8<\/td>\n<\/tr>\n<tr>\n<td>Suda h\u0259ll olunan kalsium oksidi (CaO)<\/td>\n<td>16<\/td>\n<\/tr>\n<\/tbody>\n<\/table>","protected":false},"featured_media":3253,"template":"","meta":[],"product_brand":[],"product_cat":[65],"product_tag":[],"class_list":{"0":"post-3252","1":"product","2":"type-product","3":"status-publish","4":"has-post-thumbnail","6":"product_cat-npk-yarpaq-gubrlri","8":"first","9":"instock","10":"shipping-taxable","11":"product-type-simple"},"yoast_head":"<!-- This site is optimized with the Yoast SEO plugin v27.4 - https:\/\/yoast.com\/product\/yoast-seo-wordpress\/ -->\n<title>Migma CalNit - Nutri Agro<\/title>\n<meta name=\"robots\" content=\"index, follow, max-snippet:-1, max-image-preview:large, max-video-preview:-1\" \/>\n<link rel=\"canonical\" href=\"https:\/\/nutriagro.az\/en\/mehsullar\/migma-calnit\/\" \/>\n<meta property=\"og:locale\" content=\"en_US\" \/>\n<meta property=\"og:type\" content=\"article\" \/>\n<meta property=\"og:title\" content=\"Migma CalNit - Nutri Agro\" \/>\n<meta property=\"og:description\" content=\"Z\u018fMAN\u018fTL\u0130 M\u018fZMUN %W\/W   \u00dcmumi Azot (N) 8   Nitrat Azot (NO3-N) 8   Suda h\u0259ll olunan kalsium oksidi (CaO) 16\" \/>\n<meta property=\"og:url\" content=\"https:\/\/nutriagro.az\/en\/mehsullar\/migma-calnit\/\" \/>\n<meta property=\"og:site_name\" content=\"Nutri Agro\" \/>\n<meta property=\"article:modified_time\" content=\"2025-12-11T11:44:43+00:00\" \/>\n<meta property=\"og:image\" content=\"https:\/\/nutriagro.az\/wp-content\/uploads\/2025\/04\/migma_calnit-scaled.webp\" \/>\n\t<meta property=\"og:image:width\" content=\"1920\" \/>\n\t<meta property=\"og:image:height\" content=\"2560\" \/>\n\t<meta property=\"og:image:type\" content=\"image\/webp\" \/>\n<meta name=\"twitter:card\" content=\"summary_large_image\" \/>\n<meta name=\"twitter:label1\" content=\"Est. reading time\" \/>\n\t<meta name=\"twitter:data1\" content=\"2 minutes\" \/>\n<script type=\"application\/ld+json\" class=\"yoast-schema-graph\">{\"@context\":\"https:\\\/\\\/schema.org\",\"@graph\":[{\"@type\":\"WebPage\",\"@id\":\"https:\\\/\\\/nutriagro.az\\\/mehsullar\\\/migma-calnit\\\/\",\"url\":\"https:\\\/\\\/nutriagro.az\\\/mehsullar\\\/migma-calnit\\\/\",\"name\":\"Migma CalNit - Nutri Agro\",\"isPartOf\":{\"@id\":\"https:\\\/\\\/nutriagro.az\\\/#website\"},\"primaryImageOfPage\":{\"@id\":\"https:\\\/\\\/nutriagro.az\\\/mehsullar\\\/migma-calnit\\\/#primaryimage\"},\"image\":{\"@id\":\"https:\\\/\\\/nutriagro.az\\\/mehsullar\\\/migma-calnit\\\/#primaryimage\"},\"thumbnailUrl\":\"https:\\\/\\\/nutriagro.az\\\/wp-content\\\/uploads\\\/2025\\\/04\\\/migma_calnit-scaled.webp\",\"datePublished\":\"2025-12-06T12:03:11+00:00\",\"dateModified\":\"2025-12-11T11:44:43+00:00\",\"breadcrumb\":{\"@id\":\"https:\\\/\\\/nutriagro.az\\\/mehsullar\\\/migma-calnit\\\/#breadcrumb\"},\"inLanguage\":\"en-US\",\"potentialAction\":[{\"@type\":\"ReadAction\",\"target\":[\"https:\\\/\\\/nutriagro.az\\\/mehsullar\\\/migma-calnit\\\/\"]}]},{\"@type\":\"ImageObject\",\"inLanguage\":\"en-US\",\"@id\":\"https:\\\/\\\/nutriagro.az\\\/mehsullar\\\/migma-calnit\\\/#primaryimage\",\"url\":\"https:\\\/\\\/nutriagro.az\\\/wp-content\\\/uploads\\\/2025\\\/04\\\/migma_calnit-scaled.webp\",\"contentUrl\":\"https:\\\/\\\/nutriagro.az\\\/wp-content\\\/uploads\\\/2025\\\/04\\\/migma_calnit-scaled.webp\",\"width\":1920,\"height\":2560,\"caption\":\"G\u00fcbr\u0259 Migma CalNit\"},{\"@type\":\"BreadcrumbList\",\"@id\":\"https:\\\/\\\/nutriagro.az\\\/mehsullar\\\/migma-calnit\\\/#breadcrumb\",\"itemListElement\":[{\"@type\":\"ListItem\",\"position\":1,\"name\":\"Home\",\"item\":\"https:\\\/\\\/nutriagro.az\\\/\"},{\"@type\":\"ListItem\",\"position\":2,\"name\":\"Products\",\"item\":\"https:\\\/\\\/nutriagro.az\\\/shop\\\/\"},{\"@type\":\"ListItem\",\"position\":3,\"name\":\"Migma CalNit\"}]},{\"@type\":\"WebSite\",\"@id\":\"https:\\\/\\\/nutriagro.az\\\/#website\",\"url\":\"https:\\\/\\\/nutriagro.az\\\/\",\"name\":\"Nutri Agro\",\"description\":\"\",\"potentialAction\":[{\"@type\":\"SearchAction\",\"target\":{\"@type\":\"EntryPoint\",\"urlTemplate\":\"https:\\\/\\\/nutriagro.az\\\/?s={search_term_string}\"},\"query-input\":{\"@type\":\"PropertyValueSpecification\",\"valueRequired\":true,\"valueName\":\"search_term_string\"}}],\"inLanguage\":\"en-US\"}]}<\/script>\n<!-- \/ Yoast SEO plugin. -->","yoast_head_json":{"title":"Migma CalNit - Nutri Agro","robots":{"index":"index","follow":"follow","max-snippet":"max-snippet:-1","max-image-preview":"max-image-preview:large","max-video-preview":"max-video-preview:-1"},"canonical":"https:\/\/nutriagro.az\/en\/mehsullar\/migma-calnit\/","og_locale":"en_US","og_type":"article","og_title":"Migma CalNit - Nutri Agro","og_description":"Z\u018fMAN\u018fTL\u0130 M\u018fZMUN %W\/W   \u00dcmumi Azot (N) 8   Nitrat Azot (NO3-N) 8   Suda h\u0259ll olunan kalsium oksidi (CaO) 16","og_url":"https:\/\/nutriagro.az\/en\/mehsullar\/migma-calnit\/","og_site_name":"Nutri Agro","article_modified_time":"2025-12-11T11:44:43+00:00","og_image":[{"width":1920,"height":2560,"url":"https:\/\/nutriagro.az\/wp-content\/uploads\/2025\/04\/migma_calnit-scaled.webp","type":"image\/webp"}],"twitter_card":"summary_large_image","twitter_misc":{"Est. reading time":"2 minutes"},"schema":{"@context":"https:\/\/schema.org","@graph":[{"@type":"WebPage","@id":"https:\/\/nutriagro.az\/mehsullar\/migma-calnit\/","url":"https:\/\/nutriagro.az\/mehsullar\/migma-calnit\/","name":"Migma CalNit - Nutri Agro","isPartOf":{"@id":"https:\/\/nutriagro.az\/#website"},"primaryImageOfPage":{"@id":"https:\/\/nutriagro.az\/mehsullar\/migma-calnit\/#primaryimage"},"image":{"@id":"https:\/\/nutriagro.az\/mehsullar\/migma-calnit\/#primaryimage"},"thumbnailUrl":"https:\/\/nutriagro.az\/wp-content\/uploads\/2025\/04\/migma_calnit-scaled.webp","datePublished":"2025-12-06T12:03:11+00:00","dateModified":"2025-12-11T11:44:43+00:00","breadcrumb":{"@id":"https:\/\/nutriagro.az\/mehsullar\/migma-calnit\/#breadcrumb"},"inLanguage":"en-US","potentialAction":[{"@type":"ReadAction","target":["https:\/\/nutriagro.az\/mehsullar\/migma-calnit\/"]}]},{"@type":"ImageObject","inLanguage":"en-US","@id":"https:\/\/nutriagro.az\/mehsullar\/migma-calnit\/#primaryimage","url":"https:\/\/nutriagro.az\/wp-content\/uploads\/2025\/04\/migma_calnit-scaled.webp","contentUrl":"https:\/\/nutriagro.az\/wp-content\/uploads\/2025\/04\/migma_calnit-scaled.webp","width":1920,"height":2560,"caption":"G\u00fcbr\u0259 Migma CalNit"},{"@type":"BreadcrumbList","@id":"https:\/\/nutriagro.az\/mehsullar\/migma-calnit\/#breadcrumb","itemListElement":[{"@type":"ListItem","position":1,"name":"Home","item":"https:\/\/nutriagro.az\/"},{"@type":"ListItem","position":2,"name":"Products","item":"https:\/\/nutriagro.az\/shop\/"},{"@type":"ListItem","position":3,"name":"Migma CalNit"}]},{"@type":"WebSite","@id":"https:\/\/nutriagro.az\/#website","url":"https:\/\/nutriagro.az\/","name":"Nutri Agro","description":"","potentialAction":[{"@type":"SearchAction","target":{"@type":"EntryPoint","urlTemplate":"https:\/\/nutriagro.az\/?s={search_term_string}"},"query-input":{"@type":"PropertyValueSpecification","valueRequired":true,"valueName":"search_term_string"}}],"inLanguage":"en-US"}]}},"jetpack_sharing_enabled":true,"_links":{"self":[{"href":"https:\/\/nutriagro.az\/en\/wp-json\/wp\/v2\/product\/3252","targetHints":{"allow":["GET"]}}],"collection":[{"href":"https:\/\/nutriagro.az\/en\/wp-json\/wp\/v2\/product"}],"about":[{"href":"https:\/\/nutriagro.az\/en\/wp-json\/wp\/v2\/types\/product"}],"wp:featuredmedia":[{"embeddable":true,"href":"https:\/\/nutriagro.az\/en\/wp-json\/wp\/v2\/media\/3253"}],"wp:attachment":[{"href":"https:\/\/nutriagro.az\/en\/wp-json\/wp\/v2\/media?parent=3252"}],"wp:term":[{"taxonomy":"product_brand","embeddable":true,"href":"https:\/\/nutriagro.az\/en\/wp-json\/wp\/v2\/product_brand?post=3252"},{"taxonomy":"product_cat","embeddable":true,"href":"https:\/\/nutriagro.az\/en\/wp-json\/wp\/v2\/product_cat?post=3252"},{"taxonomy":"product_tag","embeddable":true,"href":"https:\/\/nutriagro.az\/en\/wp-json\/wp\/v2\/product_tag?post=3252"}],"curies":[{"name":"wp","href":"https:\/\/api.w.org\/{rel}","templated":true}]}}