{"id":3249,"date":"2025-04-24T15:24:16","date_gmt":"2025-04-24T11:24:16","guid":{"rendered":"https:\/\/nutriagro.az\/?post_type=product&#038;p=3249"},"modified":"2025-11-19T13:33:24","modified_gmt":"2025-11-19T09:33:24","slug":"migma-te-mix","status":"publish","type":"product","link":"https:\/\/nutriagro.az\/en\/mehsullar\/migma-te-mix\/","title":{"rendered":"Migma TE-Mix"},"content":{"rendered":"<p><strong>T\u018fTB\u0130Q SAH\u018fL\u018fR\u0130, \u00dcSULLARI, VAXTINI V\u018f K\u018fM\u0130YY\u018fT\u0130<\/strong><\/p>\n<p>Bor (B), Mis (Cu), D\u0259mir (Fe), Manqan (Mn), Sink (Zn) B\u0259rk Mikroelement Qar\u0131\u015f\u0131\u011f\u0131<\/p>\n<p>&nbsp;<\/p>\n<table>\n<tbody>\n<tr>\n<td><strong>Bitki n\u00f6v\u00fc<\/strong><\/td>\n<td><strong>M\u00fcraci\u0259t m\u00fcdd\u0259ti<\/strong><\/td>\n<td><strong>Yaprak t\u0259tbiqi<\/strong><\/td>\n<\/tr>\n<tr>\n<td>\u0130stixana v\u0259 a\u00e7\u0131q tarla t\u0259r\u0259v\u0259zl\u0259ri (pomidor, bib\u0259r, xiyar, bad\u0131mcan, lobya v\u0259 s.)<\/td>\n<td>\u0130lk meyv\u0259l\u0259rd\u0259n sonra 15-20 g\u00fcn aral\u0131\u011f\u0131nda<\/td>\n<td>150 &#8211; 250 q \/ 100 L<\/td>\n<\/tr>\n<tr>\n<td>Q\u0131\u015f t\u0259r\u0259v\u0259zl\u0259ri (kah\u0131, k\u0259l\u0259m, ispanaq v\u0259 s.)<\/td>\n<td>3-4 yarpaq oldu\u011fu d\u00f6vrd\u0259n ba\u015flayaraq 15-20 g\u00fcn fasil\u0259l\u0259rl\u0259.<\/td>\n<td>150 &#8211; 250 q \/ 100 L<\/td>\n<\/tr>\n<tr>\n<td>Yumru bitkil\u0259r (\u015f\u0259k\u0259r \u00e7u\u011funduru, kartof, so\u011fan v\u0259 s.)<\/td>\n<td>4-6 yarpaq d\u00f6vr\u00fcnd\u0259n ba\u015flayaraq v\u0259 ilk meyv\u0259d\u0259n sonra 15 20 g\u00fcn fasil\u0259l\u0259rl\u0259.<\/td>\n<td>150 &#8211; 250 q \/ 100 L<\/td>\n<\/tr>\n<tr>\n<td>Meyv\u0259 a\u011faclar\u0131 (\u015faftal\u0131, \u0259rik, albal\u0131, gaval\u0131, alma, armud, heyva, sitrus, zeytun, \u00fcz\u00fcm ba\u011f\u0131, f\u0131nd\u0131q, p\u00fcst\u0259 v\u0259 s.)<\/td>\n<td>Meyv\u0259nin formala\u015fmas\u0131ndan sonra v\u0259 m\u0259hsul y\u0131\u011f\u0131m\u0131 d\u00f6vr\u00fcnd\u0259 h\u0259ft\u0259lik t\u0259tbiql\u0259r.<\/td>\n<td>150 &#8211; 250 q \/ 100 L<\/td>\n<\/tr>\n<tr>\n<td>S\u0259naye zavodlar\u0131 (pamb\u0131q, g\u00fcn\u0259baxan v\u0259 s.)<\/td>\n<td>Bitki \u00e7i\u00e7\u0259kl\u0259rinin \u0259m\u0259l\u0259 g\u0259lm\u0259sind\u0259n \u0259vv\u0259l 1 h\u0259ft\u0259lik fasil\u0259l\u0259rl\u0259 t\u0259tbiq edin.<\/td>\n<td>150 &#8211; 250 q \/ 100 L<\/td>\n<\/tr>\n<tr>\n<td>Paxlal\u0131lar<\/td>\n<td>Pod \u0259m\u0259l\u0259 g\u0259lm\u0259zd\u0259n \u0259vv\u0259l 1 h\u0259ft\u0259lik fasil\u0259l\u0259rl\u0259 2-3 t\u0259tbiq edilir<\/td>\n<td>150 &#8211; 250 q \/ 100 L<\/td>\n<\/tr>\n<tr>\n<td>Tax\u0131llar (qar\u011f\u0131dal\u0131, bu\u011fda, arpa, d\u00fcy\u00fc v\u0259 s.)<\/td>\n<td>Bec\u0259rm\u0259 d\u00f6vr\u00fcnd\u0259 v\u0259 sonra<\/td>\n<td>150 &#8211; 250 q \/ 100 L<\/td>\n<\/tr>\n<tr>\n<td>K\u0259silmi\u015f \u00c7i\u00e7\u0259k<\/td>\n<td>B\u00f6y\u00fcm\u0259 d\u00f6vr\u00fc \u0259rzind\u0259 h\u0259r 15-20 g\u00fcnd\u0259 t\u0259tbiq olunur.<\/td>\n<td>150 &#8211; 250 q \/ 100 L<\/td>\n<\/tr>\n<tr>\n<td>\u00c7\u0259m\u0259n otlar<\/td>\n<td>B\u00f6y\u00fcm\u0259 d\u00f6vr\u00fcnd\u0259<\/td>\n<td>150 &#8211; 250 q \/ 100 L<\/td>\n<\/tr>\n<\/tbody>\n<\/table>","protected":false},"excerpt":{"rendered":"<table>\n<tbody>\n<tr>\n<td><strong>Z\u018fMAN\u018fTL\u0130 M\u018fZMUN<\/strong><\/td>\n<td><strong>%W\/W<\/strong><\/td>\n<\/tr>\n<tr>\n<td>Suda h\u0259ll olunan bor (B)<\/td>\n<td>0.4<\/td>\n<\/tr>\n<tr>\n<td>Suda h\u0259ll olunan mis (Cu)<\/td>\n<td>0.5<\/td>\n<\/tr>\n<tr>\n<td>Suda h\u0259ll olunan d\u0259mir (Fe)<\/td>\n<td>2<\/td>\n<\/tr>\n<tr>\n<td>Suda h\u0259ll olunan manqan (Mn)<\/td>\n<td>3.5<\/td>\n<\/tr>\n<tr>\n<td>Suda h\u0259ll olunan sink (Zn)<\/td>\n<td>5.5<\/td>\n<\/tr>\n<\/tbody>\n<\/table>","protected":false},"featured_media":3250,"template":"","meta":[],"product_brand":[],"product_cat":[65],"product_tag":[],"class_list":{"0":"post-3249","1":"product","2":"type-product","3":"status-publish","4":"has-post-thumbnail","6":"product_cat-npk-yarpaq-gubrlri","8":"first","9":"instock","10":"shipping-taxable","11":"product-type-simple"},"yoast_head":"<!-- This site is optimized with the Yoast SEO plugin v27.4 - https:\/\/yoast.com\/product\/yoast-seo-wordpress\/ -->\n<title>Migma TE-Mix - Nutri Agro<\/title>\n<meta name=\"robots\" content=\"index, follow, max-snippet:-1, max-image-preview:large, max-video-preview:-1\" \/>\n<link rel=\"canonical\" href=\"https:\/\/nutriagro.az\/en\/mehsullar\/migma-te-mix\/\" \/>\n<meta property=\"og:locale\" content=\"en_US\" \/>\n<meta property=\"og:type\" content=\"article\" \/>\n<meta property=\"og:title\" content=\"Migma TE-Mix - Nutri Agro\" \/>\n<meta property=\"og:description\" content=\"Z\u018fMAN\u018fTL\u0130 M\u018fZMUN %W\/W   Suda h\u0259ll olunan bor (B) 0.4   Suda h\u0259ll olunan mis (Cu) 0.5   Suda h\u0259ll olunan d\u0259mir (Fe) 2   Suda h\u0259ll olunan manqan (Mn) 3.5   Suda h\u0259ll olunan sink (Zn) 5.5\" \/>\n<meta property=\"og:url\" content=\"https:\/\/nutriagro.az\/en\/mehsullar\/migma-te-mix\/\" \/>\n<meta property=\"og:site_name\" content=\"Nutri Agro\" \/>\n<meta property=\"article:modified_time\" content=\"2025-11-19T09:33:24+00:00\" \/>\n<meta property=\"og:image\" content=\"https:\/\/nutriagro.az\/wp-content\/uploads\/2025\/04\/migma_te-mix.webp\" \/>\n\t<meta property=\"og:image:width\" content=\"2560\" \/>\n\t<meta property=\"og:image:height\" content=\"2560\" \/>\n\t<meta property=\"og:image:type\" content=\"image\/webp\" \/>\n<meta name=\"twitter:card\" content=\"summary_large_image\" \/>\n<meta name=\"twitter:label1\" content=\"Est. reading time\" \/>\n\t<meta name=\"twitter:data1\" content=\"2 minutes\" \/>\n<script type=\"application\/ld+json\" class=\"yoast-schema-graph\">{\"@context\":\"https:\\\/\\\/schema.org\",\"@graph\":[{\"@type\":\"WebPage\",\"@id\":\"https:\\\/\\\/nutriagro.az\\\/mehsullar\\\/migma-te-mix\\\/\",\"url\":\"https:\\\/\\\/nutriagro.az\\\/mehsullar\\\/migma-te-mix\\\/\",\"name\":\"Migma TE-Mix - Nutri Agro\",\"isPartOf\":{\"@id\":\"https:\\\/\\\/nutriagro.az\\\/#website\"},\"primaryImageOfPage\":{\"@id\":\"https:\\\/\\\/nutriagro.az\\\/mehsullar\\\/migma-te-mix\\\/#primaryimage\"},\"image\":{\"@id\":\"https:\\\/\\\/nutriagro.az\\\/mehsullar\\\/migma-te-mix\\\/#primaryimage\"},\"thumbnailUrl\":\"https:\\\/\\\/nutriagro.az\\\/wp-content\\\/uploads\\\/2025\\\/04\\\/migma_te-mix.webp\",\"datePublished\":\"2025-04-24T11:24:16+00:00\",\"dateModified\":\"2025-11-19T09:33:24+00:00\",\"breadcrumb\":{\"@id\":\"https:\\\/\\\/nutriagro.az\\\/mehsullar\\\/migma-te-mix\\\/#breadcrumb\"},\"inLanguage\":\"en-US\",\"potentialAction\":[{\"@type\":\"ReadAction\",\"target\":[\"https:\\\/\\\/nutriagro.az\\\/mehsullar\\\/migma-te-mix\\\/\"]}]},{\"@type\":\"ImageObject\",\"inLanguage\":\"en-US\",\"@id\":\"https:\\\/\\\/nutriagro.az\\\/mehsullar\\\/migma-te-mix\\\/#primaryimage\",\"url\":\"https:\\\/\\\/nutriagro.az\\\/wp-content\\\/uploads\\\/2025\\\/04\\\/migma_te-mix.webp\",\"contentUrl\":\"https:\\\/\\\/nutriagro.az\\\/wp-content\\\/uploads\\\/2025\\\/04\\\/migma_te-mix.webp\",\"width\":2560,\"height\":2560,\"caption\":\"Migma TE-Mix G\u00fcbr\u0259si\"},{\"@type\":\"BreadcrumbList\",\"@id\":\"https:\\\/\\\/nutriagro.az\\\/mehsullar\\\/migma-te-mix\\\/#breadcrumb\",\"itemListElement\":[{\"@type\":\"ListItem\",\"position\":1,\"name\":\"Home\",\"item\":\"https:\\\/\\\/nutriagro.az\\\/\"},{\"@type\":\"ListItem\",\"position\":2,\"name\":\"Products\",\"item\":\"https:\\\/\\\/nutriagro.az\\\/shop\\\/\"},{\"@type\":\"ListItem\",\"position\":3,\"name\":\"Migma TE-Mix\"}]},{\"@type\":\"WebSite\",\"@id\":\"https:\\\/\\\/nutriagro.az\\\/#website\",\"url\":\"https:\\\/\\\/nutriagro.az\\\/\",\"name\":\"Nutri Agro\",\"description\":\"\",\"potentialAction\":[{\"@type\":\"SearchAction\",\"target\":{\"@type\":\"EntryPoint\",\"urlTemplate\":\"https:\\\/\\\/nutriagro.az\\\/?s={search_term_string}\"},\"query-input\":{\"@type\":\"PropertyValueSpecification\",\"valueRequired\":true,\"valueName\":\"search_term_string\"}}],\"inLanguage\":\"en-US\"}]}<\/script>\n<!-- \/ Yoast SEO plugin. -->","yoast_head_json":{"title":"Migma TE-Mix - Nutri Agro","robots":{"index":"index","follow":"follow","max-snippet":"max-snippet:-1","max-image-preview":"max-image-preview:large","max-video-preview":"max-video-preview:-1"},"canonical":"https:\/\/nutriagro.az\/en\/mehsullar\/migma-te-mix\/","og_locale":"en_US","og_type":"article","og_title":"Migma TE-Mix - Nutri Agro","og_description":"Z\u018fMAN\u018fTL\u0130 M\u018fZMUN %W\/W   Suda h\u0259ll olunan bor (B) 0.4   Suda h\u0259ll olunan mis (Cu) 0.5   Suda h\u0259ll olunan d\u0259mir (Fe) 2   Suda h\u0259ll olunan manqan (Mn) 3.5   Suda h\u0259ll olunan sink (Zn) 5.5","og_url":"https:\/\/nutriagro.az\/en\/mehsullar\/migma-te-mix\/","og_site_name":"Nutri Agro","article_modified_time":"2025-11-19T09:33:24+00:00","og_image":[{"width":2560,"height":2560,"url":"https:\/\/nutriagro.az\/wp-content\/uploads\/2025\/04\/migma_te-mix.webp","type":"image\/webp"}],"twitter_card":"summary_large_image","twitter_misc":{"Est. reading time":"2 minutes"},"schema":{"@context":"https:\/\/schema.org","@graph":[{"@type":"WebPage","@id":"https:\/\/nutriagro.az\/mehsullar\/migma-te-mix\/","url":"https:\/\/nutriagro.az\/mehsullar\/migma-te-mix\/","name":"Migma TE-Mix - Nutri Agro","isPartOf":{"@id":"https:\/\/nutriagro.az\/#website"},"primaryImageOfPage":{"@id":"https:\/\/nutriagro.az\/mehsullar\/migma-te-mix\/#primaryimage"},"image":{"@id":"https:\/\/nutriagro.az\/mehsullar\/migma-te-mix\/#primaryimage"},"thumbnailUrl":"https:\/\/nutriagro.az\/wp-content\/uploads\/2025\/04\/migma_te-mix.webp","datePublished":"2025-04-24T11:24:16+00:00","dateModified":"2025-11-19T09:33:24+00:00","breadcrumb":{"@id":"https:\/\/nutriagro.az\/mehsullar\/migma-te-mix\/#breadcrumb"},"inLanguage":"en-US","potentialAction":[{"@type":"ReadAction","target":["https:\/\/nutriagro.az\/mehsullar\/migma-te-mix\/"]}]},{"@type":"ImageObject","inLanguage":"en-US","@id":"https:\/\/nutriagro.az\/mehsullar\/migma-te-mix\/#primaryimage","url":"https:\/\/nutriagro.az\/wp-content\/uploads\/2025\/04\/migma_te-mix.webp","contentUrl":"https:\/\/nutriagro.az\/wp-content\/uploads\/2025\/04\/migma_te-mix.webp","width":2560,"height":2560,"caption":"Migma TE-Mix G\u00fcbr\u0259si"},{"@type":"BreadcrumbList","@id":"https:\/\/nutriagro.az\/mehsullar\/migma-te-mix\/#breadcrumb","itemListElement":[{"@type":"ListItem","position":1,"name":"Home","item":"https:\/\/nutriagro.az\/"},{"@type":"ListItem","position":2,"name":"Products","item":"https:\/\/nutriagro.az\/shop\/"},{"@type":"ListItem","position":3,"name":"Migma TE-Mix"}]},{"@type":"WebSite","@id":"https:\/\/nutriagro.az\/#website","url":"https:\/\/nutriagro.az\/","name":"Nutri Agro","description":"","potentialAction":[{"@type":"SearchAction","target":{"@type":"EntryPoint","urlTemplate":"https:\/\/nutriagro.az\/?s={search_term_string}"},"query-input":{"@type":"PropertyValueSpecification","valueRequired":true,"valueName":"search_term_string"}}],"inLanguage":"en-US"}]}},"jetpack_sharing_enabled":true,"_links":{"self":[{"href":"https:\/\/nutriagro.az\/en\/wp-json\/wp\/v2\/product\/3249","targetHints":{"allow":["GET"]}}],"collection":[{"href":"https:\/\/nutriagro.az\/en\/wp-json\/wp\/v2\/product"}],"about":[{"href":"https:\/\/nutriagro.az\/en\/wp-json\/wp\/v2\/types\/product"}],"wp:featuredmedia":[{"embeddable":true,"href":"https:\/\/nutriagro.az\/en\/wp-json\/wp\/v2\/media\/3250"}],"wp:attachment":[{"href":"https:\/\/nutriagro.az\/en\/wp-json\/wp\/v2\/media?parent=3249"}],"wp:term":[{"taxonomy":"product_brand","embeddable":true,"href":"https:\/\/nutriagro.az\/en\/wp-json\/wp\/v2\/product_brand?post=3249"},{"taxonomy":"product_cat","embeddable":true,"href":"https:\/\/nutriagro.az\/en\/wp-json\/wp\/v2\/product_cat?post=3249"},{"taxonomy":"product_tag","embeddable":true,"href":"https:\/\/nutriagro.az\/en\/wp-json\/wp\/v2\/product_tag?post=3249"}],"curies":[{"name":"wp","href":"https:\/\/api.w.org\/{rel}","templated":true}]}}