{"id":3074,"date":"2025-12-10T16:05:43","date_gmt":"2025-12-10T12:05:43","guid":{"rendered":"https:\/\/nutriagro.az\/?post_type=product&#038;p=3074"},"modified":"2025-12-11T16:34:08","modified_gmt":"2025-12-11T12:34:08","slug":"migma-root","status":"publish","type":"product","link":"https:\/\/nutriagro.az\/en\/mehsullar\/migma-root\/","title":{"rendered":"Migma Root G\u00fcbr\u0259si"},"content":{"rendered":"<p><strong><span>T\u018fTB\u0130Q SAH\u018fL\u018fR\u0130, \u00dcSULLARI, VAXTINI V\u018f K\u018fM\u0130YY\u018fT\u0130<\/span><\/strong><\/p>\n<p><span>T\u0259rkibind\u0259 amin tur\u015fular\u0131 olan bitki \u0259sasl\u0131 maye \u00fczvi g\u00fcbr\u0259<\/span><\/p>\n<p>&nbsp;<\/p>\n<table>\n<tbody>\n<tr>\n<td><strong><span>m\u0259hsul<\/span><\/strong><\/td>\n<td><strong><span>M\u00fcraci\u0259t m\u00fcdd\u0259ti<\/span><\/strong><\/td>\n<td><strong><span>Torpaq T\u0259tbiqi<\/span><\/strong><\/td>\n<td><strong><span>Yaprak t\u0259tbiqi<\/span><\/strong><\/td>\n<\/tr>\n<tr>\n<td><span>\u0130stixana v\u0259 a\u00e7\u0131q tarla t\u0259r\u0259v\u0259zl\u0259ri (pomidor, bib\u0259r, xiyar, bad\u0131mcan, lobya, \u00e7iy\u0259l\u0259k v\u0259 s.)<\/span><\/td>\n<td><span>Fidanlar\u0131n k\u00f6\u00e7\u00fcr\u00fclm\u0259sind\u0259n bir h\u0259ft\u0259 sonra ba\u015flay\u0131n v\u0259 vegetasiya d\u00f6vr\u00fcnd\u0259 davam edin<\/span><\/td>\n<td><span>1 &#8211; 2 L \/ Da<\/span><\/td>\n<td><span>\u00a0200 &#8211; 250 ml \/ 100 L<\/span><\/td>\n<\/tr>\n<tr>\n<td><span>Q\u0131\u015f t\u0259r\u0259v\u0259zl\u0259ri (kah\u0131, k\u0259l\u0259m, ispanaq v\u0259 s.)<\/span><\/td>\n<td><span>Vegetasiya d\u00f6vr\u00fcnd\u0259 3-4 t\u0259tbiq<\/span><\/td>\n<td><span>1 &#8211; 2 L \/ Da<\/span><\/td>\n<td><span>\u00a0200 &#8211; 250 ml \/ 100 L<\/span><\/td>\n<\/tr>\n<tr>\n<td><span>Yumru bitkil\u0259r (\u015f\u0259k\u0259r \u00e7u\u011funduru, kartof, so\u011fan v\u0259 s.)<\/span><\/td>\n<td><span>Bir d\u0259f\u0259 \u00e7apd\u0131qdan sonra v\u0259 ikinci d\u0259f\u0259 15-20 g\u00fcn sonra<\/span><\/td>\n<td><span>1 &#8211; 2 L \/ Da<\/span><\/td>\n<td><span>\u00a0200 &#8211; 250 ml \/ 100 L<\/span><\/td>\n<\/tr>\n<tr>\n<td><span>Cuburbits, Qovun, Qarp\u0131z, Squash<\/span><\/td>\n<td><span>\u00dcz\u00fcm b\u00f6y\u00fcm\u0259si, meyv\u0259 verm\u0259 v\u0259 vegetasiya d\u00f6vr\u00fcnd\u0259 3-4 t\u0259tbiq<\/span><\/td>\n<td><span>1 &#8211; 2 L \/ Da<\/span><\/td>\n<td><span>\u00a0200 &#8211; 250 ml \/ 100 L<\/span><\/td>\n<\/tr>\n<tr>\n<td><span>Meyv\u0259 a\u011faclar\u0131 (\u015faftal\u0131, \u0259rik, albal\u0131, gaval\u0131, alma, armud, heyva, sitrus, zeytun, \u00fcz\u00fcm ba\u011f\u0131, f\u0131nd\u0131q, p\u00fcst\u0259 v\u0259 s.)<\/span><\/td>\n<td><span>Vegetasiya d\u00f6vr\u00fcnd\u0259 3-4 t\u0259tbiq<\/span><\/td>\n<td><span>1 &#8211; 2 L \/ Da<\/span><\/td>\n<td><span>\u00a0200 &#8211; 250 ml \/ 100 L<\/span><\/td>\n<\/tr>\n<tr>\n<td><span>S\u018fNAY\u018f MABD\u0130QL\u018fR\u0130<\/span><br \/>\n<span>\u00a0(Pamb\u0131q, G\u00fcn\u0259baxan v\u0259 s.)<\/span><\/td>\n<td><span>\u018fkind\u0259n bir ay sonra, ba\u015flan\u011f\u0131cdan\u00a0<\/span><br \/>\n<span>do\u011fu\u015fdan \u0259vv\u0259l, sonra v\u0259\u00a0<\/span><br \/>\n<span>vegetativ b\u00f6y\u00fcm\u0259 d\u00f6vr\u00fcnd\u0259<\/span><\/td>\n<td><span>1 &#8211; 2 L \/ Da<\/span><\/td>\n<td><span>\u00a0200 &#8211; 250 ml \/ 100 L<\/span><\/td>\n<\/tr>\n<tr>\n<td><span>S\u0259naye zavodlar\u0131 (pamb\u0131q, g\u00fcn\u0259baxan v\u0259 s.)<\/span><\/td>\n<td><span>Bitki boyu 15-20 sm olduqda ba\u015flay\u0131n v\u0259 2-3 d\u0259f\u0259 t\u0259tbiq edin<\/span><\/td>\n<td><span>1 &#8211; 2 L \/ Da<\/span><\/td>\n<td><span>\u00a0200 &#8211; 250 ml \/ 100 L<\/span><\/td>\n<\/tr>\n<tr>\n<td><span>Paxlal\u0131lar (noxud, lobya, m\u0259rci, soya v\u0259 s.)<\/span><\/td>\n<td><span>B\u00f6y\u00fcm\u0259 d\u00f6vr\u00fcnd\u0259<\/span><\/td>\n<td><span>1 &#8211; 2 L \/ Da<\/span><\/td>\n<td><span>\u00a0200 &#8211; 250 ml \/ 100 L<\/span><\/td>\n<\/tr>\n<tr>\n<td><span>S\u0259naye zavodlar\u0131 (pamb\u0131q, g\u00fcn\u0259baxan v\u0259 s.<\/span><\/td>\n<td><span>B\u00f6y\u00fcm\u0259 d\u00f6vr\u00fcnd\u0259<\/span><\/td>\n<td><span>1 &#8211; 2 L \/ Da<\/span><\/td>\n<td><span>\u00a0200 &#8211; 250 ml \/ 100 L<\/span><\/td>\n<\/tr>\n<tr>\n<td><span>\u00a0\u00c7\u0130M \u00c7\u0130MLER\u0130<\/span><\/td>\n<td><span>B\u00f6y\u00fcm\u0259 d\u00f6vr\u00fcnd\u0259<\/span><\/td>\n<td><span>1 &#8211; 2 L \/ Da<\/span><\/td>\n<td><span>\u00a0200 &#8211; 250 ml \/ 100 L<\/span><\/td>\n<\/tr>\n<\/tbody>\n<\/table>","protected":false},"excerpt":{"rendered":"<table>\n<tbody>\n<tr>\n<td><strong><span>Z\u018fMAN\u018fTL\u0130 M\u018fZMUN<\/span><\/strong><\/td>\n<td><strong><span>%W\/W<\/span><\/strong><\/td>\n<\/tr>\n<tr>\n<td><span>\u00dczvi Madd\u0259<\/span><\/td>\n<td><span>45<\/span><\/td>\n<\/tr>\n<tr>\n<td><span>\u00dczvi Karbon (C)<\/span><\/td>\n<td><span>18<\/span><\/td>\n<\/tr>\n<tr>\n<td><span>\u00dczvi Azot (N)<\/span><\/td>\n<td><span>2<\/span><\/td>\n<\/tr>\n<tr>\n<td><span>Suda h\u0259ll olunan kalium oksidi (K\u2082O)<\/span><\/td>\n<td><span>4<\/span><\/td>\n<\/tr>\n<tr>\n<td><span>Pulsuz amin tur\u015fular\u0131<\/span><\/td>\n<td><span>4<\/span><\/td>\n<\/tr>\n<tr>\n<td><span>pH<\/span><\/td>\n<td><span>4-6<\/span><\/td>\n<\/tr>\n<\/tbody>\n<\/table>","protected":false},"featured_media":3069,"template":"","meta":[],"product_brand":[],"product_cat":[64],"product_tag":[],"class_list":{"0":"post-3074","1":"product","2":"type-product","3":"status-publish","4":"has-post-thumbnail","6":"product_cat-orqanik-v-mineral-gubrlr","8":"first","9":"instock","10":"shipping-taxable","11":"product-type-simple"},"yoast_head":"<!-- This site is optimized with the Yoast SEO plugin v27.3 - https:\/\/yoast.com\/product\/yoast-seo-wordpress\/ -->\n<title>Migma Root G\u00fcbr\u0259si - Nutri Agro<\/title>\n<meta name=\"robots\" content=\"index, follow, max-snippet:-1, max-image-preview:large, max-video-preview:-1\" \/>\n<link rel=\"canonical\" href=\"https:\/\/nutriagro.az\/en\/mehsullar\/migma-root\/\" \/>\n<meta property=\"og:locale\" content=\"en_US\" \/>\n<meta property=\"og:type\" content=\"article\" \/>\n<meta property=\"og:title\" content=\"Migma Root G\u00fcbr\u0259si - Nutri Agro\" \/>\n<meta property=\"og:description\" content=\"Z\u018fMAN\u018fTL\u0130 M\u018fZMUN %W\/W   \u00dczvi Madd\u0259 45   \u00dczvi Karbon (C) 18   \u00dczvi Azot (N) 2   Suda h\u0259ll olunan kalium oksidi (K\u2082O) 4   Pulsuz amin tur\u015fular\u0131 4   pH 4-6\" \/>\n<meta property=\"og:url\" content=\"https:\/\/nutriagro.az\/en\/mehsullar\/migma-root\/\" \/>\n<meta property=\"og:site_name\" content=\"Nutri Agro\" \/>\n<meta property=\"article:modified_time\" content=\"2025-12-11T12:34:08+00:00\" \/>\n<meta property=\"og:image\" content=\"https:\/\/nutriagro.az\/wp-content\/uploads\/2024\/10\/migma_root-scaled.webp\" \/>\n\t<meta property=\"og:image:width\" content=\"1920\" \/>\n\t<meta property=\"og:image:height\" content=\"2560\" \/>\n\t<meta property=\"og:image:type\" content=\"image\/webp\" \/>\n<meta name=\"twitter:card\" content=\"summary_large_image\" \/>\n<meta name=\"twitter:label1\" content=\"Est. reading time\" \/>\n\t<meta name=\"twitter:data1\" content=\"1 minute\" \/>\n<script type=\"application\/ld+json\" class=\"yoast-schema-graph\">{\"@context\":\"https:\\\/\\\/schema.org\",\"@graph\":[{\"@type\":\"WebPage\",\"@id\":\"https:\\\/\\\/nutriagro.az\\\/mehsullar\\\/migma-root\\\/\",\"url\":\"https:\\\/\\\/nutriagro.az\\\/mehsullar\\\/migma-root\\\/\",\"name\":\"Migma Root G\u00fcbr\u0259si - Nutri Agro\",\"isPartOf\":{\"@id\":\"https:\\\/\\\/nutriagro.az\\\/#website\"},\"primaryImageOfPage\":{\"@id\":\"https:\\\/\\\/nutriagro.az\\\/mehsullar\\\/migma-root\\\/#primaryimage\"},\"image\":{\"@id\":\"https:\\\/\\\/nutriagro.az\\\/mehsullar\\\/migma-root\\\/#primaryimage\"},\"thumbnailUrl\":\"https:\\\/\\\/nutriagro.az\\\/wp-content\\\/uploads\\\/2024\\\/10\\\/migma_root-scaled.webp\",\"datePublished\":\"2025-12-10T12:05:43+00:00\",\"dateModified\":\"2025-12-11T12:34:08+00:00\",\"breadcrumb\":{\"@id\":\"https:\\\/\\\/nutriagro.az\\\/mehsullar\\\/migma-root\\\/#breadcrumb\"},\"inLanguage\":\"en-US\",\"potentialAction\":[{\"@type\":\"ReadAction\",\"target\":[\"https:\\\/\\\/nutriagro.az\\\/mehsullar\\\/migma-root\\\/\"]}]},{\"@type\":\"ImageObject\",\"inLanguage\":\"en-US\",\"@id\":\"https:\\\/\\\/nutriagro.az\\\/mehsullar\\\/migma-root\\\/#primaryimage\",\"url\":\"https:\\\/\\\/nutriagro.az\\\/wp-content\\\/uploads\\\/2024\\\/10\\\/migma_root-scaled.webp\",\"contentUrl\":\"https:\\\/\\\/nutriagro.az\\\/wp-content\\\/uploads\\\/2024\\\/10\\\/migma_root-scaled.webp\",\"width\":1920,\"height\":2560,\"caption\":\"bitkis\u0259l m\u0259n\u015f\u0259li g\u00fcbr\u0259\"},{\"@type\":\"BreadcrumbList\",\"@id\":\"https:\\\/\\\/nutriagro.az\\\/mehsullar\\\/migma-root\\\/#breadcrumb\",\"itemListElement\":[{\"@type\":\"ListItem\",\"position\":1,\"name\":\"Home\",\"item\":\"https:\\\/\\\/nutriagro.az\\\/\"},{\"@type\":\"ListItem\",\"position\":2,\"name\":\"Products\",\"item\":\"https:\\\/\\\/nutriagro.az\\\/shop\\\/\"},{\"@type\":\"ListItem\",\"position\":3,\"name\":\"Migma Root G\u00fcbr\u0259si\"}]},{\"@type\":\"WebSite\",\"@id\":\"https:\\\/\\\/nutriagro.az\\\/#website\",\"url\":\"https:\\\/\\\/nutriagro.az\\\/\",\"name\":\"Nutri Agro\",\"description\":\"\",\"potentialAction\":[{\"@type\":\"SearchAction\",\"target\":{\"@type\":\"EntryPoint\",\"urlTemplate\":\"https:\\\/\\\/nutriagro.az\\\/?s={search_term_string}\"},\"query-input\":{\"@type\":\"PropertyValueSpecification\",\"valueRequired\":true,\"valueName\":\"search_term_string\"}}],\"inLanguage\":\"en-US\"}]}<\/script>\n<!-- \/ Yoast SEO plugin. -->","yoast_head_json":{"title":"Migma Root G\u00fcbr\u0259si - Nutri Agro","robots":{"index":"index","follow":"follow","max-snippet":"max-snippet:-1","max-image-preview":"max-image-preview:large","max-video-preview":"max-video-preview:-1"},"canonical":"https:\/\/nutriagro.az\/en\/mehsullar\/migma-root\/","og_locale":"en_US","og_type":"article","og_title":"Migma Root G\u00fcbr\u0259si - Nutri Agro","og_description":"Z\u018fMAN\u018fTL\u0130 M\u018fZMUN %W\/W   \u00dczvi Madd\u0259 45   \u00dczvi Karbon (C) 18   \u00dczvi Azot (N) 2   Suda h\u0259ll olunan kalium oksidi (K\u2082O) 4   Pulsuz amin tur\u015fular\u0131 4   pH 4-6","og_url":"https:\/\/nutriagro.az\/en\/mehsullar\/migma-root\/","og_site_name":"Nutri Agro","article_modified_time":"2025-12-11T12:34:08+00:00","og_image":[{"width":1920,"height":2560,"url":"https:\/\/nutriagro.az\/wp-content\/uploads\/2024\/10\/migma_root-scaled.webp","type":"image\/webp"}],"twitter_card":"summary_large_image","twitter_misc":{"Est. reading time":"1 minute"},"schema":{"@context":"https:\/\/schema.org","@graph":[{"@type":"WebPage","@id":"https:\/\/nutriagro.az\/mehsullar\/migma-root\/","url":"https:\/\/nutriagro.az\/mehsullar\/migma-root\/","name":"Migma Root G\u00fcbr\u0259si - Nutri Agro","isPartOf":{"@id":"https:\/\/nutriagro.az\/#website"},"primaryImageOfPage":{"@id":"https:\/\/nutriagro.az\/mehsullar\/migma-root\/#primaryimage"},"image":{"@id":"https:\/\/nutriagro.az\/mehsullar\/migma-root\/#primaryimage"},"thumbnailUrl":"https:\/\/nutriagro.az\/wp-content\/uploads\/2024\/10\/migma_root-scaled.webp","datePublished":"2025-12-10T12:05:43+00:00","dateModified":"2025-12-11T12:34:08+00:00","breadcrumb":{"@id":"https:\/\/nutriagro.az\/mehsullar\/migma-root\/#breadcrumb"},"inLanguage":"en-US","potentialAction":[{"@type":"ReadAction","target":["https:\/\/nutriagro.az\/mehsullar\/migma-root\/"]}]},{"@type":"ImageObject","inLanguage":"en-US","@id":"https:\/\/nutriagro.az\/mehsullar\/migma-root\/#primaryimage","url":"https:\/\/nutriagro.az\/wp-content\/uploads\/2024\/10\/migma_root-scaled.webp","contentUrl":"https:\/\/nutriagro.az\/wp-content\/uploads\/2024\/10\/migma_root-scaled.webp","width":1920,"height":2560,"caption":"bitkis\u0259l m\u0259n\u015f\u0259li g\u00fcbr\u0259"},{"@type":"BreadcrumbList","@id":"https:\/\/nutriagro.az\/mehsullar\/migma-root\/#breadcrumb","itemListElement":[{"@type":"ListItem","position":1,"name":"Home","item":"https:\/\/nutriagro.az\/"},{"@type":"ListItem","position":2,"name":"Products","item":"https:\/\/nutriagro.az\/shop\/"},{"@type":"ListItem","position":3,"name":"Migma Root G\u00fcbr\u0259si"}]},{"@type":"WebSite","@id":"https:\/\/nutriagro.az\/#website","url":"https:\/\/nutriagro.az\/","name":"Nutri Agro","description":"","potentialAction":[{"@type":"SearchAction","target":{"@type":"EntryPoint","urlTemplate":"https:\/\/nutriagro.az\/?s={search_term_string}"},"query-input":{"@type":"PropertyValueSpecification","valueRequired":true,"valueName":"search_term_string"}}],"inLanguage":"en-US"}]}},"jetpack_sharing_enabled":true,"_links":{"self":[{"href":"https:\/\/nutriagro.az\/en\/wp-json\/wp\/v2\/product\/3074","targetHints":{"allow":["GET"]}}],"collection":[{"href":"https:\/\/nutriagro.az\/en\/wp-json\/wp\/v2\/product"}],"about":[{"href":"https:\/\/nutriagro.az\/en\/wp-json\/wp\/v2\/types\/product"}],"wp:featuredmedia":[{"embeddable":true,"href":"https:\/\/nutriagro.az\/en\/wp-json\/wp\/v2\/media\/3069"}],"wp:attachment":[{"href":"https:\/\/nutriagro.az\/en\/wp-json\/wp\/v2\/media?parent=3074"}],"wp:term":[{"taxonomy":"product_brand","embeddable":true,"href":"https:\/\/nutriagro.az\/en\/wp-json\/wp\/v2\/product_brand?post=3074"},{"taxonomy":"product_cat","embeddable":true,"href":"https:\/\/nutriagro.az\/en\/wp-json\/wp\/v2\/product_cat?post=3074"},{"taxonomy":"product_tag","embeddable":true,"href":"https:\/\/nutriagro.az\/en\/wp-json\/wp\/v2\/product_tag?post=3074"}],"curies":[{"name":"wp","href":"https:\/\/api.w.org\/{rel}","templated":true}]}}