{"id":3072,"date":"2025-12-08T16:04:54","date_gmt":"2025-12-08T12:04:54","guid":{"rendered":"https:\/\/nutriagro.az\/?post_type=product&#038;p=3072"},"modified":"2025-12-11T16:10:27","modified_gmt":"2025-12-11T12:10:27","slug":"migma-aminado","status":"publish","type":"product","link":"https:\/\/nutriagro.az\/en\/mehsullar\/migma-aminado\/","title":{"rendered":"Migma Aminado G\u00fcbr\u0259si"},"content":{"rendered":"<p><strong>T\u018fTB\u0130Q SAH\u018fL\u018fR\u0130, \u00dcSULLARI, VAXTINI V\u018f K\u018fM\u0130YY\u018fT\u0130<\/strong><\/p>\n<p>T\u0259rkibind\u0259 amin tur\u015fular\u0131 olan bitki \u0259sasl\u0131 maye \u00fczvi g\u00fcbr\u0259<\/p>\n<p>&nbsp;<\/p>\n<table>\n<tbody>\n<tr>\n<td><strong>m\u0259hsul<\/strong><\/td>\n<td><strong>M\u00fcraci\u0259t m\u00fcdd\u0259ti<\/strong><\/td>\n<td><strong>Torpaq T\u0259tbiqi<\/strong><\/td>\n<td><strong>Yaprak t\u0259tbiqi<\/strong><\/td>\n<\/tr>\n<tr>\n<td>\u0130stixana v\u0259 a\u00e7\u0131q tarla t\u0259r\u0259v\u0259zl\u0259ri (pomidor, bib\u0259r, xiyar, bad\u0131mcan, lobya, \u00e7iy\u0259l\u0259k v\u0259 s.)<\/td>\n<td>Fidanlar\u0131n k\u00f6\u00e7\u00fcr\u00fclm\u0259sind\u0259n bir h\u0259ft\u0259 sonra ba\u015flayaraq\u00a0 ,\u00a0m\u0259hsul y\u0131\u011f\u0131m\u0131n sonuna q\u0259d\u0259r 15 g\u00fcn fasil\u0259l\u0259rl\u0259<br \/>\nt\u0259tbiq t\u0259krarlan\u0131r\u00a0 .<\/td>\n<td>1 &#8211; 2 L \/ Da<\/td>\n<td>150-200ml \/ 100L<\/td>\n<\/tr>\n<tr>\n<td>Q\u0131\u015f t\u0259r\u0259v\u0259zl\u0259ri (kah\u0131, k\u0259l\u0259m, ispanaq v\u0259 s.)<\/td>\n<td>Vegetasiya d\u00f6vr\u00fcnd\u0259 3-4 t\u0259tbiq<\/td>\n<td>1 &#8211; 2 L \/ Da<\/td>\n<td>150-200ml \/ 100L<\/td>\n<\/tr>\n<tr>\n<td>Yumru bitkil\u0259r (\u015f\u0259k\u0259r \u00e7u\u011funduru, kartof, so\u011fan v\u0259 s.)<\/td>\n<td>\u00c7apadan sonra bir t\u0259tbiq,<br \/>\n15-20 g\u00fcn sonra ikinci t\u0259tbiq.<\/td>\n<td>1 &#8211; 2 L \/ Da<\/td>\n<td>150-200ml \/ 100L<\/td>\n<\/tr>\n<tr>\n<td>Cuburbits (qovun, qarp\u0131z, balqabaq)<\/td>\n<td>\u00dcz\u00fcm b\u00f6y\u00fcm\u0259si, meyv\u0259 verm\u0259 v\u0259 vegetasiya d\u00f6vr\u00fcnd\u0259 3-4 t\u0259tbiq<\/td>\n<td>1 &#8211; 2 L \/ Da<\/td>\n<td>150-200ml \/ 100L<\/td>\n<\/tr>\n<tr>\n<td>Meyv\u0259 a\u011faclar\u0131 (\u015faftal\u0131, \u0259rik, albal\u0131, gaval\u0131, alma, armud, heyva, sitrus, zeytun, \u00fcz\u00fcm ba\u011f\u0131, f\u0131nd\u0131q, p\u00fcst\u0259 v\u0259 s.)<\/td>\n<td>Vegetasiya d\u00f6vr\u00fcnd\u0259 3-4 t\u0259tbiq<\/td>\n<td>1 &#8211; 2 L \/ Da<\/td>\n<td>150-200ml \/ 100L<\/td>\n<\/tr>\n<tr>\n<td>Banan<\/td>\n<td>\u018fkind\u0259n bir ay sonra ba\u015flay\u0131r v\u0259 vegetasiya d\u00f6vr\u00fcnd\u0259 \u00e7i\u00e7\u0259kl\u0259nm\u0259d\u0259n \u0259vv\u0259l v\u0259 sonra davam edir<\/td>\n<td>1 &#8211; 2 L \/ Da<\/td>\n<td>150-200ml \/ 100L<\/td>\n<\/tr>\n<tr>\n<td>S\u0259naye zavodlar\u0131 (pamb\u0131q, g\u00fcn\u0259baxan v\u0259 s.)<\/td>\n<td>Bitki boyu 15-20 sm olan\u00a0d\u00f6vrd\u0259n ba\u015flayaraq 2-3 t\u0259tbiq\u00a0 .<\/td>\n<td>1 &#8211; 2 L \/ Da<\/td>\n<td>150-200ml \/ 100L<\/td>\n<\/tr>\n<tr>\n<td>Paxlal\u0131lar (noxud, lobya, m\u0259rci, soya v\u0259 s.)<\/td>\n<td>B\u00f6y\u00fcm\u0259 d\u00f6vr\u00fcnd\u0259<\/td>\n<td>1 &#8211; 2 L \/ Da<\/td>\n<td>150-200ml \/ 100L<\/td>\n<\/tr>\n<tr>\n<td>Tax\u0131llar (qar\u011f\u0131dal\u0131, bu\u011fda, arpa, d\u00fcy\u00fc v\u0259 s.)<\/td>\n<td>B\u00f6y\u00fcm\u0259 d\u00f6vr\u00fcnd\u0259<\/td>\n<td>1 &#8211; 2 L \/ Da<\/td>\n<td>150-200ml \/ 100L<\/td>\n<\/tr>\n<tr>\n<td>K\u0259silmi\u015f \u00c7i\u00e7\u0259k<\/td>\n<td>B\u00f6y\u00fcm\u0259 d\u00f6vr\u00fcnd\u0259\u00a0h\u0259r 15-20 g\u00fcnd\u0259 t\u0259tbiq olunur\u00a0 .<\/td>\n<td>1 &#8211; 2 L \/ Da<\/td>\n<td>150-200ml \/ 100L<\/td>\n<\/tr>\n<tr>\n<td>\u00c7\u0259m\u0259n otlar<\/td>\n<td>B\u00f6y\u00fcm\u0259 d\u00f6vr\u00fcnd\u0259<\/td>\n<td>1 &#8211; 2 L \/ Da<\/td>\n<td>150-200ml \/ 100L<\/td>\n<\/tr>\n<\/tbody>\n<\/table>","protected":false},"excerpt":{"rendered":"<table>\n<tbody>\n<tr>\n<td><strong>Z\u018fMAN\u018fTL\u0130 M\u018fZMUN<\/strong><\/td>\n<td><strong>%W\/W<\/strong><\/td>\n<\/tr>\n<tr>\n<td>\u00dczvi Madd\u0259<\/td>\n<td>35<\/td>\n<\/tr>\n<tr>\n<td>\u00dczvi Karbon (C)<\/td>\n<td>15<\/td>\n<\/tr>\n<tr>\n<td>\u00dczvi Azot (N)<\/td>\n<td>1<\/td>\n<\/tr>\n<tr>\n<td>Suda h\u0259ll olunan kalium oksidi (K\u2082O)<\/td>\n<td>3<\/td>\n<\/tr>\n<tr>\n<td>Pulsuz amin tur\u015fular\u0131<\/td>\n<td>10<\/td>\n<\/tr>\n<tr>\n<td>pH<\/td>\n<td>4,5 &#8211; 6,5<\/td>\n<\/tr>\n<\/tbody>\n<\/table>","protected":false},"featured_media":3068,"template":"","meta":[],"product_brand":[],"product_cat":[64],"product_tag":[],"class_list":{"0":"post-3072","1":"product","2":"type-product","3":"status-publish","4":"has-post-thumbnail","6":"product_cat-orqanik-v-mineral-gubrlr","8":"first","9":"instock","10":"shipping-taxable","11":"product-type-simple"},"yoast_head":"<!-- This site is optimized with the Yoast SEO plugin v27.3 - https:\/\/yoast.com\/product\/yoast-seo-wordpress\/ -->\n<title>Migma Aminado G\u00fcbr\u0259si - Nutri Agro<\/title>\n<meta name=\"robots\" content=\"index, follow, max-snippet:-1, max-image-preview:large, max-video-preview:-1\" \/>\n<link rel=\"canonical\" href=\"https:\/\/nutriagro.az\/en\/mehsullar\/migma-aminado\/\" \/>\n<meta property=\"og:locale\" content=\"en_US\" \/>\n<meta property=\"og:type\" content=\"article\" \/>\n<meta property=\"og:title\" content=\"Migma Aminado G\u00fcbr\u0259si - Nutri Agro\" \/>\n<meta property=\"og:description\" content=\"Z\u018fMAN\u018fTL\u0130 M\u018fZMUN %W\/W   \u00dczvi Madd\u0259 35   \u00dczvi Karbon (C) 15   \u00dczvi Azot (N) 1   Suda h\u0259ll olunan kalium oksidi (K\u2082O) 3   Pulsuz amin tur\u015fular\u0131 10   pH 4,5 - 6,5\" \/>\n<meta property=\"og:url\" content=\"https:\/\/nutriagro.az\/en\/mehsullar\/migma-aminado\/\" \/>\n<meta property=\"og:site_name\" content=\"Nutri Agro\" \/>\n<meta property=\"article:modified_time\" content=\"2025-12-11T12:10:27+00:00\" \/>\n<meta property=\"og:image\" content=\"https:\/\/nutriagro.az\/wp-content\/uploads\/2024\/10\/migma_aminado-scaled.webp\" \/>\n\t<meta property=\"og:image:width\" content=\"1920\" \/>\n\t<meta property=\"og:image:height\" content=\"2560\" \/>\n\t<meta property=\"og:image:type\" content=\"image\/webp\" \/>\n<meta name=\"twitter:card\" content=\"summary_large_image\" \/>\n<meta name=\"twitter:label1\" content=\"Est. reading time\" \/>\n\t<meta name=\"twitter:data1\" content=\"2 minutes\" \/>\n<script type=\"application\/ld+json\" class=\"yoast-schema-graph\">{\"@context\":\"https:\\\/\\\/schema.org\",\"@graph\":[{\"@type\":\"WebPage\",\"@id\":\"https:\\\/\\\/nutriagro.az\\\/mehsullar\\\/migma-aminado\\\/\",\"url\":\"https:\\\/\\\/nutriagro.az\\\/mehsullar\\\/migma-aminado\\\/\",\"name\":\"Migma Aminado G\u00fcbr\u0259si - Nutri Agro\",\"isPartOf\":{\"@id\":\"https:\\\/\\\/nutriagro.az\\\/#website\"},\"primaryImageOfPage\":{\"@id\":\"https:\\\/\\\/nutriagro.az\\\/mehsullar\\\/migma-aminado\\\/#primaryimage\"},\"image\":{\"@id\":\"https:\\\/\\\/nutriagro.az\\\/mehsullar\\\/migma-aminado\\\/#primaryimage\"},\"thumbnailUrl\":\"https:\\\/\\\/nutriagro.az\\\/wp-content\\\/uploads\\\/2024\\\/10\\\/migma_aminado-scaled.webp\",\"datePublished\":\"2025-12-08T12:04:54+00:00\",\"dateModified\":\"2025-12-11T12:10:27+00:00\",\"breadcrumb\":{\"@id\":\"https:\\\/\\\/nutriagro.az\\\/mehsullar\\\/migma-aminado\\\/#breadcrumb\"},\"inLanguage\":\"en-US\",\"potentialAction\":[{\"@type\":\"ReadAction\",\"target\":[\"https:\\\/\\\/nutriagro.az\\\/mehsullar\\\/migma-aminado\\\/\"]}]},{\"@type\":\"ImageObject\",\"inLanguage\":\"en-US\",\"@id\":\"https:\\\/\\\/nutriagro.az\\\/mehsullar\\\/migma-aminado\\\/#primaryimage\",\"url\":\"https:\\\/\\\/nutriagro.az\\\/wp-content\\\/uploads\\\/2024\\\/10\\\/migma_aminado-scaled.webp\",\"contentUrl\":\"https:\\\/\\\/nutriagro.az\\\/wp-content\\\/uploads\\\/2024\\\/10\\\/migma_aminado-scaled.webp\",\"width\":1920,\"height\":2560,\"caption\":\"t\u0259bii m\u0259n\u015f\u0259li g\u00fcbr\u0259\"},{\"@type\":\"BreadcrumbList\",\"@id\":\"https:\\\/\\\/nutriagro.az\\\/mehsullar\\\/migma-aminado\\\/#breadcrumb\",\"itemListElement\":[{\"@type\":\"ListItem\",\"position\":1,\"name\":\"Home\",\"item\":\"https:\\\/\\\/nutriagro.az\\\/\"},{\"@type\":\"ListItem\",\"position\":2,\"name\":\"Products\",\"item\":\"https:\\\/\\\/nutriagro.az\\\/shop\\\/\"},{\"@type\":\"ListItem\",\"position\":3,\"name\":\"Migma Aminado G\u00fcbr\u0259si\"}]},{\"@type\":\"WebSite\",\"@id\":\"https:\\\/\\\/nutriagro.az\\\/#website\",\"url\":\"https:\\\/\\\/nutriagro.az\\\/\",\"name\":\"Nutri Agro\",\"description\":\"\",\"potentialAction\":[{\"@type\":\"SearchAction\",\"target\":{\"@type\":\"EntryPoint\",\"urlTemplate\":\"https:\\\/\\\/nutriagro.az\\\/?s={search_term_string}\"},\"query-input\":{\"@type\":\"PropertyValueSpecification\",\"valueRequired\":true,\"valueName\":\"search_term_string\"}}],\"inLanguage\":\"en-US\"}]}<\/script>\n<!-- \/ Yoast SEO plugin. -->","yoast_head_json":{"title":"Migma Aminado G\u00fcbr\u0259si - Nutri Agro","robots":{"index":"index","follow":"follow","max-snippet":"max-snippet:-1","max-image-preview":"max-image-preview:large","max-video-preview":"max-video-preview:-1"},"canonical":"https:\/\/nutriagro.az\/en\/mehsullar\/migma-aminado\/","og_locale":"en_US","og_type":"article","og_title":"Migma Aminado G\u00fcbr\u0259si - Nutri Agro","og_description":"Z\u018fMAN\u018fTL\u0130 M\u018fZMUN %W\/W   \u00dczvi Madd\u0259 35   \u00dczvi Karbon (C) 15   \u00dczvi Azot (N) 1   Suda h\u0259ll olunan kalium oksidi (K\u2082O) 3   Pulsuz amin tur\u015fular\u0131 10   pH 4,5 - 6,5","og_url":"https:\/\/nutriagro.az\/en\/mehsullar\/migma-aminado\/","og_site_name":"Nutri Agro","article_modified_time":"2025-12-11T12:10:27+00:00","og_image":[{"width":1920,"height":2560,"url":"https:\/\/nutriagro.az\/wp-content\/uploads\/2024\/10\/migma_aminado-scaled.webp","type":"image\/webp"}],"twitter_card":"summary_large_image","twitter_misc":{"Est. reading time":"2 minutes"},"schema":{"@context":"https:\/\/schema.org","@graph":[{"@type":"WebPage","@id":"https:\/\/nutriagro.az\/mehsullar\/migma-aminado\/","url":"https:\/\/nutriagro.az\/mehsullar\/migma-aminado\/","name":"Migma Aminado G\u00fcbr\u0259si - Nutri Agro","isPartOf":{"@id":"https:\/\/nutriagro.az\/#website"},"primaryImageOfPage":{"@id":"https:\/\/nutriagro.az\/mehsullar\/migma-aminado\/#primaryimage"},"image":{"@id":"https:\/\/nutriagro.az\/mehsullar\/migma-aminado\/#primaryimage"},"thumbnailUrl":"https:\/\/nutriagro.az\/wp-content\/uploads\/2024\/10\/migma_aminado-scaled.webp","datePublished":"2025-12-08T12:04:54+00:00","dateModified":"2025-12-11T12:10:27+00:00","breadcrumb":{"@id":"https:\/\/nutriagro.az\/mehsullar\/migma-aminado\/#breadcrumb"},"inLanguage":"en-US","potentialAction":[{"@type":"ReadAction","target":["https:\/\/nutriagro.az\/mehsullar\/migma-aminado\/"]}]},{"@type":"ImageObject","inLanguage":"en-US","@id":"https:\/\/nutriagro.az\/mehsullar\/migma-aminado\/#primaryimage","url":"https:\/\/nutriagro.az\/wp-content\/uploads\/2024\/10\/migma_aminado-scaled.webp","contentUrl":"https:\/\/nutriagro.az\/wp-content\/uploads\/2024\/10\/migma_aminado-scaled.webp","width":1920,"height":2560,"caption":"t\u0259bii m\u0259n\u015f\u0259li g\u00fcbr\u0259"},{"@type":"BreadcrumbList","@id":"https:\/\/nutriagro.az\/mehsullar\/migma-aminado\/#breadcrumb","itemListElement":[{"@type":"ListItem","position":1,"name":"Home","item":"https:\/\/nutriagro.az\/"},{"@type":"ListItem","position":2,"name":"Products","item":"https:\/\/nutriagro.az\/shop\/"},{"@type":"ListItem","position":3,"name":"Migma Aminado G\u00fcbr\u0259si"}]},{"@type":"WebSite","@id":"https:\/\/nutriagro.az\/#website","url":"https:\/\/nutriagro.az\/","name":"Nutri Agro","description":"","potentialAction":[{"@type":"SearchAction","target":{"@type":"EntryPoint","urlTemplate":"https:\/\/nutriagro.az\/?s={search_term_string}"},"query-input":{"@type":"PropertyValueSpecification","valueRequired":true,"valueName":"search_term_string"}}],"inLanguage":"en-US"}]}},"jetpack_sharing_enabled":true,"_links":{"self":[{"href":"https:\/\/nutriagro.az\/en\/wp-json\/wp\/v2\/product\/3072","targetHints":{"allow":["GET"]}}],"collection":[{"href":"https:\/\/nutriagro.az\/en\/wp-json\/wp\/v2\/product"}],"about":[{"href":"https:\/\/nutriagro.az\/en\/wp-json\/wp\/v2\/types\/product"}],"wp:featuredmedia":[{"embeddable":true,"href":"https:\/\/nutriagro.az\/en\/wp-json\/wp\/v2\/media\/3068"}],"wp:attachment":[{"href":"https:\/\/nutriagro.az\/en\/wp-json\/wp\/v2\/media?parent=3072"}],"wp:term":[{"taxonomy":"product_brand","embeddable":true,"href":"https:\/\/nutriagro.az\/en\/wp-json\/wp\/v2\/product_brand?post=3072"},{"taxonomy":"product_cat","embeddable":true,"href":"https:\/\/nutriagro.az\/en\/wp-json\/wp\/v2\/product_cat?post=3072"},{"taxonomy":"product_tag","embeddable":true,"href":"https:\/\/nutriagro.az\/en\/wp-json\/wp\/v2\/product_tag?post=3072"}],"curies":[{"name":"wp","href":"https:\/\/api.w.org\/{rel}","templated":true}]}}