{"id":66,"date":"2023-10-16T16:44:37","date_gmt":"2023-10-16T16:44:37","guid":{"rendered":"https:\/\/themeholy.com\/wordpress\/frutin\/?page_id=66"},"modified":"2025-12-09T01:07:32","modified_gmt":"2025-12-08T21:07:32","slug":"elaqe","status":"publish","type":"page","link":"https:\/\/nutriagro.az\/en\/elaqe\/","title":{"rendered":"\u018flaq\u0259"},"content":{"rendered":"<div data-elementor-type=\"wp-page\" data-elementor-id=\"66\" class=\"elementor elementor-66\" data-elementor-post-type=\"page\">\n\t\t\t\t<div class=\"elementor-element elementor-element-e15c340 e-flex e-con-boxed e-con e-parent\" data-id=\"e15c340\" data-element_type=\"container\" data-e-type=\"container\">\n\t\t\t\t\t<div class=\"e-con-inner\">\n\t\t<div class=\"elementor-element elementor-element-8a09486 e-con-full e-flex e-con e-child\" data-id=\"8a09486\" data-element_type=\"container\" data-e-type=\"container\">\n\t\t\r\n\t\t<div class=\"elementor-element elementor-element-1a417e0 elementor-widget__width-initial elementor-widget elementor-widget-frutinsectiontitle\" data-id=\"1a417e0\" data-element_type=\"widget\" data-e-type=\"widget\" data-widget_type=\"frutinsectiontitle.default\">\n\t\t\t\t<div class=\"elementor-widget-container\">\n\t\t\t\t\t\t\t<div class=\"title-area-wrap\">\r\n\t\t\t<div class=\"title-area mb-32\">\r\n\t\t\t\t\t\t\t\t<h2 class=\"sec-title\">\u018flaq\u0259 m\u0259lumatlar\u0131<\/h2><p class=\"sec-text\">Biziml\u0259 \u0259laq\u0259 saxlamaqdan \u00e7\u0259kinm\u0259yin.<\/p>\t\t\t<\/div>\r\n\t\t<\/div>\r\n\t\t\r\n\r\n\t\t\t\t\t<\/div>\n\t\t\t\t<\/div>\n\t\t\t\t<div class=\"elementor-element elementor-element-b99299d elementor-widget elementor-widget-frutincontactinfo\" data-id=\"b99299d\" data-element_type=\"widget\" data-e-type=\"widget\" data-widget_type=\"frutincontactinfo.default\">\n\t\t\t\t<div class=\"elementor-widget-container\">\n\t\t\t\t\t<div class=\"row gy-4 justify-content-center\"><div class=\"col-xl-3 col-lg-4 col-md-6\">\r\n\t\t\t\t\t\t<div class=\"contact-feature\">\r\n\t\t\t\t\t\t\t<div class=\"box-icon\"><i class=\"fal fa-location-dot\"><\/i><\/div>\r\n\t\t\t\t\t\t\t<div class=\"media-body\">\r\n\t\t\t\t\t\t\t\t<h3 class=\"box-title\">\u00dcnvan<\/h3>\r\n\t\t\t\t\t\t\t\t<p class=\"box-text\">Xa\u00e7maz \u015f\u0259h\u0259ri, Bak\u0131 prospekti<\/p>\r\n\t\t\t\t\t\t\t<\/div>\r\n\t\t\t\t\t\t<\/div>\r\n\t\t\t\t\t<\/div><div class=\"col-xl-3 col-lg-4 col-md-6\">\r\n\t\t\t\t\t\t<div class=\"contact-feature\">\r\n\t\t\t\t\t\t\t<div class=\"box-icon bg-theme2\"><i class=\"fas fa-phone\"><\/i><\/div>\r\n\t\t\t\t\t\t\t<div class=\"media-body\">\r\n\t\t\t\t\t\t\t\t<h3 class=\"box-title\">Telefon<\/h3>\r\n\t\t\t\t\t\t\t\t<p class=\"box-text\">\r\n\t\t\t\t\t\t\t\t\t<a href=\"tel:+994515909001\">+994 51 590 90 01<\/a>\r\n\t\t\t\t\t\t\t\t\t<a href=\"tel:\"><\/a>\r\n\t\t\t\t\t\t\t\t<\/p>\r\n\t\t\t\t\t\t\t<\/div>\r\n\t\t\t\t\t\t<\/div>\r\n\t\t\t\t\t<\/div><div class=\"col-xl-3 col-lg-4 col-md-6\">\r\n\t\t\t\t\t\t<div class=\"contact-feature\">\r\n\t\t\t\t\t\t\t<div class=\"box-icon bg-title\"><i class=\"fas fa-envelope\"><\/i><\/div>\r\n\t\t\t\t\t\t\t<div class=\"media-body\">\r\n\t\t\t\t\t\t\t\t<h3 class=\"box-title\">Email Address<\/h3>\r\n\t\t\t\t\t\t\t\t<p class=\"box-text\">\r\n\t\t\t\t\t\t\t\t\t<a href=\"mailto:info@nutriagro.az\">info@nutriagro.az<\/a>\r\n\t\t\t\t\t\t\t\t\t<a href=\"mailto:\"><\/a>\r\n\t\t\t\t\t\t\t\t<\/p>\r\n\t\t\t\t\t\t\t<\/div>\r\n\t\t\t\t\t\t<\/div>\r\n\t\t\t\t\t<\/div><div class=\"col-xl-3 col-lg-4 col-md-6\">\r\n                    <div class=\"contact-feature\">\r\n                        <div class=\"media-body\">\r\n                            <h3 class=\"box-title\">Sosial Media<\/h3>\r\n                            <div class=\"th-social\"><a  rel=\"nofollow\" href=\"https:\/\/www.facebook.com\"><i aria-hidden=\"true\" class=\"fab fa-facebook-f\"><\/i><\/a> <a  rel=\"nofollow\" href=\"https:\/\/www.instagram.com\"><i aria-hidden=\"true\" class=\"fab fa-instagram\"><\/i><\/a> <a  rel=\"nofollow\" href=\"https:\/\/www.twitter.com\"><i aria-hidden=\"true\" class=\"fab fa-twitter\"><\/i><\/a> <a  rel=\"nofollow\" href=\"https:\/\/www.linkedin.com\"><i aria-hidden=\"true\" class=\"fab fa-linkedin-in\"><\/i><\/a> <\/div>\r\n                        <\/div>\r\n                    <\/div>\r\n                <\/div>\r\n            <\/div>\t\t\t\t<\/div>\n\t\t\t\t<\/div>\n\t\t\t\t<div class=\"elementor-element elementor-element-0999121 elementor-widget elementor-widget-frutincontactform\" data-id=\"0999121\" data-element_type=\"widget\" data-e-type=\"widget\" data-widget_type=\"frutincontactform.default\">\n\t\t\t\t<div class=\"elementor-widget-container\">\n\t\t\t\t\t<div class=\"widget widget_quote\"><h3 class=\"widget_title\">\u018flaq\u0259 formu<\/h3>\n<div class=\"wpcf7 no-js\" id=\"wpcf7-f5-o1\" lang=\"en-US\" dir=\"ltr\" data-wpcf7-id=\"5\">\n<div class=\"screen-reader-response\"><p role=\"status\" aria-live=\"polite\" aria-atomic=\"true\"><\/p> <ul><\/ul><\/div>\n<form action=\"\/en\/wp-json\/wp\/v2\/pages\/66#wpcf7-f5-o1\" method=\"post\" class=\"wpcf7-form init\" aria-label=\"Contact form\" novalidate=\"novalidate\" data-status=\"init\" data-trp-original-action=\"\/en\/wp-json\/wp\/v2\/pages\/66#wpcf7-f5-o1\">\n<fieldset class=\"hidden-fields-container\"><input type=\"hidden\" name=\"_wpcf7\" value=\"5\" \/><input type=\"hidden\" name=\"_wpcf7_version\" value=\"6.1.5\" \/><input type=\"hidden\" name=\"_wpcf7_locale\" value=\"en_US\" \/><input type=\"hidden\" name=\"_wpcf7_unit_tag\" value=\"wpcf7-f5-o1\" \/><input type=\"hidden\" name=\"_wpcf7_container_post\" value=\"0\" \/><input type=\"hidden\" name=\"_wpcf7_posted_data_hash\" value=\"\" \/>\n<\/fieldset>\n<label> Ad, soyad\n    <span class=\"wpcf7-form-control-wrap\" data-name=\"your-name\"><input size=\"40\" maxlength=\"400\" class=\"wpcf7-form-control wpcf7-text wpcf7-validates-as-required\" autocomplete=\"name\" aria-required=\"true\" aria-invalid=\"false\" value=\"\" type=\"text\" name=\"your-name\" \/><\/span> <\/label>\n\n<label> E-po\u00e7t\n    <span class=\"wpcf7-form-control-wrap\" data-name=\"your-email\"><input size=\"40\" maxlength=\"400\" class=\"wpcf7-form-control wpcf7-email wpcf7-validates-as-required wpcf7-text wpcf7-validates-as-email\" autocomplete=\"email\" aria-required=\"true\" aria-invalid=\"false\" value=\"\" type=\"email\" name=\"your-email\" \/><\/span> <\/label>\n\n<label> M\u00f6vzu\n    <span class=\"wpcf7-form-control-wrap\" data-name=\"your-subject\"><input size=\"40\" maxlength=\"400\" class=\"wpcf7-form-control wpcf7-text wpcf7-validates-as-required\" aria-required=\"true\" aria-invalid=\"false\" value=\"\" type=\"text\" name=\"your-subject\" \/><\/span> <\/label>\n\n<label> Mesaj\n    <span class=\"wpcf7-form-control-wrap\" data-name=\"your-message\"><textarea cols=\"40\" rows=\"10\" maxlength=\"2000\" class=\"wpcf7-form-control wpcf7-textarea wpcf7-validates-as-required\" aria-required=\"true\" aria-invalid=\"false\" name=\"your-message\"><\/textarea><\/span> <\/label>\n\n<input class=\"wpcf7-form-control wpcf7-submit has-spinner\" type=\"submit\" value=\"G\u00f6nd\u0259r\" \/><div class=\"wpcf7-response-output\" aria-hidden=\"true\"><\/div>\n<input type=\"hidden\" name=\"trp-form-language\" value=\"en\"\/><\/form>\n<\/div>\n<\/div>\t\t\t\t<\/div>\n\t\t\t\t<\/div>\n\t\t\t\t<\/div>\n\t\t\t\t\t<\/div>\n\t\t\t\t<\/div>\n\t\t<div class=\"elementor-element elementor-element-389e3b2 e-flex e-con-boxed e-con e-parent\" data-id=\"389e3b2\" data-element_type=\"container\" data-e-type=\"container\">\n\t\t\t\t\t<div class=\"e-con-inner\">\n\t\t\t\t<div class=\"elementor-element elementor-element-c55bc37 contact-map elementor-widget elementor-widget-google_maps\" data-id=\"c55bc37\" data-element_type=\"widget\" data-e-type=\"widget\" data-widget_type=\"google_maps.default\">\n\t\t\t\t<div class=\"elementor-widget-container\">\n\t\t\t\t\t\t\t<div class=\"elementor-custom-embed\">\n\t\t\t<iframe loading=\"lazy\"\n\t\t\t\t\tsrc=\"https:\/\/maps.google.com\/maps?q=Xa%C3%A7maz%20%C5%9F%C9%99h%C9%99ri&#038;t=m&#038;z=13&#038;output=embed&#038;iwloc=near\"\n\t\t\t\t\ttitle=\"Xa\u00e7maz \u015f\u0259h\u0259ri\"\n\t\t\t\t\taria-label=\"Xa\u00e7maz \u015f\u0259h\u0259ri\"\n\t\t\t><\/iframe>\n\t\t<\/div>\n\t\t\t\t\t\t<\/div>\n\t\t\t\t<\/div>\n\t\t\t\t\t<\/div>\n\t\t\t\t<\/div>\n\t\t\t\t<\/div>","protected":false},"excerpt":{"rendered":"<p>\u018flaq\u0259 m\u0259lumatlar\u0131 Biziml\u0259 \u0259laq\u0259 saxlamaqdan \u00e7\u0259kinm\u0259yin. \u00dcnvan Xa\u00e7maz \u015f\u0259h\u0259ri, Bak\u0131 prospekti Telefon +994 51 590 90 01 Email Address info@nutriagro.az Sosial Media \u018flaq\u0259 formu Ad, soyad E-po\u00e7t M\u00f6vzu Mesaj<\/p>","protected":false},"author":1,"featured_media":0,"parent":0,"menu_order":0,"comment_status":"closed","ping_status":"closed","template":"template-builder.php","meta":{"footnotes":""},"class_list":["post-66","page","type-page","status-publish","hentry"],"yoast_head":"<!-- This site is optimized with the Yoast SEO plugin v27.4 - https:\/\/yoast.com\/product\/yoast-seo-wordpress\/ -->\n<title>\u018flaq\u0259 - Nutri Agro<\/title>\n<meta name=\"robots\" content=\"index, follow, max-snippet:-1, max-image-preview:large, max-video-preview:-1\" \/>\n<link rel=\"canonical\" href=\"https:\/\/nutriagro.az\/en\/elaqe\/\" \/>\n<meta property=\"og:locale\" content=\"en_US\" \/>\n<meta property=\"og:type\" content=\"article\" \/>\n<meta property=\"og:title\" content=\"\u018flaq\u0259 - Nutri Agro\" \/>\n<meta property=\"og:description\" content=\"\u018flaq\u0259 m\u0259lumatlar\u0131 Biziml\u0259 \u0259laq\u0259 saxlamaqdan \u00e7\u0259kinm\u0259yin. \u00dcnvan Xa\u00e7maz \u015f\u0259h\u0259ri, Bak\u0131 prospekti Telefon +994 51 590 90 01 Email Address info@nutriagro.az Sosial Media \u018flaq\u0259 formu Ad, soyad E-po\u00e7t M\u00f6vzu Mesaj\" \/>\n<meta property=\"og:url\" content=\"https:\/\/nutriagro.az\/en\/elaqe\/\" \/>\n<meta property=\"og:site_name\" content=\"Nutri Agro\" \/>\n<meta property=\"article:modified_time\" content=\"2025-12-08T21:07:32+00:00\" \/>\n<meta name=\"twitter:card\" content=\"summary_large_image\" \/>\n<meta name=\"twitter:label1\" content=\"Est. reading time\" \/>\n\t<meta name=\"twitter:data1\" content=\"1 minute\" \/>\n<script type=\"application\/ld+json\" class=\"yoast-schema-graph\">{\"@context\":\"https:\\\/\\\/schema.org\",\"@graph\":[{\"@type\":\"WebPage\",\"@id\":\"https:\\\/\\\/nutriagro.az\\\/elaqe\\\/\",\"url\":\"https:\\\/\\\/nutriagro.az\\\/elaqe\\\/\",\"name\":\"\u018flaq\u0259 - Nutri Agro\",\"isPartOf\":{\"@id\":\"https:\\\/\\\/nutriagro.az\\\/#website\"},\"datePublished\":\"2023-10-16T16:44:37+00:00\",\"dateModified\":\"2025-12-08T21:07:32+00:00\",\"breadcrumb\":{\"@id\":\"https:\\\/\\\/nutriagro.az\\\/elaqe\\\/#breadcrumb\"},\"inLanguage\":\"en-US\",\"potentialAction\":[{\"@type\":\"ReadAction\",\"target\":[\"https:\\\/\\\/nutriagro.az\\\/elaqe\\\/\"]}]},{\"@type\":\"BreadcrumbList\",\"@id\":\"https:\\\/\\\/nutriagro.az\\\/elaqe\\\/#breadcrumb\",\"itemListElement\":[{\"@type\":\"ListItem\",\"position\":1,\"name\":\"Home\",\"item\":\"https:\\\/\\\/nutriagro.az\\\/\"},{\"@type\":\"ListItem\",\"position\":2,\"name\":\"\u018flaq\u0259\"}]},{\"@type\":\"WebSite\",\"@id\":\"https:\\\/\\\/nutriagro.az\\\/#website\",\"url\":\"https:\\\/\\\/nutriagro.az\\\/\",\"name\":\"Nutri Agro\",\"description\":\"\",\"potentialAction\":[{\"@type\":\"SearchAction\",\"target\":{\"@type\":\"EntryPoint\",\"urlTemplate\":\"https:\\\/\\\/nutriagro.az\\\/?s={search_term_string}\"},\"query-input\":{\"@type\":\"PropertyValueSpecification\",\"valueRequired\":true,\"valueName\":\"search_term_string\"}}],\"inLanguage\":\"en-US\"}]}<\/script>\n<!-- \/ Yoast SEO plugin. -->","yoast_head_json":{"title":"\u018flaq\u0259 - Nutri Agro","robots":{"index":"index","follow":"follow","max-snippet":"max-snippet:-1","max-image-preview":"max-image-preview:large","max-video-preview":"max-video-preview:-1"},"canonical":"https:\/\/nutriagro.az\/en\/elaqe\/","og_locale":"en_US","og_type":"article","og_title":"\u018flaq\u0259 - Nutri Agro","og_description":"\u018flaq\u0259 m\u0259lumatlar\u0131 Biziml\u0259 \u0259laq\u0259 saxlamaqdan \u00e7\u0259kinm\u0259yin. \u00dcnvan Xa\u00e7maz \u015f\u0259h\u0259ri, Bak\u0131 prospekti Telefon +994 51 590 90 01 Email Address info@nutriagro.az Sosial Media \u018flaq\u0259 formu Ad, soyad E-po\u00e7t M\u00f6vzu Mesaj","og_url":"https:\/\/nutriagro.az\/en\/elaqe\/","og_site_name":"Nutri Agro","article_modified_time":"2025-12-08T21:07:32+00:00","twitter_card":"summary_large_image","twitter_misc":{"Est. reading time":"1 minute"},"schema":{"@context":"https:\/\/schema.org","@graph":[{"@type":"WebPage","@id":"https:\/\/nutriagro.az\/elaqe\/","url":"https:\/\/nutriagro.az\/elaqe\/","name":"\u018flaq\u0259 - Nutri Agro","isPartOf":{"@id":"https:\/\/nutriagro.az\/#website"},"datePublished":"2023-10-16T16:44:37+00:00","dateModified":"2025-12-08T21:07:32+00:00","breadcrumb":{"@id":"https:\/\/nutriagro.az\/elaqe\/#breadcrumb"},"inLanguage":"en-US","potentialAction":[{"@type":"ReadAction","target":["https:\/\/nutriagro.az\/elaqe\/"]}]},{"@type":"BreadcrumbList","@id":"https:\/\/nutriagro.az\/elaqe\/#breadcrumb","itemListElement":[{"@type":"ListItem","position":1,"name":"Home","item":"https:\/\/nutriagro.az\/"},{"@type":"ListItem","position":2,"name":"\u018flaq\u0259"}]},{"@type":"WebSite","@id":"https:\/\/nutriagro.az\/#website","url":"https:\/\/nutriagro.az\/","name":"Nutri Agro","description":"","potentialAction":[{"@type":"SearchAction","target":{"@type":"EntryPoint","urlTemplate":"https:\/\/nutriagro.az\/?s={search_term_string}"},"query-input":{"@type":"PropertyValueSpecification","valueRequired":true,"valueName":"search_term_string"}}],"inLanguage":"en-US"}]}},"jetpack_sharing_enabled":true,"_links":{"self":[{"href":"https:\/\/nutriagro.az\/en\/wp-json\/wp\/v2\/pages\/66","targetHints":{"allow":["GET"]}}],"collection":[{"href":"https:\/\/nutriagro.az\/en\/wp-json\/wp\/v2\/pages"}],"about":[{"href":"https:\/\/nutriagro.az\/en\/wp-json\/wp\/v2\/types\/page"}],"author":[{"embeddable":true,"href":"https:\/\/nutriagro.az\/en\/wp-json\/wp\/v2\/users\/1"}],"replies":[{"embeddable":true,"href":"https:\/\/nutriagro.az\/en\/wp-json\/wp\/v2\/comments?post=66"}],"version-history":[{"count":25,"href":"https:\/\/nutriagro.az\/en\/wp-json\/wp\/v2\/pages\/66\/revisions"}],"predecessor-version":[{"id":3368,"href":"https:\/\/nutriagro.az\/en\/wp-json\/wp\/v2\/pages\/66\/revisions\/3368"}],"wp:attachment":[{"href":"https:\/\/nutriagro.az\/en\/wp-json\/wp\/v2\/media?parent=66"}],"curies":[{"name":"wp","href":"https:\/\/api.w.org\/{rel}","templated":true}]}}