{"id":63,"date":"2023-10-16T16:44:09","date_gmt":"2023-10-16T16:44:09","guid":{"rendered":"https:\/\/themeholy.com\/wordpress\/frutin\/?page_id=63"},"modified":"2025-04-09T01:34:37","modified_gmt":"2025-04-08T21:34:37","slug":"haqqimizda","status":"publish","type":"page","link":"https:\/\/nutriagro.az\/en\/haqqimizda\/","title":{"rendered":"Haqq\u0131m\u0131zda"},"content":{"rendered":"<div data-elementor-type=\"wp-page\" data-elementor-id=\"63\" class=\"elementor elementor-63\" data-elementor-post-type=\"page\">\n\t\t\t\t<div class=\"elementor-element elementor-element-a9b3559 e-flex e-con-boxed e-con e-parent\" data-id=\"a9b3559\" data-element_type=\"container\" data-e-type=\"container\">\n\t\t\t\t\t<div class=\"e-con-inner\">\n\t\t<div class=\"elementor-element elementor-element-dcf45fa e-con-full e-flex e-con e-child\" data-id=\"dcf45fa\" data-element_type=\"container\" data-e-type=\"container\">\n\t\t\r\n\t\t<div class=\"elementor-element elementor-element-0078b0b elementor-widget elementor-widget-frutinsectiontitle\" data-id=\"0078b0b\" data-element_type=\"widget\" data-e-type=\"widget\" data-widget_type=\"frutinsectiontitle.default\">\n\t\t\t\t<div class=\"elementor-widget-container\">\n\t\t\t\t\t\t\t<div class=\"title-area-wrap\">\r\n\t\t\t<div class=\"title-area mb-32\">\r\n\t\t\t\t\t\t\t\t<p class=\"sec-text\">Nutri Agro, aqrar sah\u0259d\u0259 y\u00fcks\u0259k keyfiyy\u0259tli g\u00fcbr\u0259l\u0259rin v\u0259 bitki b\u0259sl\u0259m\u0259 v\u0259 qoruma vasit\u0259l\u0259rinin sat\u0131\u015f\u0131 il\u0259 m\u0259\u015f\u011ful olan, k\u0259nd t\u0259s\u0259rr\u00fcfat\u0131n\u0131n inki\u015faf\u0131na m\u00fch\u00fcm t\u00f6hf\u0259 ver\u0259n bir \u015firk\u0259tdir. \u015eirk\u0259timizin \u0259sas m\u0259qs\u0259di, fermerl\u0259r\u0259 v\u0259 t\u0259s\u0259rr\u00fcfat sahibl\u0259rin\u0259 m\u0259hsuldarl\u0131\u011f\u0131 art\u0131rmaq v\u0259 torpa\u011f\u0131n m\u00fcnbitliyini qorumaq \u00fc\u00e7\u00fcn \u0259n m\u00fcasir texnologiyalarla haz\u0131rlanm\u0131\u015f g\u00fcbr\u0259 n\u00f6vl\u0259ri v\u0259 bitki d\u0259rman vasit\u0259l\u0259ri t\u0259qdim etm\u0259kdir. Nutri Agro olaraq, ekoloji balans\u0131 qorumaqla yana\u015f\u0131, m\u0259hsulun keyfiyy\u0259tini v\u0259 miqdar\u0131n\u0131 art\u0131rma\u011fa d\u0259st\u0259k olmaq \u00fc\u00e7\u00fcn \u00e7al\u0131\u015f\u0131r\u0131q. Nutri Agro, \u00f6lk\u0259 daxilind\u0259 dilerlik xidm\u0259ti v\u0259 xaricd\u0259 \u00f6lk\u0259 distrib\u00fctorlu\u011fu xidm\u0259tl\u0259ri g\u00f6st\u0259r\u0259r\u0259k, m\u00fc\u015ft\u0259ril\u0259rimizin v\u0259 partnyorlar\u0131m\u0131z\u0131n maksimum m\u0259mnuniyy\u0259tini t\u0259min etm\u0259yi h\u0259d\u0259fl\u0259yir. M\u00fc\u015ft\u0259ril\u0259rimiz\u0259 f\u0259rdi yana\u015fma, m\u0259sl\u0259h\u0259t xidm\u0259tl\u0259ri v\u0259 effektiv g\u00fcbr\u0259l\u0259m\u0259 h\u0259ll\u0259ri t\u0259qdim ed\u0259r\u0259k, onlara \u0259n y\u00fcks\u0259k d\u0259y\u0259ri qazand\u0131rmaq \u00fc\u00e7\u00fcn \u00e7al\u0131\u015f\u0131r\u0131q. Bu prinsipl\u0259r \u00fcz\u0259rind\u0259 qurulmu\u015f f\u0259aliyy\u0259timiz, bizi aqrar sektorun apar\u0131c\u0131 \u015firk\u0259tl\u0259rind\u0259n birin\u0259 \u00e7evirmi\u015fdir. Nutri Agro olaraq, k\u0259nd t\u0259s\u0259rr\u00fcfat\u0131n\u0131n inki\u015faf\u0131na davaml\u0131 t\u00f6hf\u0259 verm\u0259y\u0259, m\u00fc\u015ft\u0259ril\u0259rimiz\u0259 y\u00fcks\u0259k keyfiyy\u0259tli m\u0259hsullar t\u0259qdim etm\u0259y\u0259 v\u0259 aqrar sektorda m\u00fcsb\u0259t d\u0259yi\u015fikliy\u0259 ilham verm\u0259y\u0259 davam ed\u0259c\u0259yik.<\/p>\t\t\t<\/div>\r\n\t\t<\/div>\r\n\t\t\r\n\r\n\t\t\t\t\t<\/div>\n\t\t\t\t<\/div>\n\t\t\t\t<\/div>\n\t\t\t\t\t<\/div>\n\t\t\t\t<\/div>\n\t\t<div class=\"elementor-element elementor-element-492416e e-flex e-con-boxed e-con e-parent\" data-id=\"492416e\" data-element_type=\"container\" data-e-type=\"container\">\n\t\t\t\t\t<div class=\"e-con-inner\">\n\t\t<div class=\"elementor-element elementor-element-7d19833 e-con-full e-flex e-con e-child\" data-id=\"7d19833\" data-element_type=\"container\" data-e-type=\"container\" data-settings=\"{&quot;background_background&quot;:&quot;classic&quot;}\">\n\t\t\t\t<div class=\"elementor-element elementor-element-0c2c2e7 elementor-widget elementor-widget-frutinsectiontitle\" data-id=\"0c2c2e7\" data-element_type=\"widget\" data-e-type=\"widget\" data-widget_type=\"frutinsectiontitle.default\">\n\t\t\t\t<div class=\"elementor-widget-container\">\n\t\t\t\t\t\t\t<div class=\"title-area-wrap\">\r\n\t\t\t<div class=\"title-area mb-32\">\r\n\t\t\t\t\t\t\t\t<h2 class=\"sec-title\">Vizyonumuz<\/h2><p class=\"sec-text\">Nutri Agro olaraq vizyonumuz, k\u0259nd t\u0259s\u0259rr\u00fcfat\u0131 sektorunda lider m\u00f6vqeyimizi m\u00f6hk\u0259ml\u0259ndir\u0259r\u0259k, m\u00fc\u015ft\u0259ril\u0259rimiz\u0259 v\u0259 t\u0259r\u0259fda\u015flar\u0131m\u0131za y\u00fcks\u0259k keyfiyy\u0259tli, innovativ v\u0259 ekoloji bax\u0131mdan davaml\u0131 m\u0259hsullar t\u0259qdim etm\u0259kdir. Biz aqrar sektorda m\u00fcsb\u0259t d\u0259yi\u015fiklikl\u0259r\u0259 ilham verm\u0259yi v\u0259 qlobal miqyasda k\u0259nd t\u0259s\u0259rr\u00fcfat\u0131n\u0131n inki\u015faf\u0131na davaml\u0131 t\u00f6hf\u0259 verm\u0259yi h\u0259d\u0259fl\u0259yirik. <\/p>\t\t\t<\/div>\r\n\t\t<\/div>\r\n\t\t\r\n\r\n\t\t\t\t\t<\/div>\n\t\t\t\t<\/div>\n\t\t\t\t<\/div>\n\t\t<div class=\"elementor-element elementor-element-c78b676 e-con-full e-flex e-con e-child\" data-id=\"c78b676\" data-element_type=\"container\" data-e-type=\"container\">\n\t\t\t\t<div class=\"elementor-element elementor-element-ac296cc elementor-widget elementor-widget-image\" data-id=\"ac296cc\" data-element_type=\"widget\" data-e-type=\"widget\" data-widget_type=\"image.default\">\n\t\t\t\t<div class=\"elementor-widget-container\">\n\t\t\t\t\t\t\t\t\t\t\t\t\t\t\t<img fetchpriority=\"high\" decoding=\"async\" width=\"1600\" height=\"1067\" src=\"https:\/\/nutriagro.az\/wp-content\/uploads\/2024\/10\/m4hf10boanfd70zy35tqsctavb7tesqx.webp\" class=\"attachment-full size-full wp-image-3004\" alt=\"\" srcset=\"https:\/\/nutriagro.az\/wp-content\/uploads\/2024\/10\/m4hf10boanfd70zy35tqsctavb7tesqx.webp 1600w, https:\/\/nutriagro.az\/wp-content\/uploads\/2024\/10\/m4hf10boanfd70zy35tqsctavb7tesqx-300x200.webp 300w, https:\/\/nutriagro.az\/wp-content\/uploads\/2024\/10\/m4hf10boanfd70zy35tqsctavb7tesqx-1024x683.webp 1024w, https:\/\/nutriagro.az\/wp-content\/uploads\/2024\/10\/m4hf10boanfd70zy35tqsctavb7tesqx-768x512.webp 768w, https:\/\/nutriagro.az\/wp-content\/uploads\/2024\/10\/m4hf10boanfd70zy35tqsctavb7tesqx-1536x1024.webp 1536w, https:\/\/nutriagro.az\/wp-content\/uploads\/2024\/10\/m4hf10boanfd70zy35tqsctavb7tesqx-600x400.webp 600w\" sizes=\"(max-width: 1600px) 100vw, 1600px\" \/>\t\t\t\t\t\t\t\t\t\t\t\t\t\t\t<\/div>\n\t\t\t\t<\/div>\n\t\t\t\t<\/div>\n\t\t\t\t\t<\/div>\n\t\t\t\t<\/div>\n\t\t<div class=\"elementor-element elementor-element-98764de e-flex e-con-boxed e-con e-parent\" data-id=\"98764de\" data-element_type=\"container\" data-e-type=\"container\">\n\t\t\t\t\t<div class=\"e-con-inner\">\n\t\t<div class=\"elementor-element elementor-element-55aee0a e-con-full e-flex e-con e-child\" data-id=\"55aee0a\" data-element_type=\"container\" data-e-type=\"container\">\n\t\t\t\t<div class=\"elementor-element elementor-element-0f150e1 elementor-widget elementor-widget-image\" data-id=\"0f150e1\" data-element_type=\"widget\" data-e-type=\"widget\" data-widget_type=\"image.default\">\n\t\t\t\t<div class=\"elementor-widget-container\">\n\t\t\t\t\t\t\t\t\t\t\t\t\t\t\t<img decoding=\"async\" width=\"2000\" height=\"1337\" src=\"https:\/\/nutriagro.az\/wp-content\/uploads\/2024\/10\/orig.webp\" class=\"attachment-full size-full wp-image-3003\" alt=\"\" srcset=\"https:\/\/nutriagro.az\/wp-content\/uploads\/2024\/10\/orig.webp 2000w, https:\/\/nutriagro.az\/wp-content\/uploads\/2024\/10\/orig-300x201.webp 300w, https:\/\/nutriagro.az\/wp-content\/uploads\/2024\/10\/orig-1024x685.webp 1024w, https:\/\/nutriagro.az\/wp-content\/uploads\/2024\/10\/orig-768x513.webp 768w, https:\/\/nutriagro.az\/wp-content\/uploads\/2024\/10\/orig-1536x1027.webp 1536w, https:\/\/nutriagro.az\/wp-content\/uploads\/2024\/10\/orig-600x401.webp 600w\" sizes=\"(max-width: 2000px) 100vw, 2000px\" \/>\t\t\t\t\t\t\t\t\t\t\t\t\t\t\t<\/div>\n\t\t\t\t<\/div>\n\t\t\t\t<\/div>\n\t\t<div class=\"elementor-element elementor-element-53917e1 e-con-full e-flex e-con e-child\" data-id=\"53917e1\" data-element_type=\"container\" data-e-type=\"container\" data-settings=\"{&quot;background_background&quot;:&quot;classic&quot;}\">\n\t\t\t\t<div class=\"elementor-element elementor-element-54c2373 elementor-widget elementor-widget-frutinsectiontitle\" data-id=\"54c2373\" data-element_type=\"widget\" data-e-type=\"widget\" data-widget_type=\"frutinsectiontitle.default\">\n\t\t\t\t<div class=\"elementor-widget-container\">\n\t\t\t\t\t\t\t<div class=\"title-area-wrap\">\r\n\t\t\t<div class=\"title-area mb-32\">\r\n\t\t\t\t\t\t\t\t<h2 class=\"sec-title\">Missiyam\u0131z<\/h2><p class=\"sec-text\">Missiyam\u0131z, fermerl\u0259r\u0259 v\u0259 t\u0259s\u0259rr\u00fcfat sahibl\u0259rin\u0259 torpa\u011f\u0131n m\u00fcnbitliyini qorumaq v\u0259 m\u0259hsuldarl\u0131\u011f\u0131 art\u0131rmaq \u00fc\u00e7\u00fcn \u0259n m\u00fcasir texnologiyalarla istehsal olunmu\u015f y\u00fcks\u0259k keyfiyy\u0259tli g\u00fcbr\u0259 n\u00f6vl\u0259ri v\u0259 bitki d\u0259rman vasit\u0259l\u0259ri t\u0259qdim etm\u0259kdir. Nutri Agro olaraq, ekoloji balans\u0131 qorumaqla yana\u015f\u0131, m\u00fc\u015ft\u0259ril\u0259rimiz\u0259 f\u0259rdi yana\u015fma, m\u0259sl\u0259h\u0259t xidm\u0259tl\u0259ri v\u0259 effektiv g\u00fcbr\u0259l\u0259m\u0259 h\u0259ll\u0259ri t\u0259qdim ed\u0259r\u0259k, onlar\u0131n ehtiyaclar\u0131n\u0131 qar\u015f\u0131lama\u011fa v\u0259 \u0259n y\u00fcks\u0259k d\u0259y\u0259ri qazand\u0131rma\u011fa \u00e7al\u0131\u015f\u0131r\u0131q. Biz, h\u0259m yerli, h\u0259m d\u0259 beyn\u0259lxalq t\u0259r\u0259fda\u015flar\u0131m\u0131zla g\u00fccl\u00fc v\u0259 etibarl\u0131 \u0259laq\u0259l\u0259r quraraq, k\u0259nd t\u0259s\u0259rr\u00fcfat\u0131n\u0131n inki\u015faf\u0131na davaml\u0131 \u015f\u0259kild\u0259 t\u00f6hf\u0259 verm\u0259k \u00fc\u00e7\u00fcn \u0259zml\u0259 \u00e7al\u0131\u015f\u0131r\u0131q.\n<\/p>\t\t\t<\/div>\r\n\t\t<\/div>\r\n\t\t\r\n\r\n\t\t\t\t\t<\/div>\n\t\t\t\t<\/div>\n\t\t\t\t<\/div>\n\t\t\t\t\t<\/div>\n\t\t\t\t<\/div>\n\t\t<div class=\"elementor-element elementor-element-eb0a51e e-flex e-con-boxed e-con e-parent\" data-id=\"eb0a51e\" data-element_type=\"container\" data-e-type=\"container\">\n\t\t\t\t\t<div class=\"e-con-inner\">\n\t\t<div class=\"elementor-element elementor-element-89a5bc3 e-con-full e-flex e-con e-child\" data-id=\"89a5bc3\" data-element_type=\"container\" data-e-type=\"container\">\n\t\t\t\t<div class=\"elementor-element elementor-element-b6b573a elementor-widget__width-initial elementor-widget elementor-widget-frutinsectiontitle\" data-id=\"b6b573a\" data-element_type=\"widget\" data-e-type=\"widget\" data-widget_type=\"frutinsectiontitle.default\">\n\t\t\t\t<div class=\"elementor-widget-container\">\n\t\t\t\t\t\t\t<div class=\"title-area-wrap\">\r\n\t\t\t<div class=\"title-area mb-32\">\r\n\t\t\t\t\t\t\t\t<h2 class=\"sec-title\">Niy\u0259 Biz?!<\/h2><p class=\"sec-text\">Nutri Agro olaraq, m\u00fc\u015ft\u0259ril\u0259rimiz\u0259 \u0259n m\u00fcasir texnologiyalarla haz\u0131rlanm\u0131\u015f, ekoloji c\u0259h\u0259td\u0259n davaml\u0131 v\u0259 m\u0259hsuldarl\u0131\u011f\u0131 art\u0131ran g\u00fcbr\u0259l\u0259r v\u0259 d\u0259rman vasit\u0259l\u0259ri t\u0259qdim edirik. Y\u00fcks\u0259k keyfiyy\u0259t, f\u0259rdi yana\u015fma v\u0259 pe\u015f\u0259kar m\u0259sl\u0259h\u0259t xidm\u0259tl\u0259rimizl\u0259 k\u0259nd t\u0259s\u0259rr\u00fcfat\u0131nda d\u0259y\u0259r yarad\u0131r\u0131q. T\u0259r\u0259fda\u015flar\u0131m\u0131zla g\u00fccl\u00fc v\u0259 etibarl\u0131 \u0259laq\u0259l\u0259r quraraq, h\u0259m yerli, h\u0259m d\u0259 beyn\u0259lxalq bazarlarda m\u00fc\u015ft\u0259ril\u0259rimizin ehtiyaclar\u0131n\u0131 qar\u015f\u0131lay\u0131r\u0131q.<\/p>\t\t\t<\/div>\r\n\t\t<\/div>\r\n\t\t\r\n\r\n\t\t\t\t\t<\/div>\n\t\t\t\t<\/div>\n\t\t\t\t<div class=\"elementor-element elementor-element-3f80080 elementor-widget elementor-widget-frutinfeatures\" data-id=\"3f80080\" data-element_type=\"widget\" data-e-type=\"widget\" data-widget_type=\"frutinfeatures.default\">\n\t\t\t\t<div class=\"elementor-widget-container\">\n\t\t\t\t\t<div class=\"service-feature-wrap\"><div class=\"service-feature\"><div class=\"media-body\"><h3 class=\"box-title\">Y\u00fcks\u0259k keyfiyy\u0259t<\/h3><p class=\"box-text\">\u018fn m\u00fcasir v\u0259 effektiv g\u00fcbr\u0259l\u0259r.<\/p><\/div><\/div><div class=\"service-feature\"><div class=\"media-body\"><h3 class=\"box-title\">Ekoloji balans<\/h3><p class=\"box-text\">T\u0259bi\u0259ti qoruyaraq m\u0259hsuldarl\u0131q art\u0131r\u0131r\u0131q.<\/p><\/div><\/div><div class=\"service-feature\"><div class=\"media-body\"><h3 class=\"box-title\">F\u0259rdi yana\u015fma<\/h3><p class=\"box-text\">H\u0259r m\u00fc\u015ft\u0259riy\u0259 x\u00fcsusi h\u0259ll\u0259r t\u0259qdim edirik.<\/p><\/div><\/div><div class=\"service-feature\"><div class=\"media-body\"><h3 class=\"box-title\">Pe\u015f\u0259kar d\u0259st\u0259k<\/h3><p class=\"box-text\">Siz\u0259 pe\u015f\u0259kar m\u0259sl\u0259h\u0259t xidm\u0259ti veririk.<\/p><\/div><\/div><\/div>\t\t\t\t<\/div>\n\t\t\t\t<\/div>\n\t\t\t\t<\/div>\n\t\t\t\t\t<\/div>\n\t\t\t\t<\/div>\n\t\t\t\t<\/div>","protected":false},"excerpt":{"rendered":"<p>Nutri Agro, aqrar sah\u0259d\u0259 y\u00fcks\u0259k keyfiyy\u0259tli g\u00fcbr\u0259l\u0259rin v\u0259 bitki b\u0259sl\u0259m\u0259 v\u0259 qoruma vasit\u0259l\u0259rinin sat\u0131\u015f\u0131 il\u0259 m\u0259\u015f\u011ful olan, k\u0259nd t\u0259s\u0259rr\u00fcfat\u0131n\u0131n inki\u015faf\u0131na m\u00fch\u00fcm t\u00f6hf\u0259 ver\u0259n bir \u015firk\u0259tdir. \u015eirk\u0259timizin \u0259sas m\u0259qs\u0259di, fermerl\u0259r\u0259 v\u0259 t\u0259s\u0259rr\u00fcfat sahibl\u0259rin\u0259 m\u0259hsuldarl\u0131\u011f\u0131 art\u0131rmaq v\u0259 torpa\u011f\u0131n m\u00fcnbitliyini qorumaq \u00fc\u00e7\u00fcn \u0259n m\u00fcasir texnologiyalarla haz\u0131rlanm\u0131\u015f g\u00fcbr\u0259 n\u00f6vl\u0259ri v\u0259 bitki d\u0259rman vasit\u0259l\u0259ri t\u0259qdim etm\u0259kdir. Nutri Agro olaraq, ekoloji&#8230;<\/p>","protected":false},"author":1,"featured_media":0,"parent":0,"menu_order":0,"comment_status":"closed","ping_status":"closed","template":"template-builder.php","meta":{"footnotes":""},"class_list":["post-63","page","type-page","status-publish","hentry"],"yoast_head":"<!-- This site is optimized with the Yoast SEO plugin v27.4 - https:\/\/yoast.com\/product\/yoast-seo-wordpress\/ -->\n<title>Haqq\u0131m\u0131zda - Nutri Agro<\/title>\n<meta name=\"robots\" content=\"index, follow, max-snippet:-1, max-image-preview:large, max-video-preview:-1\" \/>\n<link rel=\"canonical\" href=\"https:\/\/nutriagro.az\/en\/haqqimizda\/\" \/>\n<meta property=\"og:locale\" content=\"en_US\" \/>\n<meta property=\"og:type\" content=\"article\" \/>\n<meta property=\"og:title\" content=\"Haqq\u0131m\u0131zda - Nutri Agro\" \/>\n<meta property=\"og:description\" content=\"Nutri Agro, aqrar sah\u0259d\u0259 y\u00fcks\u0259k keyfiyy\u0259tli g\u00fcbr\u0259l\u0259rin v\u0259 bitki b\u0259sl\u0259m\u0259 v\u0259 qoruma vasit\u0259l\u0259rinin sat\u0131\u015f\u0131 il\u0259 m\u0259\u015f\u011ful olan, k\u0259nd t\u0259s\u0259rr\u00fcfat\u0131n\u0131n inki\u015faf\u0131na m\u00fch\u00fcm t\u00f6hf\u0259 ver\u0259n bir \u015firk\u0259tdir. \u015eirk\u0259timizin \u0259sas m\u0259qs\u0259di, fermerl\u0259r\u0259 v\u0259 t\u0259s\u0259rr\u00fcfat sahibl\u0259rin\u0259 m\u0259hsuldarl\u0131\u011f\u0131 art\u0131rmaq v\u0259 torpa\u011f\u0131n m\u00fcnbitliyini qorumaq \u00fc\u00e7\u00fcn \u0259n m\u00fcasir texnologiyalarla haz\u0131rlanm\u0131\u015f g\u00fcbr\u0259 n\u00f6vl\u0259ri v\u0259 bitki d\u0259rman vasit\u0259l\u0259ri t\u0259qdim etm\u0259kdir. Nutri Agro olaraq, ekoloji...\" \/>\n<meta property=\"og:url\" content=\"https:\/\/nutriagro.az\/en\/haqqimizda\/\" \/>\n<meta property=\"og:site_name\" content=\"Nutri Agro\" \/>\n<meta property=\"article:modified_time\" content=\"2025-04-08T21:34:37+00:00\" \/>\n<meta property=\"og:image\" content=\"https:\/\/nutriagro.az\/wp-content\/uploads\/2024\/10\/m4hf10boanfd70zy35tqsctavb7tesqx.webp\" \/>\n\t<meta property=\"og:image:width\" content=\"1600\" \/>\n\t<meta property=\"og:image:height\" content=\"1067\" \/>\n\t<meta property=\"og:image:type\" content=\"image\/webp\" \/>\n<meta name=\"twitter:card\" content=\"summary_large_image\" \/>\n<meta name=\"twitter:label1\" content=\"Est. reading time\" \/>\n\t<meta name=\"twitter:data1\" content=\"3 minutes\" \/>\n<script type=\"application\/ld+json\" class=\"yoast-schema-graph\">{\"@context\":\"https:\\\/\\\/schema.org\",\"@graph\":[{\"@type\":\"WebPage\",\"@id\":\"https:\\\/\\\/nutriagro.az\\\/haqqimizda\\\/\",\"url\":\"https:\\\/\\\/nutriagro.az\\\/haqqimizda\\\/\",\"name\":\"Haqq\u0131m\u0131zda - Nutri Agro\",\"isPartOf\":{\"@id\":\"https:\\\/\\\/nutriagro.az\\\/#website\"},\"primaryImageOfPage\":{\"@id\":\"https:\\\/\\\/nutriagro.az\\\/haqqimizda\\\/#primaryimage\"},\"image\":{\"@id\":\"https:\\\/\\\/nutriagro.az\\\/haqqimizda\\\/#primaryimage\"},\"thumbnailUrl\":\"https:\\\/\\\/nutriagro.az\\\/wp-content\\\/uploads\\\/2024\\\/10\\\/m4hf10boanfd70zy35tqsctavb7tesqx.webp\",\"datePublished\":\"2023-10-16T16:44:09+00:00\",\"dateModified\":\"2025-04-08T21:34:37+00:00\",\"breadcrumb\":{\"@id\":\"https:\\\/\\\/nutriagro.az\\\/haqqimizda\\\/#breadcrumb\"},\"inLanguage\":\"en-US\",\"potentialAction\":[{\"@type\":\"ReadAction\",\"target\":[\"https:\\\/\\\/nutriagro.az\\\/haqqimizda\\\/\"]}]},{\"@type\":\"ImageObject\",\"inLanguage\":\"en-US\",\"@id\":\"https:\\\/\\\/nutriagro.az\\\/haqqimizda\\\/#primaryimage\",\"url\":\"https:\\\/\\\/nutriagro.az\\\/wp-content\\\/uploads\\\/2024\\\/10\\\/m4hf10boanfd70zy35tqsctavb7tesqx.webp\",\"contentUrl\":\"https:\\\/\\\/nutriagro.az\\\/wp-content\\\/uploads\\\/2024\\\/10\\\/m4hf10boanfd70zy35tqsctavb7tesqx.webp\"},{\"@type\":\"BreadcrumbList\",\"@id\":\"https:\\\/\\\/nutriagro.az\\\/haqqimizda\\\/#breadcrumb\",\"itemListElement\":[{\"@type\":\"ListItem\",\"position\":1,\"name\":\"Home\",\"item\":\"https:\\\/\\\/nutriagro.az\\\/\"},{\"@type\":\"ListItem\",\"position\":2,\"name\":\"Haqq\u0131m\u0131zda\"}]},{\"@type\":\"WebSite\",\"@id\":\"https:\\\/\\\/nutriagro.az\\\/#website\",\"url\":\"https:\\\/\\\/nutriagro.az\\\/\",\"name\":\"Nutri Agro\",\"description\":\"\",\"potentialAction\":[{\"@type\":\"SearchAction\",\"target\":{\"@type\":\"EntryPoint\",\"urlTemplate\":\"https:\\\/\\\/nutriagro.az\\\/?s={search_term_string}\"},\"query-input\":{\"@type\":\"PropertyValueSpecification\",\"valueRequired\":true,\"valueName\":\"search_term_string\"}}],\"inLanguage\":\"en-US\"}]}<\/script>\n<!-- \/ Yoast SEO plugin. -->","yoast_head_json":{"title":"Haqq\u0131m\u0131zda - Nutri Agro","robots":{"index":"index","follow":"follow","max-snippet":"max-snippet:-1","max-image-preview":"max-image-preview:large","max-video-preview":"max-video-preview:-1"},"canonical":"https:\/\/nutriagro.az\/en\/haqqimizda\/","og_locale":"en_US","og_type":"article","og_title":"Haqq\u0131m\u0131zda - Nutri Agro","og_description":"Nutri Agro, aqrar sah\u0259d\u0259 y\u00fcks\u0259k keyfiyy\u0259tli g\u00fcbr\u0259l\u0259rin v\u0259 bitki b\u0259sl\u0259m\u0259 v\u0259 qoruma vasit\u0259l\u0259rinin sat\u0131\u015f\u0131 il\u0259 m\u0259\u015f\u011ful olan, k\u0259nd t\u0259s\u0259rr\u00fcfat\u0131n\u0131n inki\u015faf\u0131na m\u00fch\u00fcm t\u00f6hf\u0259 ver\u0259n bir \u015firk\u0259tdir. \u015eirk\u0259timizin \u0259sas m\u0259qs\u0259di, fermerl\u0259r\u0259 v\u0259 t\u0259s\u0259rr\u00fcfat sahibl\u0259rin\u0259 m\u0259hsuldarl\u0131\u011f\u0131 art\u0131rmaq v\u0259 torpa\u011f\u0131n m\u00fcnbitliyini qorumaq \u00fc\u00e7\u00fcn \u0259n m\u00fcasir texnologiyalarla haz\u0131rlanm\u0131\u015f g\u00fcbr\u0259 n\u00f6vl\u0259ri v\u0259 bitki d\u0259rman vasit\u0259l\u0259ri t\u0259qdim etm\u0259kdir. Nutri Agro olaraq, ekoloji...","og_url":"https:\/\/nutriagro.az\/en\/haqqimizda\/","og_site_name":"Nutri Agro","article_modified_time":"2025-04-08T21:34:37+00:00","og_image":[{"width":1600,"height":1067,"url":"https:\/\/nutriagro.az\/wp-content\/uploads\/2024\/10\/m4hf10boanfd70zy35tqsctavb7tesqx.webp","type":"image\/webp"}],"twitter_card":"summary_large_image","twitter_misc":{"Est. reading time":"3 minutes"},"schema":{"@context":"https:\/\/schema.org","@graph":[{"@type":"WebPage","@id":"https:\/\/nutriagro.az\/haqqimizda\/","url":"https:\/\/nutriagro.az\/haqqimizda\/","name":"Haqq\u0131m\u0131zda - Nutri Agro","isPartOf":{"@id":"https:\/\/nutriagro.az\/#website"},"primaryImageOfPage":{"@id":"https:\/\/nutriagro.az\/haqqimizda\/#primaryimage"},"image":{"@id":"https:\/\/nutriagro.az\/haqqimizda\/#primaryimage"},"thumbnailUrl":"https:\/\/nutriagro.az\/wp-content\/uploads\/2024\/10\/m4hf10boanfd70zy35tqsctavb7tesqx.webp","datePublished":"2023-10-16T16:44:09+00:00","dateModified":"2025-04-08T21:34:37+00:00","breadcrumb":{"@id":"https:\/\/nutriagro.az\/haqqimizda\/#breadcrumb"},"inLanguage":"en-US","potentialAction":[{"@type":"ReadAction","target":["https:\/\/nutriagro.az\/haqqimizda\/"]}]},{"@type":"ImageObject","inLanguage":"en-US","@id":"https:\/\/nutriagro.az\/haqqimizda\/#primaryimage","url":"https:\/\/nutriagro.az\/wp-content\/uploads\/2024\/10\/m4hf10boanfd70zy35tqsctavb7tesqx.webp","contentUrl":"https:\/\/nutriagro.az\/wp-content\/uploads\/2024\/10\/m4hf10boanfd70zy35tqsctavb7tesqx.webp"},{"@type":"BreadcrumbList","@id":"https:\/\/nutriagro.az\/haqqimizda\/#breadcrumb","itemListElement":[{"@type":"ListItem","position":1,"name":"Home","item":"https:\/\/nutriagro.az\/"},{"@type":"ListItem","position":2,"name":"Haqq\u0131m\u0131zda"}]},{"@type":"WebSite","@id":"https:\/\/nutriagro.az\/#website","url":"https:\/\/nutriagro.az\/","name":"Nutri Agro","description":"","potentialAction":[{"@type":"SearchAction","target":{"@type":"EntryPoint","urlTemplate":"https:\/\/nutriagro.az\/?s={search_term_string}"},"query-input":{"@type":"PropertyValueSpecification","valueRequired":true,"valueName":"search_term_string"}}],"inLanguage":"en-US"}]}},"jetpack_sharing_enabled":true,"_links":{"self":[{"href":"https:\/\/nutriagro.az\/en\/wp-json\/wp\/v2\/pages\/63","targetHints":{"allow":["GET"]}}],"collection":[{"href":"https:\/\/nutriagro.az\/en\/wp-json\/wp\/v2\/pages"}],"about":[{"href":"https:\/\/nutriagro.az\/en\/wp-json\/wp\/v2\/types\/page"}],"author":[{"embeddable":true,"href":"https:\/\/nutriagro.az\/en\/wp-json\/wp\/v2\/users\/1"}],"replies":[{"embeddable":true,"href":"https:\/\/nutriagro.az\/en\/wp-json\/wp\/v2\/comments?post=63"}],"version-history":[{"count":20,"href":"https:\/\/nutriagro.az\/en\/wp-json\/wp\/v2\/pages\/63\/revisions"}],"predecessor-version":[{"id":3240,"href":"https:\/\/nutriagro.az\/en\/wp-json\/wp\/v2\/pages\/63\/revisions\/3240"}],"wp:attachment":[{"href":"https:\/\/nutriagro.az\/en\/wp-json\/wp\/v2\/media?parent=63"}],"curies":[{"name":"wp","href":"https:\/\/api.w.org\/{rel}","templated":true}]}}