{"id":3148,"date":"2024-10-09T23:18:39","date_gmt":"2024-10-09T19:18:39","guid":{"rendered":"https:\/\/nutriagro.az\/?page_id=3148"},"modified":"2024-10-09T23:32:26","modified_gmt":"2024-10-09T19:32:26","slug":"muraciet","status":"publish","type":"page","link":"https:\/\/nutriagro.az\/en\/muraciet\/","title":{"rendered":"M\u00fcraci\u0259t"},"content":{"rendered":"<div data-elementor-type=\"wp-page\" data-elementor-id=\"3148\" class=\"elementor elementor-3148\" data-elementor-post-type=\"page\">\n\t\t\t\t<div class=\"elementor-element elementor-element-a1bc133 e-flex e-con-boxed e-con e-parent\" data-id=\"a1bc133\" data-element_type=\"container\" data-e-type=\"container\">\n\t\t\t\t\t<div class=\"e-con-inner\">\n\t\t\t\t<div class=\"elementor-element elementor-element-60521ae elementor-headline--style-rotate elementor-widget elementor-widget-animated-headline\" data-id=\"60521ae\" data-element_type=\"widget\" data-e-type=\"widget\" data-settings=\"{&quot;headline_style&quot;:&quot;rotate&quot;,&quot;rotating_text&quot;:&quot;M\\u00fcraci\\u0259t \\u00fc\\u00e7\\u00fcn formu doldurun!&quot;,&quot;animation_type&quot;:&quot;typing&quot;,&quot;loop&quot;:&quot;yes&quot;,&quot;rotate_iteration_delay&quot;:2500}\" data-widget_type=\"animated-headline.default\">\n\t\t\t\t<div class=\"elementor-widget-container\">\n\t\t\t\t\t\t\t<h3 class=\"elementor-headline elementor-headline-animation-type-typing elementor-headline-letters\">\n\t\t\t\t<span class=\"elementor-headline-dynamic-wrapper elementor-headline-text-wrapper\">\n\t\t\t\t\t<span class=\"elementor-headline-dynamic-text elementor-headline-text-active\">\n\t\t\t\tM\u00fcraci\u0259t&nbsp;\u00fc\u00e7\u00fcn&nbsp;formu&nbsp;doldurun!\t\t\t<\/span>\n\t\t\t\t\t\t<\/span>\n\t\t\t\t<\/h3>\n\t\t\t\t\t\t<\/div>\n\t\t\t\t<\/div>\n\t\t\r\n\t\t<div class=\"elementor-element elementor-element-8447c1e elementor-widget elementor-widget-frutincontactform\" data-id=\"8447c1e\" data-element_type=\"widget\" data-e-type=\"widget\" data-widget_type=\"frutincontactform.default\">\n\t\t\t\t<div class=\"elementor-widget-container\">\n\t\t\t\t\t<div class=\"contact-form input-smoke\">\n<div class=\"wpcf7 no-js\" id=\"wpcf7-f3157-o1\" lang=\"en-US\" dir=\"ltr\" data-wpcf7-id=\"3157\">\n<div class=\"screen-reader-response\"><p role=\"status\" aria-live=\"polite\" aria-atomic=\"true\"><\/p> <ul><\/ul><\/div>\n<form action=\"\/en\/wp-json\/wp\/v2\/pages\/3148#wpcf7-f3157-o1\" method=\"post\" class=\"wpcf7-form init\" aria-label=\"Contact form\" novalidate=\"novalidate\" data-status=\"init\" data-trp-original-action=\"\/en\/wp-json\/wp\/v2\/pages\/3148#wpcf7-f3157-o1\">\n<fieldset class=\"hidden-fields-container\"><input type=\"hidden\" name=\"_wpcf7\" value=\"3157\" \/><input type=\"hidden\" name=\"_wpcf7_version\" value=\"6.1.5\" \/><input type=\"hidden\" name=\"_wpcf7_locale\" value=\"en_US\" \/><input type=\"hidden\" name=\"_wpcf7_unit_tag\" value=\"wpcf7-f3157-o1\" \/><input type=\"hidden\" name=\"_wpcf7_container_post\" value=\"0\" \/><input type=\"hidden\" name=\"_wpcf7_posted_data_hash\" value=\"\" \/>\n<\/fieldset>\n<label> Ad, soyad:\n    <span class=\"wpcf7-form-control-wrap\" data-name=\"your-name\"><input size=\"40\" maxlength=\"400\" class=\"wpcf7-form-control wpcf7-text wpcf7-validates-as-required\" autocomplete=\"name\" aria-required=\"true\" aria-invalid=\"false\" value=\"\" type=\"text\" name=\"your-name\" \/><\/span> <\/label>\n\n<label> E-po\u00e7t:\n    <span class=\"wpcf7-form-control-wrap\" data-name=\"your-email\"><input size=\"40\" maxlength=\"400\" class=\"wpcf7-form-control wpcf7-email wpcf7-validates-as-required wpcf7-text wpcf7-validates-as-email\" autocomplete=\"email\" aria-required=\"true\" aria-invalid=\"false\" value=\"\" type=\"email\" name=\"your-email\" \/><\/span> <\/label>\n\n<label> M\u00fcraci\u0259tin m\u00f6vzusu:\n    <span class=\"wpcf7-form-control-wrap\" data-name=\"your-subject\"><input size=\"40\" maxlength=\"400\" class=\"wpcf7-form-control wpcf7-text wpcf7-validates-as-required\" aria-required=\"true\" aria-invalid=\"false\" value=\"\" type=\"text\" name=\"your-subject\" \/><\/span> <\/label>\n\n<label> M\u00fcraci\u0259tiniz:\n    <span class=\"wpcf7-form-control-wrap\" data-name=\"your-message\"><textarea cols=\"40\" rows=\"10\" maxlength=\"2000\" class=\"wpcf7-form-control wpcf7-textarea wpcf7-validates-as-required\" aria-required=\"true\" aria-invalid=\"false\" name=\"your-message\"><\/textarea><\/span> <\/label>\n\n<input class=\"wpcf7-form-control wpcf7-submit has-spinner\" type=\"submit\" value=\"G\u00f6nd\u0259r\" \/><div class=\"wpcf7-response-output\" aria-hidden=\"true\"><\/div>\n<input type=\"hidden\" name=\"trp-form-language\" value=\"en\"\/><\/form>\n<\/div>\n<\/div>\t\t\t\t<\/div>\n\t\t\t\t<\/div>\n\t\t\t\t\t<\/div>\n\t\t\t\t<\/div>\n\t\t\t\t<\/div>","protected":false},"excerpt":{"rendered":"<p>M\u00fcraci\u0259t&nbsp;\u00fc\u00e7\u00fcn&nbsp;formu&nbsp;doldurun! Ad, soyad: E-po\u00e7t: M\u00fcraci\u0259tin m\u00f6vzusu: M\u00fcraci\u0259tiniz:<\/p>","protected":false},"author":1,"featured_media":0,"parent":0,"menu_order":0,"comment_status":"closed","ping_status":"closed","template":"","meta":{"footnotes":""},"class_list":["post-3148","page","type-page","status-publish","hentry"],"yoast_head":"<!-- This site is optimized with the Yoast SEO plugin v27.4 - https:\/\/yoast.com\/product\/yoast-seo-wordpress\/ -->\n<title>M\u00fcraci\u0259t - Nutri Agro<\/title>\n<meta name=\"robots\" content=\"index, follow, max-snippet:-1, max-image-preview:large, max-video-preview:-1\" \/>\n<link rel=\"canonical\" href=\"https:\/\/nutriagro.az\/en\/muraciet\/\" \/>\n<meta property=\"og:locale\" content=\"en_US\" \/>\n<meta property=\"og:type\" content=\"article\" \/>\n<meta property=\"og:title\" content=\"M\u00fcraci\u0259t - Nutri Agro\" \/>\n<meta property=\"og:description\" content=\"M\u00fcraci\u0259t&nbsp;\u00fc\u00e7\u00fcn&nbsp;formu&nbsp;doldurun! Ad, soyad: E-po\u00e7t: M\u00fcraci\u0259tin m\u00f6vzusu: M\u00fcraci\u0259tiniz:\" \/>\n<meta property=\"og:url\" content=\"https:\/\/nutriagro.az\/en\/muraciet\/\" \/>\n<meta property=\"og:site_name\" content=\"Nutri Agro\" \/>\n<meta property=\"article:modified_time\" content=\"2024-10-09T19:32:26+00:00\" \/>\n<meta name=\"twitter:card\" content=\"summary_large_image\" \/>\n<script type=\"application\/ld+json\" class=\"yoast-schema-graph\">{\"@context\":\"https:\\\/\\\/schema.org\",\"@graph\":[{\"@type\":\"WebPage\",\"@id\":\"https:\\\/\\\/nutriagro.az\\\/muraciet\\\/\",\"url\":\"https:\\\/\\\/nutriagro.az\\\/muraciet\\\/\",\"name\":\"M\u00fcraci\u0259t - Nutri Agro\",\"isPartOf\":{\"@id\":\"https:\\\/\\\/nutriagro.az\\\/#website\"},\"datePublished\":\"2024-10-09T19:18:39+00:00\",\"dateModified\":\"2024-10-09T19:32:26+00:00\",\"breadcrumb\":{\"@id\":\"https:\\\/\\\/nutriagro.az\\\/muraciet\\\/#breadcrumb\"},\"inLanguage\":\"en-US\",\"potentialAction\":[{\"@type\":\"ReadAction\",\"target\":[\"https:\\\/\\\/nutriagro.az\\\/muraciet\\\/\"]}]},{\"@type\":\"BreadcrumbList\",\"@id\":\"https:\\\/\\\/nutriagro.az\\\/muraciet\\\/#breadcrumb\",\"itemListElement\":[{\"@type\":\"ListItem\",\"position\":1,\"name\":\"Home\",\"item\":\"https:\\\/\\\/nutriagro.az\\\/\"},{\"@type\":\"ListItem\",\"position\":2,\"name\":\"M\u00fcraci\u0259t\"}]},{\"@type\":\"WebSite\",\"@id\":\"https:\\\/\\\/nutriagro.az\\\/#website\",\"url\":\"https:\\\/\\\/nutriagro.az\\\/\",\"name\":\"Nutri Agro\",\"description\":\"\",\"potentialAction\":[{\"@type\":\"SearchAction\",\"target\":{\"@type\":\"EntryPoint\",\"urlTemplate\":\"https:\\\/\\\/nutriagro.az\\\/?s={search_term_string}\"},\"query-input\":{\"@type\":\"PropertyValueSpecification\",\"valueRequired\":true,\"valueName\":\"search_term_string\"}}],\"inLanguage\":\"en-US\"}]}<\/script>\n<!-- \/ Yoast SEO plugin. -->","yoast_head_json":{"title":"M\u00fcraci\u0259t - Nutri Agro","robots":{"index":"index","follow":"follow","max-snippet":"max-snippet:-1","max-image-preview":"max-image-preview:large","max-video-preview":"max-video-preview:-1"},"canonical":"https:\/\/nutriagro.az\/en\/muraciet\/","og_locale":"en_US","og_type":"article","og_title":"M\u00fcraci\u0259t - Nutri Agro","og_description":"M\u00fcraci\u0259t&nbsp;\u00fc\u00e7\u00fcn&nbsp;formu&nbsp;doldurun! Ad, soyad: E-po\u00e7t: M\u00fcraci\u0259tin m\u00f6vzusu: M\u00fcraci\u0259tiniz:","og_url":"https:\/\/nutriagro.az\/en\/muraciet\/","og_site_name":"Nutri Agro","article_modified_time":"2024-10-09T19:32:26+00:00","twitter_card":"summary_large_image","schema":{"@context":"https:\/\/schema.org","@graph":[{"@type":"WebPage","@id":"https:\/\/nutriagro.az\/muraciet\/","url":"https:\/\/nutriagro.az\/muraciet\/","name":"M\u00fcraci\u0259t - Nutri Agro","isPartOf":{"@id":"https:\/\/nutriagro.az\/#website"},"datePublished":"2024-10-09T19:18:39+00:00","dateModified":"2024-10-09T19:32:26+00:00","breadcrumb":{"@id":"https:\/\/nutriagro.az\/muraciet\/#breadcrumb"},"inLanguage":"en-US","potentialAction":[{"@type":"ReadAction","target":["https:\/\/nutriagro.az\/muraciet\/"]}]},{"@type":"BreadcrumbList","@id":"https:\/\/nutriagro.az\/muraciet\/#breadcrumb","itemListElement":[{"@type":"ListItem","position":1,"name":"Home","item":"https:\/\/nutriagro.az\/"},{"@type":"ListItem","position":2,"name":"M\u00fcraci\u0259t"}]},{"@type":"WebSite","@id":"https:\/\/nutriagro.az\/#website","url":"https:\/\/nutriagro.az\/","name":"Nutri Agro","description":"","potentialAction":[{"@type":"SearchAction","target":{"@type":"EntryPoint","urlTemplate":"https:\/\/nutriagro.az\/?s={search_term_string}"},"query-input":{"@type":"PropertyValueSpecification","valueRequired":true,"valueName":"search_term_string"}}],"inLanguage":"en-US"}]}},"jetpack_sharing_enabled":true,"_links":{"self":[{"href":"https:\/\/nutriagro.az\/en\/wp-json\/wp\/v2\/pages\/3148","targetHints":{"allow":["GET"]}}],"collection":[{"href":"https:\/\/nutriagro.az\/en\/wp-json\/wp\/v2\/pages"}],"about":[{"href":"https:\/\/nutriagro.az\/en\/wp-json\/wp\/v2\/types\/page"}],"author":[{"embeddable":true,"href":"https:\/\/nutriagro.az\/en\/wp-json\/wp\/v2\/users\/1"}],"replies":[{"embeddable":true,"href":"https:\/\/nutriagro.az\/en\/wp-json\/wp\/v2\/comments?post=3148"}],"version-history":[{"count":8,"href":"https:\/\/nutriagro.az\/en\/wp-json\/wp\/v2\/pages\/3148\/revisions"}],"predecessor-version":[{"id":3160,"href":"https:\/\/nutriagro.az\/en\/wp-json\/wp\/v2\/pages\/3148\/revisions\/3160"}],"wp:attachment":[{"href":"https:\/\/nutriagro.az\/en\/wp-json\/wp\/v2\/media?parent=3148"}],"curies":[{"name":"wp","href":"https:\/\/api.w.org\/{rel}","templated":true}]}}